{"id":3,"date":"2025-05-21T00:14:02","date_gmt":"2025-05-21T00:14:02","guid":{"rendered":"http:\/\/sc-materiels.com\/?page_id=3"},"modified":"2025-05-21T14:53:46","modified_gmt":"2025-05-21T14:53:46","slug":"privacy-policy","status":"publish","type":"page","link":"https:\/\/sc-materiels.com\/de\/privacy-policy\/","title":{"rendered":"Datenschutzrichtlinie"},"content":{"rendered":"<p><strong>ARTIKEL 1 \u2013 ERFASSTE PERSONENBEZOGENE DATEN<\/strong><\/p>\n\n\n\n<p>Wenn Sie in unserem Shop etwas kaufen, erfassen wir im Rahmen des Kauf- und Verkaufsprozesses die pers\u00f6nlichen Daten, die Sie uns mitteilen, wie beispielsweise Ihren Namen, Ihre Adresse und Ihre E-Mail-Adresse.<\/p>\n\n\n\n<p>Wenn Sie in unserem Shop st\u00f6bern, erhalten wir au\u00dferdem automatisch die Internetprotokoll-Adresse (IP-Adresse) Ihres Computers, um uns Informationen bereitzustellen, die uns dabei helfen, mehr \u00fcber Ihren Browser und Ihr Betriebssystem zu erfahren.<\/p>\n\n\n\n<p>E-Mail-Marketing (falls zutreffend): Mit Ihrer Erlaubnis senden wir Ihnen m\u00f6glicherweise E-Mails \u00fcber unseren Shop, neue Produkte und andere Updates.<\/p>\n\n\n\n<p><strong>ARTIKEL 2 \u2013 ZUSTIMMUNG<\/strong><\/p>\n\n\n\n<p>Wie erhalten Sie meine Zustimmung?<\/p>\n\n\n\n<p>Wenn wir Sie aus irgendeinem Grund, beispielsweise zu Marketingzwecken, nach Ihren pers\u00f6nlichen Daten fragen, werden wir Sie entweder direkt um Ihre ausdr\u00fcckliche Zustimmung bitten oder Ihnen die M\u00f6glichkeit geben, Nein zu sagen.<\/p>\n\n\n\n<p>Wie kann ich meine Einwilligung widerrufen?<\/p>\n\n\n\n<p>Wenn Sie Ihre Meinung \u00e4ndern, nachdem Sie uns Ihre Einwilligung erteilt haben, und nicht l\u00e4nger damit einverstanden sind, dass wir Sie kontaktieren, Ihre Daten erfassen oder offenlegen, k\u00f6nnen Sie uns dies mitteilen, indem Sie uns unter info@sc-materiels.com oder per Post an folgende Adresse kontaktieren: <strong>SOCI\u00c9T\u00c9 CENTRALE DE MAT\u00c9RIEL<\/strong><\/p>\n\n\n\n<p><strong><br>ARTIKEL 3 \u2013 OFFENLEGUNG<\/strong><\/p>\n\n\n\n<p>Wir k\u00f6nnen Ihre personenbezogenen Daten offenlegen, wenn wir gesetzlich dazu verpflichtet sind oder wenn Sie gegen unsere Servicebedingungen versto\u00dfen.<\/p>\n\n\n\n<p><strong>ARTIKEL 4 \u2013 Unser Gesch\u00e4ft<\/strong><\/p>\n\n\n\n<p>Unser Shop wird von HOSTPAPA gehostet. HOSTPAPA stellt uns die Online-E-Commerce-Plattform zur Verf\u00fcgung, \u00fcber die wir Ihnen unsere Dienstleistungen und Produkte verkaufen k\u00f6nnen.<\/p>\n\n\n\n<p>Ihre Daten werden im Datenspeichersystem und in Datenbanken sowie in der allgemeinen Anwendung gespeichert. Ihre Daten werden auf einem sicheren Server hinter einer Firewall gespeichert.<\/p>\n\n\n\n<p>Zahlung:<\/p>\n\n\n\n<p><strong>Bank\u00fcberweisung<\/strong>\u00a0: Unsere Bankverbindung erhalten Sie nach Best\u00e4tigung Ihrer Bestellung.<\/p>\n\n\n\n<p>Weitere Informationen finden Sie in den Nutzungsbedingungen hier oder in der Datenschutzrichtlinie hier.<\/p>\n\n\n\n<p><strong>ARTIKEL 5 \u2013 VON DRITTANBIETERN BEREITGESTELLTE DIENSTE<\/strong><\/p>\n\n\n\n<p>Im Allgemeinen werden die von uns eingesetzten Drittanbieter Ihre Daten nur in dem Umfang erheben, verwenden und weitergeben, der erforderlich ist, damit sie die von ihnen f\u00fcr uns bereitgestellten Dienste erbringen k\u00f6nnen.<\/p>\n\n\n\n<p>Bestimmte Drittanbieter, wie etwa Zahlungsgateways und andere Zahlungsabwicklungsdienstleister, haben jedoch ihre eigenen Datenschutzrichtlinien in Bezug auf die Informationen, die wir ihnen f\u00fcr Ihre kaufbezogenen Transaktionen zur Verf\u00fcgung stellen m\u00fcssen.<\/p>\n\n\n\n<p>Wir empfehlen Ihnen, die Datenschutzrichtlinien dieser Anbieter zu lesen, damit Sie verstehen, wie Ihre personenbezogenen Daten von diesen Anbietern behandelt werden.<\/p>\n\n\n\n<p>Bitte beachten Sie insbesondere, dass bestimmte Anbieter ihren Sitz oder ihre Niederlassungen in einer anderen Rechtsordnung haben k\u00f6nnen als Sie oder wir. Wenn Sie sich f\u00fcr eine Transaktion entscheiden, die die Dienste eines Drittanbieters in Anspruch nimmt, unterliegen Ihre Daten m\u00f6glicherweise den Gesetzen der Rechtsordnung(en), in der sich dieser Anbieter oder seine Niederlassungen befinden.<\/p>\n\n\n\n<p>Sobald Sie die Website unseres Shops verlassen oder auf eine Website oder Anwendung eines Drittanbieters weitergeleitet werden, unterliegen Sie nicht mehr dieser Datenschutzrichtlinie oder den Servicebedingungen unserer Website.<\/p>\n\n\n\n<p>Links<\/p>\n\n\n\n<p>Wenn Sie auf Links auf unserer Website klicken, werden Sie m\u00f6glicherweise von unserer Website weggeleitet. Wir sind nicht f\u00fcr die Datenschutzpraktiken anderer Websites verantwortlich und empfehlen Ihnen, deren Datenschutzerkl\u00e4rungen zu lesen.<\/p>\n\n\n\n<p><strong>ARTIKEL 6 \u2013 SICHERHEIT<\/strong><\/p>\n\n\n\n<p>Zum Schutz Ihrer personenbezogenen Daten ergreifen wir angemessene Vorkehrungen und befolgen die bew\u00e4hrten Verfahren der Branche, um sicherzustellen, dass diese nicht unangemessen verloren gehen, missbraucht, abgerufen, offengelegt, ver\u00e4ndert oder zerst\u00f6rt werden.<\/p>\n\n\n\n<p>Hier ist eine Liste der von uns verwendeten Cookies. Wir haben sie hier aufgelistet, damit Sie ausw\u00e4hlen k\u00f6nnen, ob Sie sie zulassen m\u00f6chten oder nicht.<\/p>\n\n\n\n<p>_session_id, eindeutige Sitzungskennung, erm\u00f6glicht es uns, Informationen zu Ihrer Sitzung zu speichern (Referrer, Zielseite usw.).<\/p>\n\n\n\n<p>Es werden keine Daten gespeichert. Die Daten bleiben 30 Minuten nach dem letzten Besuch bestehen. Wird vom internen Statistik-Tracking-System unseres Website-Anbieters verwendet, um die Anzahl der Besuche aufzuzeichnen.<\/p>\n\n\n\n<p>Keine Daten gespeichert, l\u00e4uft um Mitternacht (bezogen auf den Standort des Besuchers) des n\u00e4chsten Tages ab. Berechnet die Anzahl der Besuche eines einzelnen Kunden in einem Gesch\u00e4ft.<\/p>\n\n\n\n<p>Warenkorb, eindeutige Kennung, 2 Wochen lang g\u00fcltig, speichert Informationen zu Ihrem Warenkorb.<\/p>\n\n\n\n<p>_Mein Konto, eindeutige Sitzungskennung<\/p>\n\n\n\n<p>storefront_digest, eindeutige Kennung, nicht definiert. Wenn der Store \u00fcber ein Kennwort verf\u00fcgt, wird dies verwendet, um zu bestimmen, ob der aktuelle Besucher Zugriff hat.<\/p>\n\n\n\n<p><strong>ARTIKEL 7 \u2013 VOLLJ\u00c4HRIGKEIT<\/strong><\/p>\n\n\n\n<p>Durch die Nutzung dieser Site erkl\u00e4ren Sie, dass Sie in Ihrem Wohnsitzstaat oder -provinz mindestens vollj\u00e4hrig sind oder dass Sie in Ihrem Wohnsitzstaat oder -provinz vollj\u00e4hrig sind und uns Ihr Einverst\u00e4ndnis gegeben haben, dass Ihre minderj\u00e4hrigen Angeh\u00f6rigen diese Site nutzen d\u00fcrfen.<\/p>\n\n\n\n<p><strong>ARTIKEL 8 \u2013 \u00c4NDERUNGEN DIESER DATENSCHUTZERKL\u00c4RUNG<\/strong><\/p>\n\n\n\n<p>Wir behalten uns das Recht vor, diese Datenschutzrichtlinie jederzeit zu \u00e4ndern. Bitte \u00fcberpr\u00fcfen Sie sie daher regelm\u00e4\u00dfig. \u00c4nderungen und Klarstellungen treten unmittelbar nach ihrer Ver\u00f6ffentlichung auf der Website in Kraft. Sollten wir wesentliche \u00c4nderungen an dieser Richtlinie vornehmen, informieren wir Sie hier \u00fcber die Aktualisierung, damit Sie wissen, welche Informationen wir erheben, wie wir sie verwenden und unter welchen Umst\u00e4nden wir sie gegebenenfalls verwenden und\/oder weitergeben.<\/p>\n\n\n\n<p>Wenn unser Gesch\u00e4ft von einem anderen Unternehmen \u00fcbernommen wird oder mit einem anderen Unternehmen fusioniert, werden Ihre Daten m\u00f6glicherweise an die neuen Eigent\u00fcmer \u00fcbertragen, damit wir Ihnen weiterhin Produkte verkaufen k\u00f6nnen.<\/p>\n\n\n\n<p><strong>FRAGEN UND KONTAKTINFORMATIONEN<\/strong><\/p>\n\n\n\n<p>Wenn Sie auf die von uns \u00fcber Sie gespeicherten personenbezogenen Daten zugreifen, diese korrigieren, erg\u00e4nzen oder l\u00f6schen, eine Beschwerde einreichen oder einfach weitere Informationen w\u00fcnschen, wenden Sie sich an unseren Datenschutzbeauftragten unter info@sc-materiels.com oder per Post an SC MATERIELS.<\/p>","protected":false},"excerpt":{"rendered":"<p>ARTICLE 1 \u2013 RENSEIGNEMENTS PERSONNELS RECUEILLIS Lorsque vous effectuez un achat sur notre boutique, dans le cadre de notre processus [&hellip;]<\/p>","protected":false},"author":1,"featured_media":0,"parent":0,"menu_order":0,"comment_status":"closed","ping_status":"open","template":"","meta":{"inline_featured_image":false,"site-sidebar-layout":"default","site-content-layout":"","ast-site-content-layout":"default","site-content-style":"default","site-sidebar-style":"default","ast-global-header-display":"","ast-banner-title-visibility":"","ast-main-header-display":"","ast-hfb-above-header-display":"","ast-hfb-below-header-display":"","ast-hfb-mobile-header-display":"","site-post-title":"","ast-breadcrumbs-content":"","ast-featured-img":"","footer-sml-layout":"","ast-disable-related-posts":"","theme-transparent-header-meta":"","adv-header-id-meta":"","stick-header-meta":"","header-above-stick-meta":"","header-main-stick-meta":"","header-below-stick-meta":"","astra-migrate-meta-layouts":"default","ast-page-background-enabled":"default","ast-page-background-meta":{"desktop":{"background-color":"var(--ast-global-color-5)","background-image":"","background-repeat":"repeat","background-position":"center center","background-size":"auto","background-attachment":"scroll","background-type":"","background-media":"","overlay-type":"","overlay-color":"","overlay-opacity":"","overlay-gradient":""},"tablet":{"background-color":"","background-image":"","background-repeat":"repeat","background-position":"center center","background-size":"auto","background-attachment":"scroll","background-type":"","background-media":"","overlay-type":"","overlay-color":"","overlay-opacity":"","overlay-gradient":""},"mobile":{"background-color":"","background-image":"","background-repeat":"repeat","background-position":"center center","background-size":"auto","background-attachment":"scroll","background-type":"","background-media":"","overlay-type":"","overlay-color":"","overlay-opacity":"","overlay-gradient":""}},"ast-content-background-meta":{"desktop":{"background-color":"var(--ast-global-color-4)","background-image":"","background-repeat":"repeat","background-position":"center center","background-size":"auto","background-attachment":"scroll","background-type":"","background-media":"","overlay-type":"","overlay-color":"","overlay-opacity":"","overlay-gradient":""},"tablet":{"background-color":"var(--ast-global-color-4)","background-image":"","background-repeat":"repeat","background-position":"center center","background-size":"auto","background-attachment":"scroll","background-type":"","background-media":"","overlay-type":"","overlay-color":"","overlay-opacity":"","overlay-gradient":""},"mobile":{"background-color":"var(--ast-global-color-4)","background-image":"","background-repeat":"repeat","background-position":"center center","background-size":"auto","background-attachment":"scroll","background-type":"","background-media":"","overlay-type":"","overlay-color":"","overlay-opacity":"","overlay-gradient":""}},"footnotes":""},"class_list":["post-3","page","type-page","status-publish","hentry"],"aioseo_notices":[],"_links":{"self":[{"href":"https:\/\/sc-materiels.com\/de\/wp-json\/wp\/v2\/pages\/3","targetHints":{"allow":["GET"]}}],"collection":[{"href":"https:\/\/sc-materiels.com\/de\/wp-json\/wp\/v2\/pages"}],"about":[{"href":"https:\/\/sc-materiels.com\/de\/wp-json\/wp\/v2\/types\/page"}],"author":[{"embeddable":true,"href":"https:\/\/sc-materiels.com\/de\/wp-json\/wp\/v2\/users\/1"}],"replies":[{"embeddable":true,"href":"https:\/\/sc-materiels.com\/de\/wp-json\/wp\/v2\/comments?post=3"}],"version-history":[{"count":3,"href":"https:\/\/sc-materiels.com\/de\/wp-json\/wp\/v2\/pages\/3\/revisions"}],"predecessor-version":[{"id":153,"href":"https:\/\/sc-materiels.com\/de\/wp-json\/wp\/v2\/pages\/3\/revisions\/153"}],"wp:attachment":[{"href":"https:\/\/sc-materiels.com\/de\/wp-json\/wp\/v2\/media?parent=3"}],"curies":[{"name":"wp","href":"https:\/\/api.w.org\/{rel}","templated":true}]}}