{"id":37,"date":"2025-05-21T08:04:19","date_gmt":"2025-05-21T08:04:19","guid":{"rendered":"https:\/\/olive-nightingale-776915.hostingersite.com\/?page_id=37"},"modified":"2025-05-21T12:32:20","modified_gmt":"2025-05-21T12:32:20","slug":"livraison-et-transport","status":"publish","type":"page","link":"https:\/\/sc-materiels.com\/de\/livraison-et-transport\/","title":{"rendered":"Lieferung und Transport"},"content":{"rendered":"<p class=\"translation-block\">Bei SC MATERIELS bieten wir Ihnen einen zuverl\u00e4ssigen und schnellen Transportservice f\u00fcr die Lieferung Ihrer Ausr\u00fcstung. Egal, ob Sie einen Baggerlader, einen Minibagger, einen LKW, einen Teleskoplader oder Zubeh\u00f6r kaufen \u2013 wir setzen alles daran, die Lieferung unter optimalen Bedingungen und p\u00fcnktlich zu gew\u00e4hrleisten.<\/p>\n\n\n\n<h4 class=\"wp-block-heading\"><strong>Lieferbedingungen<\/strong><\/h4>\n\n\n\n<ol class=\"wp-block-list\">\n<li><strong>Lieferung nach Hause oder auf die Baustelle<\/strong><br>Wir bieten ein&nbsp;<strong>Lieferung an die Adresse Ihrer Wahl<\/strong>, ob bei Ihnen zu Hause, auf Ihrer Baustelle oder an jeder anderen in Ihrer Bestellung angegebenen Adresse. Wir passen uns Ihren Bed\u00fcrfnissen an, um Ihnen einen ma\u00dfgeschneiderten Service zu bieten.<\/li>\n\n\n\n<li><strong>Transportkosten<\/strong><br>Die Versandkosten berechnen sich nach&nbsp;<strong>Lieferort<\/strong>&nbsp;und die&nbsp;<strong>Art der Ausr\u00fcstung<\/strong>Um \u00dcberraschungen zu vermeiden, werden diese Kosten bei der Best\u00e4tigung Ihrer Bestellung oder in Ihrem Angebot deutlich angegeben.<\/li>\n\n\n\n<li><strong>Spezialtransporte f\u00fcr Schwermaschinen<\/strong><br>Angesichts der Gr\u00f6\u00dfe und des Gewichts einiger unserer Produkte, wie Baggerlader und Teleskoplader, verwenden wir&nbsp;<strong>spezialisierte Transportunternehmen<\/strong>&nbsp;um sicherzustellen, dass Ihre Ausr\u00fcstung sicher ankommt. Unsere Partner sind geschult und ausger\u00fcstet, um mit schweren und sperrigen Maschinen mit gr\u00f6\u00dfter Sorgfalt umzugehen.<\/li>\n<\/ol>\n\n\n\n<h4 class=\"wp-block-heading\"><strong>Lieferzeiten<\/strong><\/h4>\n\n\n\n<ul class=\"wp-block-list\">\n<li><strong>Standardverz\u00f6gerung<\/strong>&nbsp;: Die Lieferzeiten betragen in der Regel&nbsp;<strong>5 bis 20 Tage<\/strong>&nbsp;ab Eingang der Anzahlung, abh\u00e4ngig von der Ger\u00e4teverf\u00fcgbarkeit und dem Lieferort.<\/li>\n\n\n\n<li><strong>Expresslieferung<\/strong>&nbsp;: Wenn Sie einen dringenden Bedarf haben, kontaktieren Sie uns, um die M\u00f6glichkeiten zu pr\u00fcfen.&nbsp;<strong>Expressversand<\/strong>&nbsp;oder beschleunigt. Wir werden unser Bestes tun, um Ihre Terminanforderungen einzuhalten.<\/li>\n<\/ul>\n\n\n\n<h4 class=\"wp-block-heading\"><strong>Sendungsverfolgung<\/strong><\/h4>\n\n\n\n<p>Wir bem\u00fchen uns, Sie in jeder Phase des Lieferprozesses auf dem Laufenden zu halten. Sobald Ihre Bestellung versandt wurde, erhalten Sie eine&nbsp;<strong>Versandbest\u00e4tigungs-E-Mail<\/strong>&nbsp;mit dem&nbsp;<strong>Tracking-Nummer<\/strong>&nbsp;Ihres Pakets, um die Lieferung Ihrer Ausr\u00fcstung in Echtzeit zu verfolgen. Bei Fragen zur Lieferung k\u00f6nnen Sie sich auch an unseren Kundenservice wenden.<\/p>\n\n\n\n<h4 class=\"wp-block-heading\"><strong>Versicherung und Sicherheit<\/strong><\/h4>\n\n\n\n<p>Alle unsere Sendungen sind&nbsp;<strong>versichert<\/strong>&nbsp;gegen Transportrisiken wie m\u00f6gliche Besch\u00e4digung oder Verlust. Wir sorgen daf\u00fcr, dass Ihre Ausr\u00fcstung in dem Zustand bei Ihnen eintrifft, in dem Sie sie bestellt haben. Sollte bei Erhalt ein Problem auftreten, benachrichtigen Sie uns bitte so schnell wie m\u00f6glich, damit wir die notwendigen Ma\u00dfnahmen ergreifen k\u00f6nnen.<\/p>\n\n\n\n<h4 class=\"wp-block-heading\"><strong>Auftragseingang<\/strong><\/h4>\n\n\n\n<p>Nach Erhalt Ihrer Bestellung empfehlen wir Ihnen, den Zustand des Ger\u00e4ts sorgf\u00e4ltig zu \u00fcberpr\u00fcfen. Sollten Sie Sch\u00e4den feststellen, bitte&nbsp;<strong>sofort melden<\/strong>&nbsp;Melden Sie dem Spediteur etwaige Unregelm\u00e4\u00dfigkeiten und informieren Sie uns dar\u00fcber. So k\u00f6nnen wir schnell auf die Situation reagieren und eine passende L\u00f6sung finden.<\/p>\n\n\n\n<h4 class=\"wp-block-heading\"><strong>Fragen und Kontakt<\/strong><\/h4>\n\n\n\n<p>Wenn Sie Fragen zur Lieferung, Lieferzeiten oder andere spezielle W\u00fcnsche haben, z\u00f6gern Sie bitte nicht, uns unter <strong>info@sc-materiels.com<\/strong> Unser Team hilft Ihnen gerne in jeder Phase Ihrer Bestellung.<\/p>","protected":false},"excerpt":{"rendered":"<p>Chez&nbsp;SC MATERIELS, nous nous engageons \u00e0 vous fournir un service de transport fiable et rapide pour la livraison de vos [&hellip;]<\/p>","protected":false},"author":1,"featured_media":0,"parent":0,"menu_order":0,"comment_status":"closed","ping_status":"closed","template":"","meta":{"inline_featured_image":false,"site-sidebar-layout":"default","site-content-layout":"","ast-site-content-layout":"default","site-content-style":"default","site-sidebar-style":"default","ast-global-header-display":"","ast-banner-title-visibility":"","ast-main-header-display":"","ast-hfb-above-header-display":"","ast-hfb-below-header-display":"","ast-hfb-mobile-header-display":"","site-post-title":"","ast-breadcrumbs-content":"","ast-featured-img":"","footer-sml-layout":"","ast-disable-related-posts":"","theme-transparent-header-meta":"","adv-header-id-meta":"","stick-header-meta":"","header-above-stick-meta":"","header-main-stick-meta":"","header-below-stick-meta":"","astra-migrate-meta-layouts":"default","ast-page-background-enabled":"default","ast-page-background-meta":{"desktop":{"background-color":"var(--ast-global-color-5)","background-image":"","background-repeat":"repeat","background-position":"center center","background-size":"auto","background-attachment":"scroll","background-type":"","background-media":"","overlay-type":"","overlay-color":"","overlay-opacity":"","overlay-gradient":""},"tablet":{"background-color":"","background-image":"","background-repeat":"repeat","background-position":"center center","background-size":"auto","background-attachment":"scroll","background-type":"","background-media":"","overlay-type":"","overlay-color":"","overlay-opacity":"","overlay-gradient":""},"mobile":{"background-color":"","background-image":"","background-repeat":"repeat","background-position":"center center","background-size":"auto","background-attachment":"scroll","background-type":"","background-media":"","overlay-type":"","overlay-color":"","overlay-opacity":"","overlay-gradient":""}},"ast-content-background-meta":{"desktop":{"background-color":"var(--ast-global-color-4)","background-image":"","background-repeat":"repeat","background-position":"center center","background-size":"auto","background-attachment":"scroll","background-type":"","background-media":"","overlay-type":"","overlay-color":"","overlay-opacity":"","overlay-gradient":""},"tablet":{"background-color":"var(--ast-global-color-4)","background-image":"","background-repeat":"repeat","background-position":"center center","background-size":"auto","background-attachment":"scroll","background-type":"","background-media":"","overlay-type":"","overlay-color":"","overlay-opacity":"","overlay-gradient":""},"mobile":{"background-color":"var(--ast-global-color-4)","background-image":"","background-repeat":"repeat","background-position":"center center","background-size":"auto","background-attachment":"scroll","background-type":"","background-media":"","overlay-type":"","overlay-color":"","overlay-opacity":"","overlay-gradient":""}},"footnotes":""},"class_list":["post-37","page","type-page","status-publish","hentry"],"aioseo_notices":[],"_links":{"self":[{"href":"https:\/\/sc-materiels.com\/de\/wp-json\/wp\/v2\/pages\/37","targetHints":{"allow":["GET"]}}],"collection":[{"href":"https:\/\/sc-materiels.com\/de\/wp-json\/wp\/v2\/pages"}],"about":[{"href":"https:\/\/sc-materiels.com\/de\/wp-json\/wp\/v2\/types\/page"}],"author":[{"embeddable":true,"href":"https:\/\/sc-materiels.com\/de\/wp-json\/wp\/v2\/users\/1"}],"replies":[{"embeddable":true,"href":"https:\/\/sc-materiels.com\/de\/wp-json\/wp\/v2\/comments?post=37"}],"version-history":[{"count":4,"href":"https:\/\/sc-materiels.com\/de\/wp-json\/wp\/v2\/pages\/37\/revisions"}],"predecessor-version":[{"id":141,"href":"https:\/\/sc-materiels.com\/de\/wp-json\/wp\/v2\/pages\/37\/revisions\/141"}],"wp:attachment":[{"href":"https:\/\/sc-materiels.com\/de\/wp-json\/wp\/v2\/media?parent=37"}],"curies":[{"name":"wp","href":"https:\/\/api.w.org\/{rel}","templated":true}]}}