{"id":42,"date":"2025-05-21T08:06:24","date_gmt":"2025-05-21T08:06:24","guid":{"rendered":"https:\/\/olive-nightingale-776915.hostingersite.com\/?page_id=42"},"modified":"2025-05-21T14:30:41","modified_gmt":"2025-05-21T14:30:41","slug":"mentions-legales","status":"publish","type":"page","link":"https:\/\/sc-materiels.com\/de\/mentions-legales\/","title":{"rendered":"Rechtliche Hinweise"},"content":{"rendered":"<ol class=\"wp-block-list\">\n<li><strong>Allgemeine Informationen<\/strong>\u00a0Die Website\u00a0<strong>www.sc-materiels.com<\/strong> (nachfolgend \u201edie Site\u201c) wird betrieben von\u00a0<strong>SOCI\u00c9T\u00c9 CENTRALE DE MAT\u00c9RIEL<\/strong>, Offene Handelsgesellschaft mit einem Kapital von\u00a0<strong>150 000,00 \u20ac<\/strong>mit Hauptsitz in:<\/li>\n<\/ol>\n\n\n\n<p><strong>1973 Rue Sorins, 92000 NANTERRE, France<\/strong><\/p>\n\n\n\n<p>Eingetragen im Handels- und Gesellschaftsregister von&nbsp;<strong>Nanterre unter der Nummer B 308 380 195<\/strong>.<\/p>\n\n\n\n<p>Umsatzsteuer-Identifikationsnummer:&nbsp;<strong>FR90308380195<\/strong><\/p>\n\n\n\n<p>Publikationsleiter:&nbsp;<strong>M. Yoann COZETTE<\/strong>, als Gesch\u00e4ftsf\u00fchrer.<\/p>\n\n\n\n<ol start=\"2\" class=\"wp-block-list\">\n<li><strong>Geistiges Eigentum<\/strong>&nbsp;Alle Inhalte der Website (Texte, Bilder, Grafiken, Logos, Symbole, Sounds, Software, Datenbanken usw.) sind durch die geltenden Gesetze zum Schutz geistigen Eigentums gesch\u00fctzt und geh\u00f6ren <strong>SC MAT\u00c9RIELS<\/strong> oder unterliegen einer Nutzungsgenehmigung.<\/li>\n<\/ol>\n\n\n\n<p>Jegliche Vervielf\u00e4ltigung, Darstellung, \u00c4nderung, Ver\u00f6ffentlichung oder Anpassung aller oder eines Teils der Elemente der Site, unabh\u00e4ngig von den verwendeten Mitteln oder Verfahren, ist ohne die vorherige schriftliche Genehmigung von SC MATERIELS untersagt.<\/p>\n\n\n\n<p>Jede unbefugte Nutzung der Website oder der darin enthaltenen Elemente wird als Versto\u00df betrachtet und gem\u00e4\u00df den Bestimmungen der Artikel verfolgt.&nbsp;<strong>L. 335-2 ff. des Gesetzes \u00fcber geistiges Eigentum<\/strong>.<\/p>\n\n\n\n<ol start=\"3\" class=\"wp-block-list\">\n<li><strong>Datenbanken<\/strong>&nbsp;Gem\u00e4\u00df Gesetz Nr. 98-536 vom 1. Juli 1998 zur Umsetzung der Richtlinie 96\/9\/EG vom 11. M\u00e4rz 1996 \u00fcber den rechtlichen Schutz von Datenbanken ist SC MATERIELS Hersteller und Eigent\u00fcmer der auf dieser Site vorhandenen Datenbanken.<\/li>\n<\/ol>\n\n\n\n<ol start=\"4\" class=\"wp-block-list\">\n<li><strong>Marken und Logos<\/strong>&nbsp;Jegliche Verwendung, Reproduktion oder Darstellung der auf dieser Site vorhandenen Marken und Logos ist ohne vorherige Genehmigung von SC MATERIELS untersagt.<\/li>\n\n\n\n<li><strong>Zug\u00e4nglichkeit und Verantwortung<\/strong>&nbsp;Die Website ist zug\u00e4nglich&nbsp;<strong>24\/7<\/strong>SC MATERIELS beh\u00e4lt sich jedoch das Recht vor, die Site aufgrund von Wartungsarbeiten oder im Falle h\u00f6herer Gewalt vor\u00fcbergehend ganz oder teilweise zu schlie\u00dfen.<\/li>\n<\/ol>\n\n\n\n<p><strong>SC MAT\u00c9RIELS<\/strong> kann unter keinen Umst\u00e4nden f\u00fcr die Unm\u00f6glichkeit des Zugriffs auf die Site, f\u00fcr Dienstunterbrechungen oder f\u00fcr Sch\u00e4den verantwortlich gemacht werden, die durch betr\u00fcgerisches Eindringen Dritter entstehen, die die bereitgestellten Informationen ver\u00e4ndert haben.<\/p>\n\n\n\n<p>Der Internetnutzer ist allein f\u00fcr seine Computerausr\u00fcstung und seinen Internetzugang sowie f\u00fcr seine Nutzung der Site verantwortlich.<\/p>\n\n\n\n<ol start=\"6\" class=\"wp-block-list\">\n<li><strong>Geltendes Recht und Gerichtsstand<\/strong>&nbsp;Die Website und diese rechtlichen Hinweise unterliegen franz\u00f6sischem Recht. Im Streitfall und sofern keine g\u00fctliche Einigung erzielt werden kann, sind ausschlie\u00dflich die franz\u00f6sischen Gerichte zust\u00e4ndig.<\/li>\n<\/ol>\n\n\n\n<p>Die \u00dcbersetzung dieses rechtlichen Hinweises dient ausschlie\u00dflich Informationszwecken. Im Streitfall ist ausschlie\u00dflich die franz\u00f6sische Fassung ma\u00dfgebend.<\/p>\n\n\n\n<ol start=\"7\" class=\"wp-block-list\">\n<li><strong>\u00c4nderungen der rechtlichen Hinweise<\/strong>&nbsp;SC MAT\u00c9RIELS \u00ab\u00a0<strong>SOCI\u00c9T\u00c9 CENTRALE DE MAT\u00c9RIEL<\/strong>\u00a0\u00bb beh\u00e4lt sich das Recht vor, diese rechtlichen Hinweise jederzeit und ohne Vorank\u00fcndigung zu \u00e4ndern. Die \u00c4nderungen werden wirksam, sobald sie auf der Website ver\u00f6ffentlicht werden.<\/li>\n<\/ol>\n\n\n\n<p>Bei Fragen zu rechtlichen Hinweisen k\u00f6nnen Sie uns unter folgender Adresse erreichen:&nbsp;<strong>info@sc-materiels.com<\/strong>.<\/p>","protected":false},"excerpt":{"rendered":"<p>1973 Rue Sorins, 92000 NANTERRE, France Immatricul\u00e9e au Registre du Commerce et des Soci\u00e9t\u00e9s de&nbsp;Nanterre sous le num\u00e9ro B 308 [&hellip;]<\/p>","protected":false},"author":1,"featured_media":0,"parent":0,"menu_order":0,"comment_status":"closed","ping_status":"closed","template":"","meta":{"inline_featured_image":false,"site-sidebar-layout":"default","site-content-layout":"","ast-site-content-layout":"default","site-content-style":"default","site-sidebar-style":"default","ast-global-header-display":"","ast-banner-title-visibility":"","ast-main-header-display":"","ast-hfb-above-header-display":"","ast-hfb-below-header-display":"","ast-hfb-mobile-header-display":"","site-post-title":"","ast-breadcrumbs-content":"","ast-featured-img":"","footer-sml-layout":"","ast-disable-related-posts":"","theme-transparent-header-meta":"","adv-header-id-meta":"","stick-header-meta":"","header-above-stick-meta":"","header-main-stick-meta":"","header-below-stick-meta":"","astra-migrate-meta-layouts":"default","ast-page-background-enabled":"default","ast-page-background-meta":{"desktop":{"background-color":"var(--ast-global-color-5)","background-image":"","background-repeat":"repeat","background-position":"center center","background-size":"auto","background-attachment":"scroll","background-type":"","background-media":"","overlay-type":"","overlay-color":"","overlay-opacity":"","overlay-gradient":""},"tablet":{"background-color":"","background-image":"","background-repeat":"repeat","background-position":"center center","background-size":"auto","background-attachment":"scroll","background-type":"","background-media":"","overlay-type":"","overlay-color":"","overlay-opacity":"","overlay-gradient":""},"mobile":{"background-color":"","background-image":"","background-repeat":"repeat","background-position":"center center","background-size":"auto","background-attachment":"scroll","background-type":"","background-media":"","overlay-type":"","overlay-color":"","overlay-opacity":"","overlay-gradient":""}},"ast-content-background-meta":{"desktop":{"background-color":"var(--ast-global-color-4)","background-image":"","background-repeat":"repeat","background-position":"center center","background-size":"auto","background-attachment":"scroll","background-type":"","background-media":"","overlay-type":"","overlay-color":"","overlay-opacity":"","overlay-gradient":""},"tablet":{"background-color":"var(--ast-global-color-4)","background-image":"","background-repeat":"repeat","background-position":"center center","background-size":"auto","background-attachment":"scroll","background-type":"","background-media":"","overlay-type":"","overlay-color":"","overlay-opacity":"","overlay-gradient":""},"mobile":{"background-color":"var(--ast-global-color-4)","background-image":"","background-repeat":"repeat","background-position":"center center","background-size":"auto","background-attachment":"scroll","background-type":"","background-media":"","overlay-type":"","overlay-color":"","overlay-opacity":"","overlay-gradient":""}},"footnotes":""},"class_list":["post-42","page","type-page","status-publish","hentry"],"aioseo_notices":[],"_links":{"self":[{"href":"https:\/\/sc-materiels.com\/de\/wp-json\/wp\/v2\/pages\/42","targetHints":{"allow":["GET"]}}],"collection":[{"href":"https:\/\/sc-materiels.com\/de\/wp-json\/wp\/v2\/pages"}],"about":[{"href":"https:\/\/sc-materiels.com\/de\/wp-json\/wp\/v2\/types\/page"}],"author":[{"embeddable":true,"href":"https:\/\/sc-materiels.com\/de\/wp-json\/wp\/v2\/users\/1"}],"replies":[{"embeddable":true,"href":"https:\/\/sc-materiels.com\/de\/wp-json\/wp\/v2\/comments?post=42"}],"version-history":[{"count":3,"href":"https:\/\/sc-materiels.com\/de\/wp-json\/wp\/v2\/pages\/42\/revisions"}],"predecessor-version":[{"id":145,"href":"https:\/\/sc-materiels.com\/de\/wp-json\/wp\/v2\/pages\/42\/revisions\/145"}],"wp:attachment":[{"href":"https:\/\/sc-materiels.com\/de\/wp-json\/wp\/v2\/media?parent=42"}],"curies":[{"name":"wp","href":"https:\/\/api.w.org\/{rel}","templated":true}]}}