{"id":52,"date":"2025-05-21T08:15:16","date_gmt":"2025-05-21T08:15:16","guid":{"rendered":"https:\/\/olive-nightingale-776915.hostingersite.com\/?page_id=52"},"modified":"2025-06-07T11:44:48","modified_gmt":"2025-06-07T11:44:48","slug":"paiement-securise","status":"publish","type":"page","link":"https:\/\/sc-materiels.com\/de\/paiement-securise\/","title":{"rendered":"Sichere Zahlung"},"content":{"rendered":"<p>Im Haus von&nbsp;<strong>SC MAT\u00c9RIELS<\/strong>bieten wir Ihnen eine einfache und sichere Bezahlung Ihrer Eink\u00e4ufe.<\/p>\n\n\n\n<h4 class=\"wp-block-heading\"><strong>Zahlungsbedingungen<\/strong><\/h4>\n\n\n\n<ul class=\"wp-block-list\">\n<li><strong>Erste Tranche (20%)<\/strong>\u00a0bestellen.<\/li>\n\n\n\n<li><strong>Zweite Tranche (80%)<\/strong>\u00a0bei Lieferung oder wie in Ihrem Angebot vereinbart.<\/li>\n<\/ul>\n\n\n\n<h4 class=\"wp-block-heading\"><strong>Zahlungsmethoden<\/strong><\/h4>\n\n\n\n<ul class=\"wp-block-list\">\n<li><strong>Bank\u00fcberweisung<\/strong>&nbsp;: Unsere Bankverbindung erhalten Sie nach Best\u00e4tigung Ihrer Bestellung.<\/li>\n<\/ul>\n\n\n\n<p>Alle Transaktionen werden sicher abgewickelt, um den Schutz Ihrer pers\u00f6nlichen Daten zu gew\u00e4hrleisten.<\/p>\n\n\n\n<p>Wenn Sie Fragen zur Zahlung haben, kontaktieren Sie uns bitte unter&nbsp;<strong>info@sc-materiels.com<\/strong>&nbsp;oder bei <strong>+33626331711<\/strong><\/p>\n\n\n\n<p><\/p>","protected":false},"excerpt":{"rendered":"<p>Chez&nbsp;SC MAT\u00c9RIELS, nous proposons un paiement simple et s\u00e9curis\u00e9 pour vos achats. Modalit\u00e9s de paiement Modes de paiement Toutes les [&hellip;]<\/p>","protected":false},"author":1,"featured_media":0,"parent":0,"menu_order":0,"comment_status":"closed","ping_status":"closed","template":"","meta":{"inline_featured_image":false,"site-sidebar-layout":"default","site-content-layout":"","ast-site-content-layout":"default","site-content-style":"default","site-sidebar-style":"default","ast-global-header-display":"","ast-banner-title-visibility":"","ast-main-header-display":"","ast-hfb-above-header-display":"","ast-hfb-below-header-display":"","ast-hfb-mobile-header-display":"","site-post-title":"","ast-breadcrumbs-content":"","ast-featured-img":"","footer-sml-layout":"","ast-disable-related-posts":"","theme-transparent-header-meta":"","adv-header-id-meta":"","stick-header-meta":"","header-above-stick-meta":"","header-main-stick-meta":"","header-below-stick-meta":"","astra-migrate-meta-layouts":"default","ast-page-background-enabled":"default","ast-page-background-meta":{"desktop":{"background-color":"var(--ast-global-color-5)","background-image":"","background-repeat":"repeat","background-position":"center center","background-size":"auto","background-attachment":"scroll","background-type":"","background-media":"","overlay-type":"","overlay-color":"","overlay-opacity":"","overlay-gradient":""},"tablet":{"background-color":"","background-image":"","background-repeat":"repeat","background-position":"center center","background-size":"auto","background-attachment":"scroll","background-type":"","background-media":"","overlay-type":"","overlay-color":"","overlay-opacity":"","overlay-gradient":""},"mobile":{"background-color":"","background-image":"","background-repeat":"repeat","background-position":"center center","background-size":"auto","background-attachment":"scroll","background-type":"","background-media":"","overlay-type":"","overlay-color":"","overlay-opacity":"","overlay-gradient":""}},"ast-content-background-meta":{"desktop":{"background-color":"var(--ast-global-color-4)","background-image":"","background-repeat":"repeat","background-position":"center center","background-size":"auto","background-attachment":"scroll","background-type":"","background-media":"","overlay-type":"","overlay-color":"","overlay-opacity":"","overlay-gradient":""},"tablet":{"background-color":"var(--ast-global-color-4)","background-image":"","background-repeat":"repeat","background-position":"center center","background-size":"auto","background-attachment":"scroll","background-type":"","background-media":"","overlay-type":"","overlay-color":"","overlay-opacity":"","overlay-gradient":""},"mobile":{"background-color":"var(--ast-global-color-4)","background-image":"","background-repeat":"repeat","background-position":"center center","background-size":"auto","background-attachment":"scroll","background-type":"","background-media":"","overlay-type":"","overlay-color":"","overlay-opacity":"","overlay-gradient":""}},"footnotes":""},"class_list":["post-52","page","type-page","status-publish","hentry"],"aioseo_notices":[],"_links":{"self":[{"href":"https:\/\/sc-materiels.com\/de\/wp-json\/wp\/v2\/pages\/52","targetHints":{"allow":["GET"]}}],"collection":[{"href":"https:\/\/sc-materiels.com\/de\/wp-json\/wp\/v2\/pages"}],"about":[{"href":"https:\/\/sc-materiels.com\/de\/wp-json\/wp\/v2\/types\/page"}],"author":[{"embeddable":true,"href":"https:\/\/sc-materiels.com\/de\/wp-json\/wp\/v2\/users\/1"}],"replies":[{"embeddable":true,"href":"https:\/\/sc-materiels.com\/de\/wp-json\/wp\/v2\/comments?post=52"}],"version-history":[{"count":6,"href":"https:\/\/sc-materiels.com\/de\/wp-json\/wp\/v2\/pages\/52\/revisions"}],"predecessor-version":[{"id":1756,"href":"https:\/\/sc-materiels.com\/de\/wp-json\/wp\/v2\/pages\/52\/revisions\/1756"}],"wp:attachment":[{"href":"https:\/\/sc-materiels.com\/de\/wp-json\/wp\/v2\/media?parent=52"}],"curies":[{"name":"wp","href":"https:\/\/api.w.org\/{rel}","templated":true}]}}