{"id":1020,"date":"2025-05-26T21:15:04","date_gmt":"2025-05-26T21:15:04","guid":{"rendered":"https:\/\/sc-materiels.com\/?post_type=product&#038;p=1020"},"modified":"2025-06-05T12:02:29","modified_gmt":"2025-06-05T12:02:29","slug":"mercedes-2016-arocs-2658-6x2","status":"publish","type":"product","link":"https:\/\/sc-materiels.com\/de\/produkt\/mercedes-2016-arocs-2658-6x2\/","title":{"rendered":"Mercedes 2016 Arocs 2658 6\u00d72"},"content":{"rendered":"<p>Mercedes-Benz 2016 Mercedes Arocs 2658 6&#215;2 Benne basculante<br \/>\nAnn\u00e9e mod\u00e8le : 2016<br \/>\nKilom\u00e9trage : environ 400 000 km<br \/>\nApprouv\u00e9 par l&rsquo;UE jusqu&rsquo;au : 08.05.2026<br \/>\nMoteur : 578 ch<br \/>\nTransmission : 6&#215;2<br \/>\nTransmission : Automatique<br \/>\nSuspension : Suspension pneumatique avant et arri\u00e8re<br \/>\nEmpattement : 330 \/ 135 cm<br \/>\nRalentisseur<br \/>\nCaisse et pneus : Voir les photos pour plus de d\u00e9tails<br \/>\nExtras : Klaxon compresseur, climatisation, radio avec DAB<\/p>\n<p>Km: 400000<br \/>\nCV: 577<br \/>\nHomologu\u00e9 UE: Oui<br \/>\nHomologu\u00e9 UE jusqu&rsquo;au: 08.05.2026<br \/>\nPoids \u00e0 vide: 14300<br \/>\nPoids total: 28000<br \/>\nCharge utile: 13625<br \/>\nLargeur: 255<br \/>\nLongueur: 746.5<br \/>\nEuro: 6<br \/>\nBo\u00eete de vitesses: Automatique<\/p>","protected":false},"excerpt":{"rendered":"<p>Verf\u00fcgbar<br \/>\nNichts vorherzusagen<br \/>\nMaschine betriebsbereit<br \/>\nR\u00e9f\u00e9rence SC Mat\u00e9riels : MB2016AR6X2<\/p>","protected":false},"featured_media":1024,"template":"","meta":{"inline_featured_image":false,"site-sidebar-layout":"default","site-content-layout":"","ast-site-content-layout":"default","site-content-style":"default","site-sidebar-style":"default","ast-global-header-display":"","ast-banner-title-visibility":"","ast-main-header-display":"","ast-hfb-above-header-display":"","ast-hfb-below-header-display":"","ast-hfb-mobile-header-display":"","site-post-title":"","ast-breadcrumbs-content":"","ast-featured-img":"","footer-sml-layout":"","ast-disable-related-posts":"","theme-transparent-header-meta":"default","adv-header-id-meta":"","stick-header-meta":"","header-above-stick-meta":"","header-main-stick-meta":"","header-below-stick-meta":"","astra-migrate-meta-layouts":"set","ast-page-background-enabled":"default","ast-page-background-meta":{"desktop":{"background-color":"var(--ast-global-color-5)","background-image":"","background-repeat":"repeat","background-position":"center center","background-size":"auto","background-attachment":"scroll","background-type":"","background-media":"","overlay-type":"","overlay-color":"","overlay-opacity":"","overlay-gradient":""},"tablet":{"background-color":"","background-image":"","background-repeat":"repeat","background-position":"center center","background-size":"auto","background-attachment":"scroll","background-type":"","background-media":"","overlay-type":"","overlay-color":"","overlay-opacity":"","overlay-gradient":""},"mobile":{"background-color":"","background-image":"","background-repeat":"repeat","background-position":"center center","background-size":"auto","background-attachment":"scroll","background-type":"","background-media":"","overlay-type":"","overlay-color":"","overlay-opacity":"","overlay-gradient":""}},"ast-content-background-meta":{"desktop":{"background-color":"var(--ast-global-color-4)","background-image":"","background-repeat":"repeat","background-position":"center center","background-size":"auto","background-attachment":"scroll","background-type":"","background-media":"","overlay-type":"","overlay-color":"","overlay-opacity":"","overlay-gradient":""},"tablet":{"background-color":"var(--ast-global-color-4)","background-image":"","background-repeat":"repeat","background-position":"center center","background-size":"auto","background-attachment":"scroll","background-type":"","background-media":"","overlay-type":"","overlay-color":"","overlay-opacity":"","overlay-gradient":""},"mobile":{"background-color":"var(--ast-global-color-4)","background-image":"","background-repeat":"repeat","background-position":"center center","background-size":"auto","background-attachment":"scroll","background-type":"","background-media":"","overlay-type":"","overlay-color":"","overlay-opacity":"","overlay-gradient":""}}},"product_brand":[],"product_cat":[31],"product_tag":[],"class_list":{"0":"post-1020","1":"product","2":"type-product","3":"status-publish","4":"has-post-thumbnail","6":"product_cat-camions-plateaux","7":"desktop-align-left","8":"tablet-align-left","9":"mobile-align-left","11":"first","12":"instock","13":"sale","14":"shipping-taxable","15":"purchasable","16":"product-type-simple"},"aioseo_notices":[],"_links":{"self":[{"href":"https:\/\/sc-materiels.com\/de\/wp-json\/wp\/v2\/product\/1020","targetHints":{"allow":["GET"]}}],"collection":[{"href":"https:\/\/sc-materiels.com\/de\/wp-json\/wp\/v2\/product"}],"about":[{"href":"https:\/\/sc-materiels.com\/de\/wp-json\/wp\/v2\/types\/product"}],"wp:featuredmedia":[{"embeddable":true,"href":"https:\/\/sc-materiels.com\/de\/wp-json\/wp\/v2\/media\/1024"}],"wp:attachment":[{"href":"https:\/\/sc-materiels.com\/de\/wp-json\/wp\/v2\/media?parent=1020"}],"wp:term":[{"taxonomy":"product_brand","embeddable":true,"href":"https:\/\/sc-materiels.com\/de\/wp-json\/wp\/v2\/product_brand?post=1020"},{"taxonomy":"product_cat","embeddable":true,"href":"https:\/\/sc-materiels.com\/de\/wp-json\/wp\/v2\/product_cat?post=1020"},{"taxonomy":"product_tag","embeddable":true,"href":"https:\/\/sc-materiels.com\/de\/wp-json\/wp\/v2\/product_tag?post=1020"}],"curies":[{"name":"wp","href":"https:\/\/api.w.org\/{rel}","templated":true}]}}