{"id":1038,"date":"2025-05-26T21:27:00","date_gmt":"2025-05-26T21:27:00","guid":{"rendered":"https:\/\/sc-materiels.com\/?post_type=product&#038;p=1038"},"modified":"2026-01-19T09:36:24","modified_gmt":"2026-01-19T09:36:24","slug":"camion-man-tgm-4x4","status":"publish","type":"product","link":"https:\/\/sc-materiels.com\/de\/produkt\/camion-man-tgm-4x4\/","title":{"rendered":"MAN TGM 4\u00d74 LKW"},"content":{"rendered":"<div dir=\"ltr\">Ann\u00e9e du mod\u00e8le<br \/>\n2016<br \/>\nKilom\u00e9trage<br \/>\n268 000 km<br \/>\nPoids<br \/>\n15 000 kg<br \/>\n4&#215;4 avec carrosserie Omar avec attelage. Longueur du plan 580 cm.<\/div>\n<div dir=\"ltr\">Pneus clout\u00e9s neufs sur jantes. Nouvelles cha\u00eenes.<br \/>\nMarque<br \/>\nHOMME<br \/>\nAnn\u00e9e du mod\u00e8le<br \/>\n2016<br \/>\nGroupe de v\u00e9hicules<br \/>\nD\u00e9panneuse<br \/>\nEffet<br \/>\n290 ch<br \/>\nKilom\u00e9trage<br \/>\n268 000 km<br \/>\nBo\u00eete de vitesse<br \/>\nManuel<br \/>\nType d&rsquo;essieu<br \/>\n4&#215;4<br \/>\nEmpattement<br \/>\n420 cm<br \/>\nType de ressort avant<br \/>\nAcier<br \/>\nType de ressort arri\u00e8re<br \/>\nAir<br \/>\n\u00c9l\u00e9vateur arri\u00e8re<br \/>\nNEIN<br \/>\nLongueur en cm<br \/>\n8 340 cm<br \/>\nPoids total<br \/>\n15 000 kg<br \/>\nCharge utile<br \/>\n4 845 kg<br \/>\nType de cabine<br \/>\nCarte<br \/>\nSi\u00e8ges<br \/>\n3<br \/>\n\u00c9quipement<br \/>\nBloc de diff\u00e9rence<br \/>\nLumi\u00e8re auxiliaire<br \/>\nPrise de force<br \/>\nRadio\/CD<\/div>\n<div class=\"yj6qo ajU\"><\/div>","protected":false},"excerpt":{"rendered":"<p>Num\u00e9ro d&rsquo;enregistrement : JV23141<br \/>\n1\u00e8re fois inscrit : 12.1.2016<br \/>\napprouv\u00e9 par l&rsquo;UE : Oui<br \/>\nDerni\u00e8re approbation de l&rsquo;UE : Moins de trois mois<\/p>\n<p><strong>Verf\u00fcgbar<\/strong><br \/>\nNichts vorherzusagen<br \/>\nMaschine betriebsbereit<br \/>\nR\u00e9f\u00e9rence SC Mat\u00e9riels : CMANTGM4X4<\/p>","protected":false},"featured_media":1050,"template":"","meta":{"inline_featured_image":false,"site-sidebar-layout":"default","site-content-layout":"","ast-site-content-layout":"default","site-content-style":"default","site-sidebar-style":"default","ast-global-header-display":"","ast-banner-title-visibility":"","ast-main-header-display":"","ast-hfb-above-header-display":"","ast-hfb-below-header-display":"","ast-hfb-mobile-header-display":"","site-post-title":"","ast-breadcrumbs-content":"","ast-featured-img":"","footer-sml-layout":"","ast-disable-related-posts":"","theme-transparent-header-meta":"default","adv-header-id-meta":"","stick-header-meta":"","header-above-stick-meta":"","header-main-stick-meta":"","header-below-stick-meta":"","astra-migrate-meta-layouts":"set","ast-page-background-enabled":"default","ast-page-background-meta":{"desktop":{"background-color":"var(--ast-global-color-5)","background-image":"","background-repeat":"repeat","background-position":"center center","background-size":"auto","background-attachment":"scroll","background-type":"","background-media":"","overlay-type":"","overlay-color":"","overlay-opacity":"","overlay-gradient":""},"tablet":{"background-color":"","background-image":"","background-repeat":"repeat","background-position":"center center","background-size":"auto","background-attachment":"scroll","background-type":"","background-media":"","overlay-type":"","overlay-color":"","overlay-opacity":"","overlay-gradient":""},"mobile":{"background-color":"","background-image":"","background-repeat":"repeat","background-position":"center center","background-size":"auto","background-attachment":"scroll","background-type":"","background-media":"","overlay-type":"","overlay-color":"","overlay-opacity":"","overlay-gradient":""}},"ast-content-background-meta":{"desktop":{"background-color":"var(--ast-global-color-4)","background-image":"","background-repeat":"repeat","background-position":"center center","background-size":"auto","background-attachment":"scroll","background-type":"","background-media":"","overlay-type":"","overlay-color":"","overlay-opacity":"","overlay-gradient":""},"tablet":{"background-color":"var(--ast-global-color-4)","background-image":"","background-repeat":"repeat","background-position":"center center","background-size":"auto","background-attachment":"scroll","background-type":"","background-media":"","overlay-type":"","overlay-color":"","overlay-opacity":"","overlay-gradient":""},"mobile":{"background-color":"var(--ast-global-color-4)","background-image":"","background-repeat":"repeat","background-position":"center center","background-size":"auto","background-attachment":"scroll","background-type":"","background-media":"","overlay-type":"","overlay-color":"","overlay-opacity":"","overlay-gradient":""}}},"product_brand":[],"product_cat":[31],"product_tag":[],"class_list":{"0":"post-1038","1":"product","2":"type-product","3":"status-publish","4":"has-post-thumbnail","6":"product_cat-camions-plateaux","7":"desktop-align-left","8":"tablet-align-left","9":"mobile-align-left","11":"first","12":"instock","13":"sale","14":"shipping-taxable","15":"purchasable","16":"product-type-simple"},"aioseo_notices":[],"_links":{"self":[{"href":"https:\/\/sc-materiels.com\/de\/wp-json\/wp\/v2\/product\/1038","targetHints":{"allow":["GET"]}}],"collection":[{"href":"https:\/\/sc-materiels.com\/de\/wp-json\/wp\/v2\/product"}],"about":[{"href":"https:\/\/sc-materiels.com\/de\/wp-json\/wp\/v2\/types\/product"}],"wp:featuredmedia":[{"embeddable":true,"href":"https:\/\/sc-materiels.com\/de\/wp-json\/wp\/v2\/media\/1050"}],"wp:attachment":[{"href":"https:\/\/sc-materiels.com\/de\/wp-json\/wp\/v2\/media?parent=1038"}],"wp:term":[{"taxonomy":"product_brand","embeddable":true,"href":"https:\/\/sc-materiels.com\/de\/wp-json\/wp\/v2\/product_brand?post=1038"},{"taxonomy":"product_cat","embeddable":true,"href":"https:\/\/sc-materiels.com\/de\/wp-json\/wp\/v2\/product_cat?post=1038"},{"taxonomy":"product_tag","embeddable":true,"href":"https:\/\/sc-materiels.com\/de\/wp-json\/wp\/v2\/product_tag?post=1038"}],"curies":[{"name":"wp","href":"https:\/\/api.w.org\/{rel}","templated":true}]}}