{"id":1062,"date":"2025-05-29T07:36:03","date_gmt":"2025-05-29T07:36:03","guid":{"rendered":"https:\/\/sc-materiels.com\/?post_type=product&#038;p=1062"},"modified":"2025-05-29T07:36:03","modified_gmt":"2025-05-29T07:36:03","slug":"tracteur-john-deere-4066r","status":"publish","type":"product","link":"https:\/\/sc-materiels.com\/de\/produkt\/tracteur-john-deere-4066r\/","title":{"rendered":"John Deere 4066R Traktor"},"content":{"rendered":"<ul>\n<li><span>800 heures<\/span><\/li>\n<li><span>Levier de chargeur \u00e9lectronique pour l&rsquo;hydraulique avant<\/span><\/li>\n<li><span>Grand ensemble d&rsquo;\u00e9clairage avant et arri\u00e8re<\/span><\/li>\n<li><span>Faisceau flash sur le toit<\/span><\/li>\n<li><span>Prise de force et hydraulique avant<\/span><\/li>\n<li><span>pr\u00e9par\u00e9 pour les charges<\/span><\/li>\n<li><span>Roues \u00e9t\u00e9 et hiver sur jantes (Tri \u00e0 crampons en hiver)<\/span><\/li>\n<li><span>\u00c9crans avant<\/span><\/li>\n<li><span>\u00c9largisseurs d&rsquo;ailes arri\u00e8re<\/span><\/li>\n<li><span>Charrue pliable Igland SP 220 (2021)<\/span><\/li>\n<li><span>Bac \u00e0 liti\u00e8re Igland (neuf)<\/span><\/li>\n<li><span>Fraise \u00e0 surfacer Tokvam 180<\/span><\/li>\n<\/ul>\n<p>&nbsp;<\/p>\n<h2><span>Merkmale<\/span><\/h2>\n<p>&nbsp;<\/p>\n<div><span>Marke : <\/span><span>John Deere<\/span><\/div>\n<div><span>Mod\u00e8le<\/span><span>4066R<\/span><\/div>\n<div><span>Ann\u00e9e du mod\u00e8le<\/span><span>2022<\/span><\/div>\n<div><span>Horaires de travail<\/span><span>800<\/span><\/div>\n<div><span>Effet<\/span><span>66 ch<\/span><\/div>\n<div><span>Pneu avant<\/span><span>27&#215;10.50-15 \u00e9t\u00e9\/ 250\/75r16 hiver<\/span><\/div>\n<div><span>pneu arri\u00e8re<\/span><span>44&#215;18.00-20 \u00e9t\u00e9\/ 360\/80R28 hiver<\/span><\/div>\n<h2><span>\u00c9quipement<\/span><\/h2>\n<ul>\n<li><span>Climatisation<\/span><\/li>\n<li><span>Hydraulique avant<\/span><\/li>\n<li><span>Prise de force avant<\/span><\/li>\n<li><span>Transmission \u00e0 variation continue<\/span><\/li>\n<li><span>Si\u00e8ge conducteur r\u00e9versible<\/span><\/li>\n<\/ul>","protected":false},"excerpt":{"rendered":"<p>Verf\u00fcgbar<br \/>\nNichts vorherzusagen<br \/>\nMaschine betriebsbereit<br \/>\nR\u00e9f\u00e9rence SC Mat\u00e9riels : TRACTJD4066R<\/p>","protected":false},"featured_media":1083,"template":"","meta":{"inline_featured_image":false,"site-sidebar-layout":"default","site-content-layout":"","ast-site-content-layout":"default","site-content-style":"default","site-sidebar-style":"default","ast-global-header-display":"","ast-banner-title-visibility":"","ast-main-header-display":"","ast-hfb-above-header-display":"","ast-hfb-below-header-display":"","ast-hfb-mobile-header-display":"","site-post-title":"","ast-breadcrumbs-content":"","ast-featured-img":"","footer-sml-layout":"","ast-disable-related-posts":"","theme-transparent-header-meta":"default","adv-header-id-meta":"","stick-header-meta":"","header-above-stick-meta":"","header-main-stick-meta":"","header-below-stick-meta":"","astra-migrate-meta-layouts":"set","ast-page-background-enabled":"default","ast-page-background-meta":{"desktop":{"background-color":"var(--ast-global-color-5)","background-image":"","background-repeat":"repeat","background-position":"center center","background-size":"auto","background-attachment":"scroll","background-type":"","background-media":"","overlay-type":"","overlay-color":"","overlay-opacity":"","overlay-gradient":""},"tablet":{"background-color":"","background-image":"","background-repeat":"repeat","background-position":"center center","background-size":"auto","background-attachment":"scroll","background-type":"","background-media":"","overlay-type":"","overlay-color":"","overlay-opacity":"","overlay-gradient":""},"mobile":{"background-color":"","background-image":"","background-repeat":"repeat","background-position":"center center","background-size":"auto","background-attachment":"scroll","background-type":"","background-media":"","overlay-type":"","overlay-color":"","overlay-opacity":"","overlay-gradient":""}},"ast-content-background-meta":{"desktop":{"background-color":"var(--ast-global-color-4)","background-image":"","background-repeat":"repeat","background-position":"center center","background-size":"auto","background-attachment":"scroll","background-type":"","background-media":"","overlay-type":"","overlay-color":"","overlay-opacity":"","overlay-gradient":""},"tablet":{"background-color":"var(--ast-global-color-4)","background-image":"","background-repeat":"repeat","background-position":"center center","background-size":"auto","background-attachment":"scroll","background-type":"","background-media":"","overlay-type":"","overlay-color":"","overlay-opacity":"","overlay-gradient":""},"mobile":{"background-color":"var(--ast-global-color-4)","background-image":"","background-repeat":"repeat","background-position":"center center","background-size":"auto","background-attachment":"scroll","background-type":"","background-media":"","overlay-type":"","overlay-color":"","overlay-opacity":"","overlay-gradient":""}}},"product_brand":[],"product_cat":[29],"product_tag":[],"class_list":{"0":"post-1062","1":"product","2":"type-product","3":"status-publish","4":"has-post-thumbnail","6":"product_cat-tracteurs","7":"desktop-align-left","8":"tablet-align-left","9":"mobile-align-left","11":"first","12":"instock","13":"sale","14":"shipping-taxable","15":"purchasable","16":"product-type-simple"},"aioseo_notices":[],"_links":{"self":[{"href":"https:\/\/sc-materiels.com\/de\/wp-json\/wp\/v2\/product\/1062","targetHints":{"allow":["GET"]}}],"collection":[{"href":"https:\/\/sc-materiels.com\/de\/wp-json\/wp\/v2\/product"}],"about":[{"href":"https:\/\/sc-materiels.com\/de\/wp-json\/wp\/v2\/types\/product"}],"wp:featuredmedia":[{"embeddable":true,"href":"https:\/\/sc-materiels.com\/de\/wp-json\/wp\/v2\/media\/1083"}],"wp:attachment":[{"href":"https:\/\/sc-materiels.com\/de\/wp-json\/wp\/v2\/media?parent=1062"}],"wp:term":[{"taxonomy":"product_brand","embeddable":true,"href":"https:\/\/sc-materiels.com\/de\/wp-json\/wp\/v2\/product_brand?post=1062"},{"taxonomy":"product_cat","embeddable":true,"href":"https:\/\/sc-materiels.com\/de\/wp-json\/wp\/v2\/product_cat?post=1062"},{"taxonomy":"product_tag","embeddable":true,"href":"https:\/\/sc-materiels.com\/de\/wp-json\/wp\/v2\/product_tag?post=1062"}],"curies":[{"name":"wp","href":"https:\/\/api.w.org\/{rel}","templated":true}]}}