{"id":1094,"date":"2025-05-29T07:51:58","date_gmt":"2025-05-29T07:51:58","guid":{"rendered":"https:\/\/sc-materiels.com\/?post_type=product&#038;p=1094"},"modified":"2025-05-29T07:51:58","modified_gmt":"2025-05-29T07:51:58","slug":"tracteur-ford-4830","status":"publish","type":"product","link":"https:\/\/sc-materiels.com\/de\/produkt\/tracteur-ford-4830\/","title":{"rendered":"Ford 4830 Traktor"},"content":{"rendered":"<h1><span>Ford 4830<\/span><\/h1>\n<p>&nbsp;<\/p>\n<div dir=\"auto\"><span>Belle 4830 avec si\u00e8ge pneumatique, entretien r\u00e9gulier, pneus d\u00e9cents, etc. vendue sans TVA, le transport peut \u00eatre organis\u00e9 dans tout le pays t\u00e9l. 906 71 520 (le godet et le lien sup\u00e9rieur peuvent \u00eatre inclus pour un prix suppl\u00e9mentaire)<\/span><\/div>\n<div dir=\"auto\"><\/div>\n<div dir=\"auto\">\n<h2><span>Merkmale<\/span><\/h2>\n<p>&nbsp;<\/p>\n<div><span>Marke : <\/span><span>Gu\u00e9<\/span><\/div>\n<div><span>Mod\u00e8le<\/span><span>4830 reprise hors TVA envisag\u00e9e, Nouveau prix<\/span><\/div>\n<div><span>Ann\u00e9e du mod\u00e8le<\/span><span>1992<\/span><\/div>\n<div><span>Horaires de travail<\/span><span>4 142<\/span><\/div>\n<div><span>Effet<\/span><span>80 ch<\/span><\/div>\n<div><span>Pneu avant<\/span><span>320\/70-R24<\/span><\/div>\n<div><span>pneu arri\u00e8re<\/span><span>480\/70-R30<\/span><\/div>\n<div><\/div>\n<h2><span>\u00c9quipement<\/span><\/h2>\n<p>&nbsp;<\/p>\n<ul>\n<li><span>Vitesse rapide<\/span><\/li>\n<li>\n<div dir=\"auto\">\n<div><label><span>Ann\u00e9e du mod\u00e8le<\/span><\/label><span>1992<\/span><\/p>\n<p>&nbsp;<\/p>\n<\/div>\n<\/div>\n<div dir=\"auto\">\n<div><label><span>Poids<\/span><\/label><span>Nicht angegeben<\/span><\/p>\n<\/div>\n<\/div>\n<div dir=\"auto\">\n<div><\/div>\n<div><label><span>Effet<\/span><\/label><span>80 ch<\/span><\/p>\n<\/div>\n<\/div>\n<div dir=\"auto\">\n<div><\/div>\n<div><label><span>Horaires de travail<\/span><\/label><span>4 142<\/span><\/p>\n<\/div>\n<\/div>\n<\/li>\n<\/ul>\n<\/div>","protected":false},"excerpt":{"rendered":"<p>Verf\u00fcgbar<br \/>\nNichts vorherzusagen<br \/>\nMaschine betriebsbereit<br \/>\nR\u00e9f\u00e9rence SC Mat\u00e9riels : TRACTFOR4830<\/p>","protected":false},"featured_media":1104,"template":"","meta":{"inline_featured_image":false,"site-sidebar-layout":"default","site-content-layout":"","ast-site-content-layout":"default","site-content-style":"default","site-sidebar-style":"default","ast-global-header-display":"","ast-banner-title-visibility":"","ast-main-header-display":"","ast-hfb-above-header-display":"","ast-hfb-below-header-display":"","ast-hfb-mobile-header-display":"","site-post-title":"","ast-breadcrumbs-content":"","ast-featured-img":"","footer-sml-layout":"","ast-disable-related-posts":"","theme-transparent-header-meta":"default","adv-header-id-meta":"","stick-header-meta":"","header-above-stick-meta":"","header-main-stick-meta":"","header-below-stick-meta":"","astra-migrate-meta-layouts":"set","ast-page-background-enabled":"default","ast-page-background-meta":{"desktop":{"background-color":"var(--ast-global-color-5)","background-image":"","background-repeat":"repeat","background-position":"center center","background-size":"auto","background-attachment":"scroll","background-type":"","background-media":"","overlay-type":"","overlay-color":"","overlay-opacity":"","overlay-gradient":""},"tablet":{"background-color":"","background-image":"","background-repeat":"repeat","background-position":"center center","background-size":"auto","background-attachment":"scroll","background-type":"","background-media":"","overlay-type":"","overlay-color":"","overlay-opacity":"","overlay-gradient":""},"mobile":{"background-color":"","background-image":"","background-repeat":"repeat","background-position":"center center","background-size":"auto","background-attachment":"scroll","background-type":"","background-media":"","overlay-type":"","overlay-color":"","overlay-opacity":"","overlay-gradient":""}},"ast-content-background-meta":{"desktop":{"background-color":"var(--ast-global-color-4)","background-image":"","background-repeat":"repeat","background-position":"center center","background-size":"auto","background-attachment":"scroll","background-type":"","background-media":"","overlay-type":"","overlay-color":"","overlay-opacity":"","overlay-gradient":""},"tablet":{"background-color":"var(--ast-global-color-4)","background-image":"","background-repeat":"repeat","background-position":"center center","background-size":"auto","background-attachment":"scroll","background-type":"","background-media":"","overlay-type":"","overlay-color":"","overlay-opacity":"","overlay-gradient":""},"mobile":{"background-color":"var(--ast-global-color-4)","background-image":"","background-repeat":"repeat","background-position":"center center","background-size":"auto","background-attachment":"scroll","background-type":"","background-media":"","overlay-type":"","overlay-color":"","overlay-opacity":"","overlay-gradient":""}}},"product_brand":[],"product_cat":[29],"product_tag":[],"class_list":{"0":"post-1094","1":"product","2":"type-product","3":"status-publish","4":"has-post-thumbnail","6":"product_cat-tracteurs","7":"desktop-align-left","8":"tablet-align-left","9":"mobile-align-left","11":"first","12":"instock","13":"sale","14":"shipping-taxable","15":"purchasable","16":"product-type-simple"},"aioseo_notices":[],"_links":{"self":[{"href":"https:\/\/sc-materiels.com\/de\/wp-json\/wp\/v2\/product\/1094","targetHints":{"allow":["GET"]}}],"collection":[{"href":"https:\/\/sc-materiels.com\/de\/wp-json\/wp\/v2\/product"}],"about":[{"href":"https:\/\/sc-materiels.com\/de\/wp-json\/wp\/v2\/types\/product"}],"wp:featuredmedia":[{"embeddable":true,"href":"https:\/\/sc-materiels.com\/de\/wp-json\/wp\/v2\/media\/1104"}],"wp:attachment":[{"href":"https:\/\/sc-materiels.com\/de\/wp-json\/wp\/v2\/media?parent=1094"}],"wp:term":[{"taxonomy":"product_brand","embeddable":true,"href":"https:\/\/sc-materiels.com\/de\/wp-json\/wp\/v2\/product_brand?post=1094"},{"taxonomy":"product_cat","embeddable":true,"href":"https:\/\/sc-materiels.com\/de\/wp-json\/wp\/v2\/product_cat?post=1094"},{"taxonomy":"product_tag","embeddable":true,"href":"https:\/\/sc-materiels.com\/de\/wp-json\/wp\/v2\/product_tag?post=1094"}],"curies":[{"name":"wp","href":"https:\/\/api.w.org\/{rel}","templated":true}]}}