{"id":1105,"date":"2025-05-29T08:06:34","date_gmt":"2025-05-29T08:06:34","guid":{"rendered":"https:\/\/sc-materiels.com\/?post_type=product&#038;p=1105"},"modified":"2025-05-29T08:06:34","modified_gmt":"2025-05-29T08:06:34","slug":"tracteur-kubota-m9960","status":"publish","type":"product","link":"https:\/\/sc-materiels.com\/de\/produkt\/tracteur-kubota-m9960\/","title":{"rendered":"Kubota M9960 Traktor"},"content":{"rendered":"<h1><span>Kubota M9960<\/span><\/h1>\n<div dir=\"auto\">\n<div dir=\"auto\">\n<div><label><span>Ann\u00e9e du mod\u00e8le<\/span><\/label><span>2016<\/span><\/p>\n<\/div>\n<\/div>\n<div dir=\"auto\">\n<div><\/div>\n<div><label><span>Poids<\/span><\/label><span>2 820 kg<\/span><\/p>\n<\/div>\n<\/div>\n<div dir=\"auto\">\n<div><\/div>\n<div><label><span>Effet<\/span><\/label><span>115 ch<\/span><\/p>\n<\/div>\n<\/div>\n<div dir=\"auto\">\n<div><\/div>\n<div><label><span>Horaires de travail<\/span><\/label><span>4 378<\/span><\/p>\n<p><span>Kubota M9960 avec chargeur frontal complet<\/span><\/p>\n<p><span>3 sorties hydrauliques doubles et valve de frein hydraulique<\/span><\/p>\n<p>&nbsp;<\/p>\n<p><span>Framnes Maskiner s&rsquo;occupe de l&rsquo;achat, de la vente et de l&rsquo;\u00e9change de tracteurs, d&rsquo;\u00e9quipements agricoles et de machines de construction depuis 1984<\/span><\/p>\n<h2><span>Merkmale<\/span><\/h2>\n<div><span>Marque<\/span><span>Kubota<\/span><\/div>\n<div><span>Mod\u00e8le<\/span><span>M 9960<\/span><\/div>\n<div><span>Ann\u00e9e du mod\u00e8le<\/span><span>2016<\/span><\/div>\n<div><span>Horaires de travail<\/span><span>4 378<\/span><\/div>\n<div><span>Effet<\/span><span>115 ch<\/span><\/div>\n<div><span>D\u00e9placement<\/span><span>3 769 litres<\/span><\/div>\n<div><span>Poids<\/span><span>2 820 kg<\/span><\/div>\n<div><span>Pneu avant<\/span><span>360\/70 R 24<\/span><\/div>\n<div><span>pneu arri\u00e8re<\/span><span>480\/70 R 34<\/span><\/div>\n<p>&nbsp;<\/p>\n<h2><span>\u00c9quipement<\/span><\/h2>\n<ul>\n<li><span>Support et unit\u00e9 de commande hydraulique pour chargeur frontal<\/span><\/li>\n<li><span>Frein de remorque hydraulique<\/span><\/li>\n<li><span>Chargeur frontal complet<\/span><\/li>\n<li><span>si\u00e8ge passager<\/span><\/li>\n<\/ul>\n<\/div>\n<\/div>\n<\/div>","protected":false},"excerpt":{"rendered":"<p>Verf\u00fcgbar<br \/>\nNichts vorherzusagen<br \/>\nMaschine betriebsbereit<br \/>\nR\u00e9f\u00e9rence SC Mat\u00e9riels : KM9960<\/p>","protected":false},"featured_media":1138,"template":"","meta":{"inline_featured_image":false,"site-sidebar-layout":"default","site-content-layout":"","ast-site-content-layout":"default","site-content-style":"default","site-sidebar-style":"default","ast-global-header-display":"","ast-banner-title-visibility":"","ast-main-header-display":"","ast-hfb-above-header-display":"","ast-hfb-below-header-display":"","ast-hfb-mobile-header-display":"","site-post-title":"","ast-breadcrumbs-content":"","ast-featured-img":"","footer-sml-layout":"","ast-disable-related-posts":"","theme-transparent-header-meta":"default","adv-header-id-meta":"","stick-header-meta":"","header-above-stick-meta":"","header-main-stick-meta":"","header-below-stick-meta":"","astra-migrate-meta-layouts":"set","ast-page-background-enabled":"default","ast-page-background-meta":{"desktop":{"background-color":"var(--ast-global-color-5)","background-image":"","background-repeat":"repeat","background-position":"center center","background-size":"auto","background-attachment":"scroll","background-type":"","background-media":"","overlay-type":"","overlay-color":"","overlay-opacity":"","overlay-gradient":""},"tablet":{"background-color":"","background-image":"","background-repeat":"repeat","background-position":"center center","background-size":"auto","background-attachment":"scroll","background-type":"","background-media":"","overlay-type":"","overlay-color":"","overlay-opacity":"","overlay-gradient":""},"mobile":{"background-color":"","background-image":"","background-repeat":"repeat","background-position":"center center","background-size":"auto","background-attachment":"scroll","background-type":"","background-media":"","overlay-type":"","overlay-color":"","overlay-opacity":"","overlay-gradient":""}},"ast-content-background-meta":{"desktop":{"background-color":"var(--ast-global-color-4)","background-image":"","background-repeat":"repeat","background-position":"center center","background-size":"auto","background-attachment":"scroll","background-type":"","background-media":"","overlay-type":"","overlay-color":"","overlay-opacity":"","overlay-gradient":""},"tablet":{"background-color":"var(--ast-global-color-4)","background-image":"","background-repeat":"repeat","background-position":"center center","background-size":"auto","background-attachment":"scroll","background-type":"","background-media":"","overlay-type":"","overlay-color":"","overlay-opacity":"","overlay-gradient":""},"mobile":{"background-color":"var(--ast-global-color-4)","background-image":"","background-repeat":"repeat","background-position":"center center","background-size":"auto","background-attachment":"scroll","background-type":"","background-media":"","overlay-type":"","overlay-color":"","overlay-opacity":"","overlay-gradient":""}}},"product_brand":[],"product_cat":[29],"product_tag":[],"class_list":{"0":"post-1105","1":"product","2":"type-product","3":"status-publish","4":"has-post-thumbnail","6":"product_cat-tracteurs","7":"desktop-align-left","8":"tablet-align-left","9":"mobile-align-left","11":"first","12":"instock","13":"sale","14":"shipping-taxable","15":"purchasable","16":"product-type-simple"},"aioseo_notices":[],"_links":{"self":[{"href":"https:\/\/sc-materiels.com\/de\/wp-json\/wp\/v2\/product\/1105","targetHints":{"allow":["GET"]}}],"collection":[{"href":"https:\/\/sc-materiels.com\/de\/wp-json\/wp\/v2\/product"}],"about":[{"href":"https:\/\/sc-materiels.com\/de\/wp-json\/wp\/v2\/types\/product"}],"wp:featuredmedia":[{"embeddable":true,"href":"https:\/\/sc-materiels.com\/de\/wp-json\/wp\/v2\/media\/1138"}],"wp:attachment":[{"href":"https:\/\/sc-materiels.com\/de\/wp-json\/wp\/v2\/media?parent=1105"}],"wp:term":[{"taxonomy":"product_brand","embeddable":true,"href":"https:\/\/sc-materiels.com\/de\/wp-json\/wp\/v2\/product_brand?post=1105"},{"taxonomy":"product_cat","embeddable":true,"href":"https:\/\/sc-materiels.com\/de\/wp-json\/wp\/v2\/product_cat?post=1105"},{"taxonomy":"product_tag","embeddable":true,"href":"https:\/\/sc-materiels.com\/de\/wp-json\/wp\/v2\/product_tag?post=1105"}],"curies":[{"name":"wp","href":"https:\/\/api.w.org\/{rel}","templated":true}]}}