{"id":1140,"date":"2025-05-29T08:13:12","date_gmt":"2025-05-29T08:13:12","guid":{"rendered":"https:\/\/sc-materiels.com\/?post_type=product&#038;p=1140"},"modified":"2025-05-29T08:13:12","modified_gmt":"2025-05-29T08:13:12","slug":"tracteur-john-deere-1144","status":"publish","type":"product","link":"https:\/\/sc-materiels.com\/de\/produkt\/tracteur-john-deere-1144\/","title":{"rendered":"John Deere 1144 Traktor"},"content":{"rendered":"<div dir=\"auto\">\n<h1><span>John Deere 1144<\/span><\/h1>\n<\/div>\n<div dir=\"auto\">\n<div>\n<div><\/div>\n<div><label><span>Ann\u00e9e du mod\u00e8le<\/span><\/label><span>1993<\/span><\/p>\n<\/div>\n<\/div>\n<div>\n<div><\/div>\n<div><label><span>Poids<\/span><\/label><span>Nicht angegeben<\/span><\/p>\n<\/div>\n<\/div>\n<div>\n<div><\/div>\n<div><label><span>Effet<\/span><\/label><span>Nicht angegeben<\/span><\/p>\n<\/div>\n<\/div>\n<div>\n<div><\/div>\n<div><label><span>Horaires de travail<\/span><\/label><span>1 933<\/span><\/p>\n<p><span>Vente d&rsquo;un John Deere 1144 de 1993.<br \/>\nT\u00eate de coupe de 10 pieds.<br \/>\nRoues jumel\u00e9es incluses.<br \/>\nStock\u00e9 \u00e0 l&rsquo;int\u00e9rieur.<br \/>\nSeulement nettoy\u00e9 et s\u00e9ch\u00e9 apr\u00e8s la saison.<\/span><\/p>\n<h2><span>Merkmale<\/span><\/h2>\n<div><span>Marque<\/span><span>John Deere<\/span><\/div>\n<div><span>Mod\u00e8le<\/span><span>1144<\/span><\/div>\n<div><span>Ann\u00e9e du mod\u00e8le<\/span><span>1993<\/span><\/div>\n<div><span>Horaires de travail<\/span><span>1 933<\/span><\/div>\n<p>&nbsp;<\/p>\n<h2><span>\u00c9quipement<\/span><\/h2>\n<ul>\n<li><span>Coupe-paille<\/span><\/li>\n<li><span>Table de coupe \u00e0 couplage rapide<\/span><\/li>\n<\/ul>\n<\/div>\n<\/div>\n<\/div>","protected":false},"excerpt":{"rendered":"<p>Verf\u00fcgbar<br \/>\nNichts vorherzusagen<br \/>\nMaschine betriebsbereit<br \/>\nR\u00e9f\u00e9rence SC Mat\u00e9riels : JHDR1144<\/p>","protected":false},"featured_media":1141,"template":"","meta":{"inline_featured_image":false,"site-sidebar-layout":"default","site-content-layout":"","ast-site-content-layout":"default","site-content-style":"default","site-sidebar-style":"default","ast-global-header-display":"","ast-banner-title-visibility":"","ast-main-header-display":"","ast-hfb-above-header-display":"","ast-hfb-below-header-display":"","ast-hfb-mobile-header-display":"","site-post-title":"","ast-breadcrumbs-content":"","ast-featured-img":"","footer-sml-layout":"","ast-disable-related-posts":"","theme-transparent-header-meta":"default","adv-header-id-meta":"","stick-header-meta":"","header-above-stick-meta":"","header-main-stick-meta":"","header-below-stick-meta":"","astra-migrate-meta-layouts":"set","ast-page-background-enabled":"default","ast-page-background-meta":{"desktop":{"background-color":"var(--ast-global-color-5)","background-image":"","background-repeat":"repeat","background-position":"center center","background-size":"auto","background-attachment":"scroll","background-type":"","background-media":"","overlay-type":"","overlay-color":"","overlay-opacity":"","overlay-gradient":""},"tablet":{"background-color":"","background-image":"","background-repeat":"repeat","background-position":"center center","background-size":"auto","background-attachment":"scroll","background-type":"","background-media":"","overlay-type":"","overlay-color":"","overlay-opacity":"","overlay-gradient":""},"mobile":{"background-color":"","background-image":"","background-repeat":"repeat","background-position":"center center","background-size":"auto","background-attachment":"scroll","background-type":"","background-media":"","overlay-type":"","overlay-color":"","overlay-opacity":"","overlay-gradient":""}},"ast-content-background-meta":{"desktop":{"background-color":"var(--ast-global-color-4)","background-image":"","background-repeat":"repeat","background-position":"center center","background-size":"auto","background-attachment":"scroll","background-type":"","background-media":"","overlay-type":"","overlay-color":"","overlay-opacity":"","overlay-gradient":""},"tablet":{"background-color":"var(--ast-global-color-4)","background-image":"","background-repeat":"repeat","background-position":"center center","background-size":"auto","background-attachment":"scroll","background-type":"","background-media":"","overlay-type":"","overlay-color":"","overlay-opacity":"","overlay-gradient":""},"mobile":{"background-color":"var(--ast-global-color-4)","background-image":"","background-repeat":"repeat","background-position":"center center","background-size":"auto","background-attachment":"scroll","background-type":"","background-media":"","overlay-type":"","overlay-color":"","overlay-opacity":"","overlay-gradient":""}}},"product_brand":[],"product_cat":[29],"product_tag":[],"class_list":{"0":"post-1140","1":"product","2":"type-product","3":"status-publish","4":"has-post-thumbnail","6":"product_cat-tracteurs","7":"desktop-align-left","8":"tablet-align-left","9":"mobile-align-left","11":"first","12":"instock","13":"sale","14":"shipping-taxable","15":"purchasable","16":"product-type-simple"},"aioseo_notices":[],"_links":{"self":[{"href":"https:\/\/sc-materiels.com\/de\/wp-json\/wp\/v2\/product\/1140","targetHints":{"allow":["GET"]}}],"collection":[{"href":"https:\/\/sc-materiels.com\/de\/wp-json\/wp\/v2\/product"}],"about":[{"href":"https:\/\/sc-materiels.com\/de\/wp-json\/wp\/v2\/types\/product"}],"wp:featuredmedia":[{"embeddable":true,"href":"https:\/\/sc-materiels.com\/de\/wp-json\/wp\/v2\/media\/1141"}],"wp:attachment":[{"href":"https:\/\/sc-materiels.com\/de\/wp-json\/wp\/v2\/media?parent=1140"}],"wp:term":[{"taxonomy":"product_brand","embeddable":true,"href":"https:\/\/sc-materiels.com\/de\/wp-json\/wp\/v2\/product_brand?post=1140"},{"taxonomy":"product_cat","embeddable":true,"href":"https:\/\/sc-materiels.com\/de\/wp-json\/wp\/v2\/product_cat?post=1140"},{"taxonomy":"product_tag","embeddable":true,"href":"https:\/\/sc-materiels.com\/de\/wp-json\/wp\/v2\/product_tag?post=1140"}],"curies":[{"name":"wp","href":"https:\/\/api.w.org\/{rel}","templated":true}]}}