{"id":1154,"date":"2025-05-29T08:30:46","date_gmt":"2025-05-29T08:30:46","guid":{"rendered":"https:\/\/sc-materiels.com\/?post_type=product&#038;p=1154"},"modified":"2025-05-29T08:30:46","modified_gmt":"2025-05-29T08:30:46","slug":"massey-ferguson-4708-m","status":"publish","type":"product","link":"https:\/\/sc-materiels.com\/de\/produkt\/massey-ferguson-4708-m\/","title":{"rendered":"Massey Ferguson 4708 M"},"content":{"rendered":"<div dir=\"auto\">\n<h1><span>Massey Ferguson 4708 M<\/span><\/h1>\n<\/div>\n<div dir=\"auto\">\n<div>\n<div><\/div>\n<div><label><span>Ann\u00e9e du mod\u00e8le<\/span><\/label><span>2021<\/span><\/p>\n<\/div>\n<\/div>\n<div>\n<div><\/div>\n<div><label><span>Poids<\/span><\/label><span>3 425 kg<\/span><\/p>\n<\/div>\n<\/div>\n<div>\n<div><\/div>\n<div><label><span>Effet<\/span><\/label><span>87 ch<\/span><\/p>\n<\/div>\n<\/div>\n<div>\n<div><\/div>\n<div><label><span>Horaires de travail<\/span><\/label><span>952<\/span><\/p>\n<ul>\n<li><span>Trelleborg TM800 540\/65R34 et 440\/65R24.<\/span><\/li>\n<li><span>Lampe de travail<\/span><\/li>\n<li><span>Centre de chargement avec levier<\/span><\/li>\n<li><span>3 sorties DV avec r\u00e9glage manuel<\/span><\/li>\n<li><span>Transmission manuelle avec gamme haute\/basse<\/span><\/li>\n<li><span>Marche arri\u00e8re sans embrayage<\/span><\/li>\n<li><span>Plaques de jante viss\u00e9es<\/span><\/li>\n<li><span>Seulement 952 heures<\/span><\/li>\n<li><span>Premi\u00e8re inscription : 25.10.2021<\/span><\/li>\n<\/ul>\n<h2><span>Merkmale<\/span><\/h2>\n<div><span>Marke : <\/span><span>Massey Ferguson<\/span><\/div>\n<div><span>Mod\u00e8le : <\/span><span>4708 M<\/span><\/div>\n<div><span>Modelljahr: <\/span><span>2021<\/span><\/div>\n<div><span>Horaires de travail : <\/span><span>952<\/span><\/div>\n<div><span>Effet : <\/span><span>87 ch<\/span><\/div>\n<div><span>D\u00e9placement : <\/span><span>3 298 litres<\/span><\/div>\n<div><span>Gewicht : <\/span><span>3 425 kg<\/span><\/div>\n<div><span>Pneu avant : <\/span><span>440\/65 R24<\/span><\/div>\n<div><span>pneu arri\u00e8re : <\/span><span>540\/65 R34<\/span><\/div>\n<p>&nbsp;<\/p>\n<h2><span>\u00c9quipement<\/span><\/h2>\n<ul>\n<li><span>Climatisation<\/span><\/li>\n<li><span>Essuie-glaces de lunette arri\u00e8re<\/span><\/li>\n<li><span>Marche arri\u00e8re sans embrayage<\/span><\/li>\n<li><span>si\u00e8ge passager<\/span><\/li>\n<\/ul>\n<\/div>\n<\/div>\n<\/div>","protected":false},"excerpt":{"rendered":"<p>Verf\u00fcgbar<br \/>\nNichts vorherzusagen<br \/>\nMaschine betriebsbereit<br \/>\nR\u00e9f\u00e9rence SC Mat\u00e9riels : TMF4708M<\/p>","protected":false},"featured_media":1162,"template":"","meta":{"inline_featured_image":false,"site-sidebar-layout":"default","site-content-layout":"","ast-site-content-layout":"default","site-content-style":"default","site-sidebar-style":"default","ast-global-header-display":"","ast-banner-title-visibility":"","ast-main-header-display":"","ast-hfb-above-header-display":"","ast-hfb-below-header-display":"","ast-hfb-mobile-header-display":"","site-post-title":"","ast-breadcrumbs-content":"","ast-featured-img":"","footer-sml-layout":"","ast-disable-related-posts":"","theme-transparent-header-meta":"default","adv-header-id-meta":"","stick-header-meta":"","header-above-stick-meta":"","header-main-stick-meta":"","header-below-stick-meta":"","astra-migrate-meta-layouts":"set","ast-page-background-enabled":"default","ast-page-background-meta":{"desktop":{"background-color":"var(--ast-global-color-5)","background-image":"","background-repeat":"repeat","background-position":"center center","background-size":"auto","background-attachment":"scroll","background-type":"","background-media":"","overlay-type":"","overlay-color":"","overlay-opacity":"","overlay-gradient":""},"tablet":{"background-color":"","background-image":"","background-repeat":"repeat","background-position":"center center","background-size":"auto","background-attachment":"scroll","background-type":"","background-media":"","overlay-type":"","overlay-color":"","overlay-opacity":"","overlay-gradient":""},"mobile":{"background-color":"","background-image":"","background-repeat":"repeat","background-position":"center center","background-size":"auto","background-attachment":"scroll","background-type":"","background-media":"","overlay-type":"","overlay-color":"","overlay-opacity":"","overlay-gradient":""}},"ast-content-background-meta":{"desktop":{"background-color":"var(--ast-global-color-4)","background-image":"","background-repeat":"repeat","background-position":"center center","background-size":"auto","background-attachment":"scroll","background-type":"","background-media":"","overlay-type":"","overlay-color":"","overlay-opacity":"","overlay-gradient":""},"tablet":{"background-color":"var(--ast-global-color-4)","background-image":"","background-repeat":"repeat","background-position":"center center","background-size":"auto","background-attachment":"scroll","background-type":"","background-media":"","overlay-type":"","overlay-color":"","overlay-opacity":"","overlay-gradient":""},"mobile":{"background-color":"var(--ast-global-color-4)","background-image":"","background-repeat":"repeat","background-position":"center center","background-size":"auto","background-attachment":"scroll","background-type":"","background-media":"","overlay-type":"","overlay-color":"","overlay-opacity":"","overlay-gradient":""}}},"product_brand":[],"product_cat":[29],"product_tag":[],"class_list":{"0":"post-1154","1":"product","2":"type-product","3":"status-publish","4":"has-post-thumbnail","6":"product_cat-tracteurs","7":"desktop-align-left","8":"tablet-align-left","9":"mobile-align-left","11":"first","12":"instock","13":"sale","14":"shipping-taxable","15":"purchasable","16":"product-type-simple"},"aioseo_notices":[],"_links":{"self":[{"href":"https:\/\/sc-materiels.com\/de\/wp-json\/wp\/v2\/product\/1154","targetHints":{"allow":["GET"]}}],"collection":[{"href":"https:\/\/sc-materiels.com\/de\/wp-json\/wp\/v2\/product"}],"about":[{"href":"https:\/\/sc-materiels.com\/de\/wp-json\/wp\/v2\/types\/product"}],"wp:featuredmedia":[{"embeddable":true,"href":"https:\/\/sc-materiels.com\/de\/wp-json\/wp\/v2\/media\/1162"}],"wp:attachment":[{"href":"https:\/\/sc-materiels.com\/de\/wp-json\/wp\/v2\/media?parent=1154"}],"wp:term":[{"taxonomy":"product_brand","embeddable":true,"href":"https:\/\/sc-materiels.com\/de\/wp-json\/wp\/v2\/product_brand?post=1154"},{"taxonomy":"product_cat","embeddable":true,"href":"https:\/\/sc-materiels.com\/de\/wp-json\/wp\/v2\/product_cat?post=1154"},{"taxonomy":"product_tag","embeddable":true,"href":"https:\/\/sc-materiels.com\/de\/wp-json\/wp\/v2\/product_tag?post=1154"}],"curies":[{"name":"wp","href":"https:\/\/api.w.org\/{rel}","templated":true}]}}