{"id":1189,"date":"2025-05-29T08:46:41","date_gmt":"2025-05-29T08:46:41","guid":{"rendered":"https:\/\/sc-materiels.com\/?post_type=product&#038;p=1189"},"modified":"2025-05-29T08:46:41","modified_gmt":"2025-05-29T08:46:41","slug":"john-deere-6115mc","status":"publish","type":"product","link":"https:\/\/sc-materiels.com\/de\/produkt\/john-deere-6115mc\/","title":{"rendered":"John Deere 6115MC"},"content":{"rendered":"<h1><span>John Deere 6115MC &#8211; Seulement 1917 heures !<\/span><\/h1>\n<p>&nbsp;<\/p>\n<div dir=\"auto\">\n<div dir=\"auto\">\n<div><label><span>Ann\u00e9e du mod\u00e8le<\/span><\/label><span>2017<\/span><\/p>\n<\/div>\n<\/div>\n<div dir=\"auto\">\n<div><\/div>\n<div><label><span>Poids<\/span><\/label><span>Nicht angegeben<\/span><\/p>\n<\/div>\n<\/div>\n<div dir=\"auto\">\n<div><\/div>\n<div><label><span>Effet<\/span><\/label><span>116 ch<\/span><\/p>\n<\/div>\n<\/div>\n<div dir=\"auto\">\n<div><\/div>\n<div><label><span>Horaires de travail<\/span><\/label><span>1 917<\/span><\/p>\n<p><span>s&rsquo;agit d&rsquo;un John Deere 6115MC solide avec un moteur puissant et un ensemble d&rsquo;\u00e9quipements polyvalents &#8211; parfait pour diverses t\u00e2ches agricoles et de construction. Le tracteur est \u00e9quip\u00e9 d&rsquo;un chargeur frontal Quicke et dispose d&rsquo;\u00e9quipements de confort tels que la climatisation et la radio DAB+. Un partenaire de travail pratique avec de bonnes performances et de faibles heures de fonctionnement.<\/p>\n<p>Tracteur robuste et fiable avec peu d&rsquo;heures &#8211; pr\u00eat pour de nouvelles missions !<\/p>\n<p>Fran\u00e7ais : Informations cl\u00e9s :<br \/>\n&#8211; Mod\u00e8le : John Deere 6115MC<\/p>\n<p>&#8211; Type de moteur : 4 cylindres John Deere, 4,5 litres<br \/>\n&#8211; Puissance : 116 ch (selon l&rsquo;immatriculation du v\u00e9hicule)<br \/>\n&#8211; Compteur horaire : 1 917 heures<br \/>\n&#8211; Vitesse : jusqu&rsquo;\u00e0 40 km\/h<\/p>\n<p>Sp\u00e9cifications et \u00e9quipements :<br \/>\n&#8211; Transmission : Transmission PowerQuad Plus avec marche arri\u00e8re<br \/>\n&#8211; Hydraulique : 3 sorties doubles \u00e0 l&rsquo;arri\u00e8re<br \/>\n&#8211; Chargeur frontal Quicke Q4M<br \/>\n&#8211; 2 sorties double effet \u00e0 l&rsquo;avant<br \/>\n&#8211; Raccords rapides pour l&rsquo;hydraulique avant<\/p>\n<p>Confort :<br \/>\n&#8211; Climatisation<br \/>\n&#8211; Radio DAB+<\/p>\n<p>Pneus :<br \/>\n&#8211; Avant : Firestone 480\/65 R24 avec crampons, environ 22 mm<br \/>\n&#8211; Arri\u00e8re : Firestone 540\/65 R38 avec crampon, env. 28 mm<br \/>\n<\/span><\/p>\n<\/div>\n<\/div>\n<\/div>","protected":false},"excerpt":{"rendered":"<p>Verf\u00fcgbar<br \/>\nNichts vorherzusagen<br \/>\nMaschine betriebsbereit<br \/>\nR\u00e9f\u00e9rence SC Mat\u00e9riels : JHNDR6115MC<\/p>","protected":false},"featured_media":1206,"template":"","meta":{"inline_featured_image":false,"site-sidebar-layout":"default","site-content-layout":"","ast-site-content-layout":"default","site-content-style":"default","site-sidebar-style":"default","ast-global-header-display":"","ast-banner-title-visibility":"","ast-main-header-display":"","ast-hfb-above-header-display":"","ast-hfb-below-header-display":"","ast-hfb-mobile-header-display":"","site-post-title":"","ast-breadcrumbs-content":"","ast-featured-img":"","footer-sml-layout":"","ast-disable-related-posts":"","theme-transparent-header-meta":"default","adv-header-id-meta":"","stick-header-meta":"","header-above-stick-meta":"","header-main-stick-meta":"","header-below-stick-meta":"","astra-migrate-meta-layouts":"set","ast-page-background-enabled":"default","ast-page-background-meta":{"desktop":{"background-color":"var(--ast-global-color-5)","background-image":"","background-repeat":"repeat","background-position":"center center","background-size":"auto","background-attachment":"scroll","background-type":"","background-media":"","overlay-type":"","overlay-color":"","overlay-opacity":"","overlay-gradient":""},"tablet":{"background-color":"","background-image":"","background-repeat":"repeat","background-position":"center center","background-size":"auto","background-attachment":"scroll","background-type":"","background-media":"","overlay-type":"","overlay-color":"","overlay-opacity":"","overlay-gradient":""},"mobile":{"background-color":"","background-image":"","background-repeat":"repeat","background-position":"center center","background-size":"auto","background-attachment":"scroll","background-type":"","background-media":"","overlay-type":"","overlay-color":"","overlay-opacity":"","overlay-gradient":""}},"ast-content-background-meta":{"desktop":{"background-color":"var(--ast-global-color-4)","background-image":"","background-repeat":"repeat","background-position":"center center","background-size":"auto","background-attachment":"scroll","background-type":"","background-media":"","overlay-type":"","overlay-color":"","overlay-opacity":"","overlay-gradient":""},"tablet":{"background-color":"var(--ast-global-color-4)","background-image":"","background-repeat":"repeat","background-position":"center center","background-size":"auto","background-attachment":"scroll","background-type":"","background-media":"","overlay-type":"","overlay-color":"","overlay-opacity":"","overlay-gradient":""},"mobile":{"background-color":"var(--ast-global-color-4)","background-image":"","background-repeat":"repeat","background-position":"center center","background-size":"auto","background-attachment":"scroll","background-type":"","background-media":"","overlay-type":"","overlay-color":"","overlay-opacity":"","overlay-gradient":""}}},"product_brand":[],"product_cat":[29],"product_tag":[],"class_list":{"0":"post-1189","1":"product","2":"type-product","3":"status-publish","4":"has-post-thumbnail","6":"product_cat-tracteurs","7":"desktop-align-left","8":"tablet-align-left","9":"mobile-align-left","11":"first","12":"instock","13":"sale","14":"shipping-taxable","15":"purchasable","16":"product-type-simple"},"aioseo_notices":[],"_links":{"self":[{"href":"https:\/\/sc-materiels.com\/de\/wp-json\/wp\/v2\/product\/1189","targetHints":{"allow":["GET"]}}],"collection":[{"href":"https:\/\/sc-materiels.com\/de\/wp-json\/wp\/v2\/product"}],"about":[{"href":"https:\/\/sc-materiels.com\/de\/wp-json\/wp\/v2\/types\/product"}],"wp:featuredmedia":[{"embeddable":true,"href":"https:\/\/sc-materiels.com\/de\/wp-json\/wp\/v2\/media\/1206"}],"wp:attachment":[{"href":"https:\/\/sc-materiels.com\/de\/wp-json\/wp\/v2\/media?parent=1189"}],"wp:term":[{"taxonomy":"product_brand","embeddable":true,"href":"https:\/\/sc-materiels.com\/de\/wp-json\/wp\/v2\/product_brand?post=1189"},{"taxonomy":"product_cat","embeddable":true,"href":"https:\/\/sc-materiels.com\/de\/wp-json\/wp\/v2\/product_cat?post=1189"},{"taxonomy":"product_tag","embeddable":true,"href":"https:\/\/sc-materiels.com\/de\/wp-json\/wp\/v2\/product_tag?post=1189"}],"curies":[{"name":"wp","href":"https:\/\/api.w.org\/{rel}","templated":true}]}}