{"id":1227,"date":"2025-05-30T06:52:27","date_gmt":"2025-05-30T06:52:27","guid":{"rendered":"https:\/\/sc-materiels.com\/?post_type=product&#038;p=1227"},"modified":"2025-05-30T06:52:27","modified_gmt":"2025-05-30T06:52:27","slug":"camion-volvo-fm-450","status":"publish","type":"product","link":"https:\/\/sc-materiels.com\/de\/produkt\/camion-volvo-fm-450\/","title":{"rendered":"Volvo FM 450 LKW"},"content":{"rendered":"<div><label><span>Modelljahr: <\/span><\/label><span style=\"font-size: 16px;\">2017<\/span><\/div>\n<div><label><span>Kilometerstand: <\/span><\/label><span style=\"font-size: 16px;\">216 000 km<\/span><\/div>\n<div><label><span>Gewicht : <\/span><\/label><span style=\"font-size: 16px;\">26 000 kg<\/span><\/div>\n<div>\n<div><label><span>L\u00e4nge : <\/span><\/label><span style=\"font-size: 16px;\">Nicht angegeben<\/span><\/div>\n<div>\n<h2><\/h2>\n<h2><span>Description<\/span><\/h2>\n<div>\n<div>\n<p><span>Volvo FM 450 en bon \u00e9tat consid\u00e9r\u00e9 comme vendu.<\/span><\/p>\n<p><span>Carrosserie enti\u00e8rement galvanis\u00e9e, hayon coulissant, 2 v\u00e9rins pneumatiques, marchepieds dans les portes avant et arri\u00e8re des deux c\u00f4t\u00e9s, etc.<\/span><\/p>\n<p><span>Hiab X-Hipro 192 avec 5 stabilisateurs hydrauliques.<\/span><\/p>\n<p><span>Livr\u00e9e avec une grue homologu\u00e9e UE et une nouvelle grue homologu\u00e9e. Service de voiture et de grue.<\/span><\/p>\n<\/div>\n<\/div>\n<div dir=\"auto\"><\/div>\n<h2><span>Merkmale<\/span><\/h2>\n<div><span>Marke : <\/span><span>Volvo<\/span><\/div>\n<div><span>Modelljahr: <\/span><span>2017<\/span><\/div>\n<div><span>Fahrzeuggruppe: <\/span><span>camion-grue<\/span><\/div>\n<div><span>Effet : <\/span><span>450 ch<\/span><\/div>\n<div><span>Kilometerstand: <\/span><span>216 000 km<\/span><\/div>\n<div><span>Type d&rsquo;essieu : <\/span><span>6&#215;2<\/span><\/div>\n<div><span>Empattement : <\/span><span>4 300 cm<\/span><\/div>\n<div><span>Type de ressort avant : <\/span><span>Air<\/span><\/div>\n<div><span>Type de ressort arri\u00e8re : <\/span><span>Air<\/span><\/div>\n<div><span>Hecklift: <\/span><span>NEIN<\/span><\/div>\n<div><span>Gesamtgewicht: <\/span><span>26 000 kg<\/span><\/div>\n<div><span>Charge utile : <\/span><span>11 800 kg<\/span><\/div>\n<div><span>Type de cabine : <\/span><span>Carte<\/span><\/div>\n<div><span>Erstregistrierung: <\/span><span>27.6.2017<\/span><\/div>\n<div><span>approuv\u00e9 par l&rsquo;UE : <\/span><span>Oui<\/span><\/div>\n<div><span>Derni\u00e8re approbation de l&rsquo;UE : <\/span><span>Moins de trois mois<\/span><\/div>\n<p>&nbsp;<\/p>\n<h2><span>\u00c9quipement<\/span><\/h2>\n<ul>\n<li><span>Avantages de la pression des essieux<\/span><\/li>\n<li><span>Bogie-essieu relevable<\/span><\/li>\n<li><span>Bloc de diff\u00e9rence<\/span><\/li>\n<li><span>Lumi\u00e8re auxiliaire<\/span><\/li>\n<li><span>Contr\u00f4le du climat<\/span><\/li>\n<li><span>Chaise confort<\/span><\/li>\n<li><span>Prise de force<\/span><\/li>\n<li><span>Chauffage int\u00e9rieur<\/span><\/li>\n<li><span>Navigation<\/span><\/li>\n<li><span>Radio\/CD<\/span><\/li>\n<\/ul>\n<\/div>\n<\/div>","protected":false},"excerpt":{"rendered":"<p>Verf\u00fcgbar<br \/>\nNichts vorherzusagen<br \/>\nMaschine betriebsbereit<br \/>\nR\u00e9f\u00e9rence SC Mat\u00e9riels : CAVOLFM450<\/p>","protected":false},"featured_media":1237,"template":"","meta":{"inline_featured_image":false,"site-sidebar-layout":"default","site-content-layout":"","ast-site-content-layout":"default","site-content-style":"default","site-sidebar-style":"default","ast-global-header-display":"","ast-banner-title-visibility":"","ast-main-header-display":"","ast-hfb-above-header-display":"","ast-hfb-below-header-display":"","ast-hfb-mobile-header-display":"","site-post-title":"","ast-breadcrumbs-content":"","ast-featured-img":"","footer-sml-layout":"","ast-disable-related-posts":"","theme-transparent-header-meta":"default","adv-header-id-meta":"","stick-header-meta":"","header-above-stick-meta":"","header-main-stick-meta":"","header-below-stick-meta":"","astra-migrate-meta-layouts":"set","ast-page-background-enabled":"default","ast-page-background-meta":{"desktop":{"background-color":"var(--ast-global-color-5)","background-image":"","background-repeat":"repeat","background-position":"center center","background-size":"auto","background-attachment":"scroll","background-type":"","background-media":"","overlay-type":"","overlay-color":"","overlay-opacity":"","overlay-gradient":""},"tablet":{"background-color":"","background-image":"","background-repeat":"repeat","background-position":"center center","background-size":"auto","background-attachment":"scroll","background-type":"","background-media":"","overlay-type":"","overlay-color":"","overlay-opacity":"","overlay-gradient":""},"mobile":{"background-color":"","background-image":"","background-repeat":"repeat","background-position":"center center","background-size":"auto","background-attachment":"scroll","background-type":"","background-media":"","overlay-type":"","overlay-color":"","overlay-opacity":"","overlay-gradient":""}},"ast-content-background-meta":{"desktop":{"background-color":"var(--ast-global-color-4)","background-image":"","background-repeat":"repeat","background-position":"center center","background-size":"auto","background-attachment":"scroll","background-type":"","background-media":"","overlay-type":"","overlay-color":"","overlay-opacity":"","overlay-gradient":""},"tablet":{"background-color":"var(--ast-global-color-4)","background-image":"","background-repeat":"repeat","background-position":"center center","background-size":"auto","background-attachment":"scroll","background-type":"","background-media":"","overlay-type":"","overlay-color":"","overlay-opacity":"","overlay-gradient":""},"mobile":{"background-color":"var(--ast-global-color-4)","background-image":"","background-repeat":"repeat","background-position":"center center","background-size":"auto","background-attachment":"scroll","background-type":"","background-media":"","overlay-type":"","overlay-color":"","overlay-opacity":"","overlay-gradient":""}}},"product_brand":[],"product_cat":[31],"product_tag":[],"class_list":{"0":"post-1227","1":"product","2":"type-product","3":"status-publish","4":"has-post-thumbnail","6":"product_cat-camions-plateaux","7":"desktop-align-left","8":"tablet-align-left","9":"mobile-align-left","11":"first","12":"instock","13":"sale","14":"shipping-taxable","15":"purchasable","16":"product-type-simple"},"aioseo_notices":[],"_links":{"self":[{"href":"https:\/\/sc-materiels.com\/de\/wp-json\/wp\/v2\/product\/1227","targetHints":{"allow":["GET"]}}],"collection":[{"href":"https:\/\/sc-materiels.com\/de\/wp-json\/wp\/v2\/product"}],"about":[{"href":"https:\/\/sc-materiels.com\/de\/wp-json\/wp\/v2\/types\/product"}],"wp:featuredmedia":[{"embeddable":true,"href":"https:\/\/sc-materiels.com\/de\/wp-json\/wp\/v2\/media\/1237"}],"wp:attachment":[{"href":"https:\/\/sc-materiels.com\/de\/wp-json\/wp\/v2\/media?parent=1227"}],"wp:term":[{"taxonomy":"product_brand","embeddable":true,"href":"https:\/\/sc-materiels.com\/de\/wp-json\/wp\/v2\/product_brand?post=1227"},{"taxonomy":"product_cat","embeddable":true,"href":"https:\/\/sc-materiels.com\/de\/wp-json\/wp\/v2\/product_cat?post=1227"},{"taxonomy":"product_tag","embeddable":true,"href":"https:\/\/sc-materiels.com\/de\/wp-json\/wp\/v2\/product_tag?post=1227"}],"curies":[{"name":"wp","href":"https:\/\/api.w.org\/{rel}","templated":true}]}}