{"id":1248,"date":"2025-05-30T07:25:42","date_gmt":"2025-05-30T07:25:42","guid":{"rendered":"https:\/\/sc-materiels.com\/?post_type=product&#038;p=1248"},"modified":"2025-05-30T07:25:42","modified_gmt":"2025-05-30T07:25:42","slug":"camion-scania-r620","status":"publish","type":"product","link":"https:\/\/sc-materiels.com\/de\/produkt\/camion-scania-r620\/","title":{"rendered":"Scania R620 LKW"},"content":{"rendered":"<div dir=\"auto\">\n<h1><span>Scania R620<\/span><\/h1>\n<\/div>\n<div dir=\"auto\">\n<div>\n<div><\/div>\n<div><label><span>Modelljahr: <\/span><\/label><span style=\"font-size: 16px;\">2013<\/span><\/div>\n<\/div>\n<div>\n<div><label><span>Kilometerstand: <\/span><\/label><span style=\"font-size: 16px;\">788 000 km<\/span><\/div>\n<\/div>\n<div>\n<div><label><span>Gewicht : <\/span><\/label><span style=\"font-size: 16px;\">28 000 kg<\/span><\/div>\n<\/div>\n<div><label><span>L\u00e4nge : <\/span><\/label><span style=\"font-size: 16px;\">Nicht angegeben<\/span>&nbsp;<\/p>\n<h2><span>Description<\/span><\/h2>\n<div dir=\"auto\">\n<p><span>Scania voiture compl\u00e8te et agr\u00e9able, r\u00e9cemment homologu\u00e9e par l&rsquo;UE.<\/span><\/p>\n<p><span>Nouvel embrayage 2023. Transmission r\u00e9vis\u00e9e 2023. Nouveau volant 2024. Entretien et contr\u00f4le des 2 ans la semaine prochaine.<\/span><\/p>\n<p><span>Le crochet est courb\u00e9, ce qui permet d&rsquo;obtenir un angle faible du rabat lors de la traction de la charge.<\/span><\/p>\n<p><span>Dispose de divers \u00e9quipements\/\u00e9quipements de levage \u00e0 crochet. L\u2019\u00e9quipement n\u2019est pas vendu tant que la voiture n\u2019est pas vendue.<\/span><\/p>\n<p><span>Flocons de machine. 2022mod.<\/span><\/p>\n<p><span>Tombereau l\u00e9ger 2023mod.<\/span><\/p>\n<p><span>Aluminium, transport plat, avec attaches de grue.<\/span><\/p>\n<p><span>Conteneur de 22 m\u00e8tres cubes avec toit nu \u00e0 levage hydraulique.<\/span><\/p>\n<p><span>Grue V-crane V10, grue \u00e0 bois avec cabine et double extension.<\/span><\/p>\n<p>&nbsp;<\/p>\n<h2><span>Merkmale<\/span><\/h2>\n<div><span>Marke : <\/span><span>Scania<\/span><\/div>\n<div><span>Modelljahr: <\/span><span>2013<\/span><\/div>\n<div><span>Fahrzeuggruppe: <\/span><span>Crochet de levage<\/span><\/div>\n<div><span>Effet : <\/span><span>620 ch<\/span><\/div>\n<div><span>D\u00e9placement : <\/span><span>16 litres<\/span><\/div>\n<div><span>Kilometerstand: <\/span><span>788 000 km<\/span><\/div>\n<div><span>Bo\u00eete de vitesse : <\/span><span>Manuel<\/span><\/div>\n<div><span>Frein suppl\u00e9mentaire : <\/span><span>Ralentisseur<\/span><\/div>\n<div><span>Type d&rsquo;essieu : <\/span><span>6&#215;2<\/span><\/div>\n<div><span>Empattement : <\/span><span>450 cm<\/span><\/div>\n<div><span>Type de ressort avant : <\/span><span>Parabole<\/span><\/div>\n<div><span>Type de ressort arri\u00e8re : <\/span><span>Air<\/span><\/div>\n<div><span>Hecklift: <\/span><span>NEIN<\/span><\/div>\n<div><span>Gesamtgewicht: <\/span><span>28 000 kg<\/span><\/div>\n<div><span>Charge utile : <\/span><span>14 805 kg<\/span><\/div>\n<div><span>Type de cabine : <\/span><span>Long<\/span><\/div>\n<div><span>Si\u00e8ges : <\/span><span>2<\/span><\/div>\n<div><span>Num\u00e9ro d&rsquo;enregistrement<\/span><span>JD67341<\/span><\/div>\n<div><span>Erstregistrierung: <\/span><span>5.8.2013<\/span><\/div>\n<div><span>approuv\u00e9 par l&rsquo;UE : <\/span><span>Oui<\/span><\/div>\n<div><span>Derni\u00e8re approbation de l&rsquo;UE : <\/span><span>Moins de trois mois<\/span><\/div>\n<p>&nbsp;<\/p>\n<h2><span>\u00c9quipement<\/span><\/h2>\n<ul>\n<li><span>Avantages de la pression des essieux<\/span><\/li>\n<li><span>Bogie-essieu relevable<\/span><\/li>\n<li><span>Bloc de diff\u00e9rence<\/span><\/li>\n<li><span>Lumi\u00e8re auxiliaire<\/span><\/li>\n<li><span>R\u00e9frig\u00e9rateur<\/span><\/li>\n<li><span>Contr\u00f4le du climat<\/span><\/li>\n<li><span>Chaise confort<\/span><\/li>\n<li><span>Prise de force<\/span><\/li>\n<li><span>Chauffage int\u00e9rieur<\/span><\/li>\n<li><span>R\u00e9duction du moyeu<\/span><\/li>\n<li><span>Ensemble de spoilers<br \/>\n<\/span><\/li>\n<\/ul>\n<\/div>\n<\/div>\n<\/div>","protected":false},"excerpt":{"rendered":"<p>Verf\u00fcgbar<br \/>\nNichts vorherzusagen<br \/>\nMaschine betriebsbereit<br \/>\nR\u00e9f\u00e9rence SC Mat\u00e9riels : SSR620<\/p>","protected":false},"featured_media":1249,"template":"","meta":{"inline_featured_image":false,"site-sidebar-layout":"default","site-content-layout":"","ast-site-content-layout":"default","site-content-style":"default","site-sidebar-style":"default","ast-global-header-display":"","ast-banner-title-visibility":"","ast-main-header-display":"","ast-hfb-above-header-display":"","ast-hfb-below-header-display":"","ast-hfb-mobile-header-display":"","site-post-title":"","ast-breadcrumbs-content":"","ast-featured-img":"","footer-sml-layout":"","ast-disable-related-posts":"","theme-transparent-header-meta":"default","adv-header-id-meta":"","stick-header-meta":"","header-above-stick-meta":"","header-main-stick-meta":"","header-below-stick-meta":"","astra-migrate-meta-layouts":"set","ast-page-background-enabled":"default","ast-page-background-meta":{"desktop":{"background-color":"var(--ast-global-color-5)","background-image":"","background-repeat":"repeat","background-position":"center center","background-size":"auto","background-attachment":"scroll","background-type":"","background-media":"","overlay-type":"","overlay-color":"","overlay-opacity":"","overlay-gradient":""},"tablet":{"background-color":"","background-image":"","background-repeat":"repeat","background-position":"center center","background-size":"auto","background-attachment":"scroll","background-type":"","background-media":"","overlay-type":"","overlay-color":"","overlay-opacity":"","overlay-gradient":""},"mobile":{"background-color":"","background-image":"","background-repeat":"repeat","background-position":"center center","background-size":"auto","background-attachment":"scroll","background-type":"","background-media":"","overlay-type":"","overlay-color":"","overlay-opacity":"","overlay-gradient":""}},"ast-content-background-meta":{"desktop":{"background-color":"var(--ast-global-color-4)","background-image":"","background-repeat":"repeat","background-position":"center center","background-size":"auto","background-attachment":"scroll","background-type":"","background-media":"","overlay-type":"","overlay-color":"","overlay-opacity":"","overlay-gradient":""},"tablet":{"background-color":"var(--ast-global-color-4)","background-image":"","background-repeat":"repeat","background-position":"center center","background-size":"auto","background-attachment":"scroll","background-type":"","background-media":"","overlay-type":"","overlay-color":"","overlay-opacity":"","overlay-gradient":""},"mobile":{"background-color":"var(--ast-global-color-4)","background-image":"","background-repeat":"repeat","background-position":"center center","background-size":"auto","background-attachment":"scroll","background-type":"","background-media":"","overlay-type":"","overlay-color":"","overlay-opacity":"","overlay-gradient":""}}},"product_brand":[],"product_cat":[31],"product_tag":[],"class_list":{"0":"post-1248","1":"product","2":"type-product","3":"status-publish","4":"has-post-thumbnail","6":"product_cat-camions-plateaux","7":"desktop-align-left","8":"tablet-align-left","9":"mobile-align-left","11":"first","12":"instock","13":"sale","14":"shipping-taxable","15":"purchasable","16":"product-type-simple"},"aioseo_notices":[],"_links":{"self":[{"href":"https:\/\/sc-materiels.com\/de\/wp-json\/wp\/v2\/product\/1248","targetHints":{"allow":["GET"]}}],"collection":[{"href":"https:\/\/sc-materiels.com\/de\/wp-json\/wp\/v2\/product"}],"about":[{"href":"https:\/\/sc-materiels.com\/de\/wp-json\/wp\/v2\/types\/product"}],"wp:featuredmedia":[{"embeddable":true,"href":"https:\/\/sc-materiels.com\/de\/wp-json\/wp\/v2\/media\/1249"}],"wp:attachment":[{"href":"https:\/\/sc-materiels.com\/de\/wp-json\/wp\/v2\/media?parent=1248"}],"wp:term":[{"taxonomy":"product_brand","embeddable":true,"href":"https:\/\/sc-materiels.com\/de\/wp-json\/wp\/v2\/product_brand?post=1248"},{"taxonomy":"product_cat","embeddable":true,"href":"https:\/\/sc-materiels.com\/de\/wp-json\/wp\/v2\/product_cat?post=1248"},{"taxonomy":"product_tag","embeddable":true,"href":"https:\/\/sc-materiels.com\/de\/wp-json\/wp\/v2\/product_tag?post=1248"}],"curies":[{"name":"wp","href":"https:\/\/api.w.org\/{rel}","templated":true}]}}