{"id":1277,"date":"2025-05-30T07:37:23","date_gmt":"2025-05-30T07:37:23","guid":{"rendered":"https:\/\/sc-materiels.com\/?post_type=product&#038;p=1277"},"modified":"2025-05-30T07:37:24","modified_gmt":"2025-05-30T07:37:24","slug":"camion-scania-r580a6x2nb","status":"publish","type":"product","link":"https:\/\/sc-materiels.com\/de\/produkt\/camion-scania-r580a6x2nb\/","title":{"rendered":"Scania R580A6x2NB LKW"},"content":{"rendered":"<div dir=\"auto\">\n<h1><span>Scania R580A6x2NB<\/span><\/h1>\n<\/div>\n<div dir=\"auto\">\n<div>\n<div><\/div>\n<div><label><span>Modelljahr: <\/span><\/label><span style=\"font-size: 16px;\">2019<\/span><\/div>\n<\/div>\n<div>\n<div><label><span>Kilometerstand: <\/span><\/label><span style=\"font-size: 16px;\">625 000 km<\/span><\/div>\n<\/div>\n<div>\n<div><label><span>Gewicht : <\/span><\/label><span style=\"font-size: 16px;\">27 000 kg<\/span><\/div>\n<\/div>\n<div><label><span>L\u00e4nge : <\/span><\/label><span style=\"font-size: 16px;\">705 cm<\/span><\/p>\n<h2><span>Merkmale<\/span><\/h2>\n<div><span>Marke : <\/span><span>Scania<\/span><\/div>\n<div><span>Modelljahr: <\/span><span>2019<\/span><\/div>\n<div><span>Fahrzeuggruppe: <\/span><span>Tracteur<\/span><\/div>\n<div><span>Effet : <\/span><span>580 ch<\/span><\/div>\n<div><span>D\u00e9placement : <\/span><span>16 353 litres<\/span><\/div>\n<div><span>Kilometerstand: <\/span><span>625 000 km<\/span><\/div>\n<div><span>Bo\u00eete de vitesse : <\/span><span>Opticruise<\/span><\/div>\n<div><span>Frein suppl\u00e9mentaire : <\/span><span>Ralentisseur<\/span><\/div>\n<div><span>Type d&rsquo;essieu : <\/span><span>6&#215;2<\/span><\/div>\n<div><span>Empattement : <\/span><span>3 150 cm<\/span><\/div>\n<div><span>Type de ressort avant : <\/span><span>Air<\/span><\/div>\n<div><span>Type de ressort arri\u00e8re : <\/span><span>Air<\/span><\/div>\n<div><span>Hecklift: <\/span><span>NEIN<\/span><\/div>\n<div><span>Longueur en cm : <\/span><span>705 cm<\/span><\/div>\n<div><span>Gesamtgewicht: <\/span><span>27 000 kg<\/span><\/div>\n<div><span>Charge utile : <\/span><span>27 000 kg<\/span><\/div>\n<div><span>Type de cabine : <\/span><span>Long<\/span><\/div>\n<div><span>Si\u00e8ges : <\/span><span>2<\/span><\/div>\n<div><span>Registrierungsnummer: <\/span><span>CV92254<\/span><\/div>\n<div><span>Num\u00e9ro de ch\u00e2ssis : (VIN)<\/span><span>YS2R6X20002157673<\/span><\/div>\n<div><span>Erstregistrierung: <\/span><span>18.3.2019<\/span><\/div>\n<div><span>approuv\u00e9 par l&rsquo;UE : <\/span><span>Oui<\/span><\/div>\n<div><span>Derni\u00e8re approbation de l&rsquo;UE : <\/span><span>Moins de trois mois<\/span><\/div>\n<p>&nbsp;<\/p>\n<h2><span>\u00c9quipement<\/span><\/h2>\n<ul>\n<li><span>Bogie-essieu relevable<\/span><\/li>\n<li><span>Bloc de diff\u00e9rence<\/span><\/li>\n<li><span>Lumi\u00e8re auxiliaire<\/span><\/li>\n<li><span>R\u00e9frig\u00e9rateur<\/span><\/li>\n<li><span>Contr\u00f4le du climat<\/span><\/li>\n<li><span>Chaise confort<\/span><\/li>\n<li><span>Prise de force<\/span><\/li>\n<li><span>Chauffage int\u00e9rieur<\/span><\/li>\n<li><span>Navigation<\/span><\/li>\n<li><span>Radio\/CD<\/span><\/li>\n<li><span>Ensemble de spoilers<\/span><\/li>\n<li><span>Platine<br \/>\n<\/span><\/li>\n<\/ul>\n<\/div>\n<\/div>","protected":false},"excerpt":{"rendered":"<p>Verf\u00fcgbar<br \/>\nNichts vorherzusagen<br \/>\nMaschine betriebsbereit<br \/>\nR\u00e9f\u00e9rence SC Mat\u00e9riels : CSR580A62NB<\/p>","protected":false},"featured_media":1284,"template":"","meta":{"inline_featured_image":false,"site-sidebar-layout":"default","site-content-layout":"","ast-site-content-layout":"default","site-content-style":"default","site-sidebar-style":"default","ast-global-header-display":"","ast-banner-title-visibility":"","ast-main-header-display":"","ast-hfb-above-header-display":"","ast-hfb-below-header-display":"","ast-hfb-mobile-header-display":"","site-post-title":"","ast-breadcrumbs-content":"","ast-featured-img":"","footer-sml-layout":"","ast-disable-related-posts":"","theme-transparent-header-meta":"default","adv-header-id-meta":"","stick-header-meta":"","header-above-stick-meta":"","header-main-stick-meta":"","header-below-stick-meta":"","astra-migrate-meta-layouts":"set","ast-page-background-enabled":"default","ast-page-background-meta":{"desktop":{"background-color":"var(--ast-global-color-5)","background-image":"","background-repeat":"repeat","background-position":"center center","background-size":"auto","background-attachment":"scroll","background-type":"","background-media":"","overlay-type":"","overlay-color":"","overlay-opacity":"","overlay-gradient":""},"tablet":{"background-color":"","background-image":"","background-repeat":"repeat","background-position":"center center","background-size":"auto","background-attachment":"scroll","background-type":"","background-media":"","overlay-type":"","overlay-color":"","overlay-opacity":"","overlay-gradient":""},"mobile":{"background-color":"","background-image":"","background-repeat":"repeat","background-position":"center center","background-size":"auto","background-attachment":"scroll","background-type":"","background-media":"","overlay-type":"","overlay-color":"","overlay-opacity":"","overlay-gradient":""}},"ast-content-background-meta":{"desktop":{"background-color":"var(--ast-global-color-4)","background-image":"","background-repeat":"repeat","background-position":"center center","background-size":"auto","background-attachment":"scroll","background-type":"","background-media":"","overlay-type":"","overlay-color":"","overlay-opacity":"","overlay-gradient":""},"tablet":{"background-color":"var(--ast-global-color-4)","background-image":"","background-repeat":"repeat","background-position":"center center","background-size":"auto","background-attachment":"scroll","background-type":"","background-media":"","overlay-type":"","overlay-color":"","overlay-opacity":"","overlay-gradient":""},"mobile":{"background-color":"var(--ast-global-color-4)","background-image":"","background-repeat":"repeat","background-position":"center center","background-size":"auto","background-attachment":"scroll","background-type":"","background-media":"","overlay-type":"","overlay-color":"","overlay-opacity":"","overlay-gradient":""}}},"product_brand":[],"product_cat":[31],"product_tag":[],"class_list":{"0":"post-1277","1":"product","2":"type-product","3":"status-publish","4":"has-post-thumbnail","6":"product_cat-camions-plateaux","7":"desktop-align-left","8":"tablet-align-left","9":"mobile-align-left","11":"first","12":"instock","13":"sale","14":"shipping-taxable","15":"purchasable","16":"product-type-simple"},"aioseo_notices":[],"_links":{"self":[{"href":"https:\/\/sc-materiels.com\/de\/wp-json\/wp\/v2\/product\/1277","targetHints":{"allow":["GET"]}}],"collection":[{"href":"https:\/\/sc-materiels.com\/de\/wp-json\/wp\/v2\/product"}],"about":[{"href":"https:\/\/sc-materiels.com\/de\/wp-json\/wp\/v2\/types\/product"}],"wp:featuredmedia":[{"embeddable":true,"href":"https:\/\/sc-materiels.com\/de\/wp-json\/wp\/v2\/media\/1284"}],"wp:attachment":[{"href":"https:\/\/sc-materiels.com\/de\/wp-json\/wp\/v2\/media?parent=1277"}],"wp:term":[{"taxonomy":"product_brand","embeddable":true,"href":"https:\/\/sc-materiels.com\/de\/wp-json\/wp\/v2\/product_brand?post=1277"},{"taxonomy":"product_cat","embeddable":true,"href":"https:\/\/sc-materiels.com\/de\/wp-json\/wp\/v2\/product_cat?post=1277"},{"taxonomy":"product_tag","embeddable":true,"href":"https:\/\/sc-materiels.com\/de\/wp-json\/wp\/v2\/product_tag?post=1277"}],"curies":[{"name":"wp","href":"https:\/\/api.w.org\/{rel}","templated":true}]}}