{"id":1301,"date":"2025-05-30T07:56:32","date_gmt":"2025-05-30T07:56:32","guid":{"rendered":"https:\/\/sc-materiels.com\/?post_type=product&#038;p=1301"},"modified":"2025-05-30T08:39:59","modified_gmt":"2025-05-30T08:39:59","slug":"camion-basculante-ovex","status":"publish","type":"product","link":"https:\/\/sc-materiels.com\/de\/produkt\/camion-basculante-ovex\/","title":{"rendered":"OVEX Muldenkipper"},"content":{"rendered":"<div dir=\"auto\">\n<h1><span>Kippanh\u00e4nger <\/span><span>Kippen mit Hardox-Karosserie<\/span><\/h1>\n<\/div>\n<div dir=\"auto\">\n<div>\n<div><\/div>\n<div><label><span>Modelljahr: <\/span><\/label><span style=\"font-size: 16px;\">2014<\/span><\/div>\n<\/div>\n<div><label><span>Gewicht : <\/span><\/label><span style=\"font-size: 16px;\">20 600 kg<\/span><\/div>\n<div><label><span>L\u00e4nge : <\/span><\/label><span style=\"font-size: 16px;\">Nicht angegeben<\/span><\/div>\n<div>\n<p>&nbsp;<\/p>\n<p><span><strong>OVEX Kippanh\u00e4nger<\/strong><br \/>\nBeschreibung :<br \/>\nSchwerlast-Kippanh\u00e4nger mit Hardox-Karosserie, ideal f\u00fcr Bauarbeiten und Sch\u00fcttguttransporte. Dieser Anh\u00e4nger ist f\u00fcr schwere Lasten und harte Bedingungen ausgelegt \u2013 ein langlebiges Arbeitstier mit gro\u00dfer Kapazit\u00e4t.<\/p>\n<p><strong>Einzelheiten:<\/strong><br \/>\nMarke: OVEX<br \/>\nKarosserie: Hardox<br \/>\nTyp: Kippanh\u00e4nger mit Boogie<br \/>\nFederung: Luft<br \/>\nAnzahl der Achsen: 2<br \/>\nLiftachse: Ja<br \/>\nReifen: Unterschiedlicher Zustand \u2013 einige Reifen weisen deutliche Abnutzung auf (siehe Fotos).<br \/>\nBremsen\/Lichter: Ungepr\u00fcfter Zustand \u2013 wird verkauft wie gesehen.<br \/>\nVerbindung: Klimmzugstange mit Bolzenbefestigung<br \/>\nWerkzeugschrank beidseitig abschlie\u00dfbar<\/p>\n<p><strong>Zustand :<\/strong><br \/>\nDie Box weist sichtbaren Oberfl\u00e4chenrost auf, macht aber einen soliden und brauchbaren Eindruck.<br \/>\nHydraulisch \u00f6ffnende\/schlie\u00dfende Heckklappe.<br \/>\nStahlrahmen, weist etwas Korrosion auf, scheint aber strukturell intakt.<br \/>\nAn der Heckklappe wurden Wasser- oder Schmutzlecks festgestellt (siehe Foto).<br \/>\nLichter und Reflektoren intakt.<br \/>\nEU-Zulassung vor dem Verkauf.<\/span><\/p>\n<p>&nbsp;<\/p>\n<h2><span>Merkmale<\/span><\/h2>\n<div><span>Marke : <\/span><span>Andere<\/span><\/div>\n<div><span>Modelljahr: <\/span><span>2014<\/span><\/div>\n<div><span>Fahrzeuggruppe: <\/span><span>Aufh\u00e4nger<\/span><\/div>\n<div><span>Kilometerstand: <\/span><span>9 999 km<\/span><\/div>\n<div><span>Hecklift: <\/span><span>NEIN<\/span><\/div>\n<div><span>Gesamtgewicht: <\/span><span>20 600 kg<\/span><\/div>\n<div><span>Registrierungsnummer: <\/span><span>VS7045<\/span><\/div>\n<div><span>Erstregistrierung: <\/span><span>22.10.2014<br \/>\n<\/span><\/div>\n<\/div>\n<\/div>","protected":false},"excerpt":{"rendered":"<p>Verf\u00fcgbar<br \/>\nNichts vorherzusagen<br \/>\nMaschine betriebsbereit<br \/>\nSC-Materiels referenz: CRBBOVEX<\/p>","protected":false},"featured_media":1321,"template":"","meta":{"inline_featured_image":false,"site-sidebar-layout":"default","site-content-layout":"","ast-site-content-layout":"default","site-content-style":"default","site-sidebar-style":"default","ast-global-header-display":"","ast-banner-title-visibility":"","ast-main-header-display":"","ast-hfb-above-header-display":"","ast-hfb-below-header-display":"","ast-hfb-mobile-header-display":"","site-post-title":"","ast-breadcrumbs-content":"","ast-featured-img":"","footer-sml-layout":"","ast-disable-related-posts":"","theme-transparent-header-meta":"default","adv-header-id-meta":"","stick-header-meta":"","header-above-stick-meta":"","header-main-stick-meta":"","header-below-stick-meta":"","astra-migrate-meta-layouts":"set","ast-page-background-enabled":"default","ast-page-background-meta":{"desktop":{"background-color":"var(--ast-global-color-5)","background-image":"","background-repeat":"repeat","background-position":"center center","background-size":"auto","background-attachment":"scroll","background-type":"","background-media":"","overlay-type":"","overlay-color":"","overlay-opacity":"","overlay-gradient":""},"tablet":{"background-color":"","background-image":"","background-repeat":"repeat","background-position":"center center","background-size":"auto","background-attachment":"scroll","background-type":"","background-media":"","overlay-type":"","overlay-color":"","overlay-opacity":"","overlay-gradient":""},"mobile":{"background-color":"","background-image":"","background-repeat":"repeat","background-position":"center center","background-size":"auto","background-attachment":"scroll","background-type":"","background-media":"","overlay-type":"","overlay-color":"","overlay-opacity":"","overlay-gradient":""}},"ast-content-background-meta":{"desktop":{"background-color":"var(--ast-global-color-4)","background-image":"","background-repeat":"repeat","background-position":"center center","background-size":"auto","background-attachment":"scroll","background-type":"","background-media":"","overlay-type":"","overlay-color":"","overlay-opacity":"","overlay-gradient":""},"tablet":{"background-color":"var(--ast-global-color-4)","background-image":"","background-repeat":"repeat","background-position":"center center","background-size":"auto","background-attachment":"scroll","background-type":"","background-media":"","overlay-type":"","overlay-color":"","overlay-opacity":"","overlay-gradient":""},"mobile":{"background-color":"var(--ast-global-color-4)","background-image":"","background-repeat":"repeat","background-position":"center center","background-size":"auto","background-attachment":"scroll","background-type":"","background-media":"","overlay-type":"","overlay-color":"","overlay-opacity":"","overlay-gradient":""}}},"product_brand":[],"product_cat":[30],"product_tag":[],"class_list":{"0":"post-1301","1":"product","2":"type-product","3":"status-publish","4":"has-post-thumbnail","6":"product_cat-remorques","7":"desktop-align-left","8":"tablet-align-left","9":"mobile-align-left","11":"first","12":"instock","13":"shipping-taxable","14":"purchasable","15":"product-type-simple"},"aioseo_notices":[],"_links":{"self":[{"href":"https:\/\/sc-materiels.com\/de\/wp-json\/wp\/v2\/product\/1301","targetHints":{"allow":["GET"]}}],"collection":[{"href":"https:\/\/sc-materiels.com\/de\/wp-json\/wp\/v2\/product"}],"about":[{"href":"https:\/\/sc-materiels.com\/de\/wp-json\/wp\/v2\/types\/product"}],"wp:featuredmedia":[{"embeddable":true,"href":"https:\/\/sc-materiels.com\/de\/wp-json\/wp\/v2\/media\/1321"}],"wp:attachment":[{"href":"https:\/\/sc-materiels.com\/de\/wp-json\/wp\/v2\/media?parent=1301"}],"wp:term":[{"taxonomy":"product_brand","embeddable":true,"href":"https:\/\/sc-materiels.com\/de\/wp-json\/wp\/v2\/product_brand?post=1301"},{"taxonomy":"product_cat","embeddable":true,"href":"https:\/\/sc-materiels.com\/de\/wp-json\/wp\/v2\/product_cat?post=1301"},{"taxonomy":"product_tag","embeddable":true,"href":"https:\/\/sc-materiels.com\/de\/wp-json\/wp\/v2\/product_tag?post=1301"}],"curies":[{"name":"wp","href":"https:\/\/api.w.org\/{rel}","templated":true}]}}