{"id":1322,"date":"2025-05-30T08:37:55","date_gmt":"2025-05-30T08:37:55","guid":{"rendered":"https:\/\/sc-materiels.com\/?post_type=product&#038;p=1322"},"modified":"2025-05-30T08:37:55","modified_gmt":"2025-05-30T08:37:55","slug":"camion-daf-cf85-360-6x4","status":"publish","type":"product","link":"https:\/\/sc-materiels.com\/de\/produkt\/camion-daf-cf85-360-6x4\/","title":{"rendered":"DAF CF85.360 LKW \u2013 6\u00d74"},"content":{"rendered":"<div class=\"product__container product__technical-description\">\n<ul class=\"zebra\">\n<li><label>Cat\u00e9gorie : <\/label>Benne\/Bi-Benne\/Tri-Benne<\/li>\n<li><label>Type : <\/label>CF85.360 &#8211; 6X4<\/li>\n<li><label>Num\u00e9ro de ch\u00e2ssis : <\/label>XLRAT85MC0E911032<\/li>\n<li><label>Ann\u00e9e de fabrication : <\/label>2011<\/li>\n<li><label>EURO<\/label>5<\/li>\n<li><label>Puissance du moteur : <\/label>360<\/li>\n<li><label>Empattement : <\/label>430 cm<\/li>\n<li><label>Configuration des essieux : <\/label>6&#215;4<\/li>\n<li><label>PTAC : <\/label>26000 kg<\/li>\n<li><label>Type de cabine : <\/label>Cabine courte<\/li>\n<li><label>Bo\u00eete de vitesses : <\/label>Automatique<\/li>\n<li><label>Ralentisseur : <\/label>NEIN<\/li>\n<li><label>Prise de force : <\/label>Bo\u00eete de vitesses<\/li>\n<li><label>R\u00e9servoir diesel : <\/label>1<\/li>\n<li><label>Tare (kg) : <\/label>14620<\/li>\n<\/ul>\n<\/div>\n<div class=\"product__container product__construction-specifications\">\n<p class=\"title\">Sp\u00e9cifications de la superstructure<\/p>\n<ul class=\"zebra\">\n<li><label>Dimensions (L x l x h)<\/label>245 x 570 x 70 cm<\/li>\n<li><label>Volume<\/label>9.8 m\u00b3<\/li>\n<li><label>Type de grue<\/label>PK16001 -K B Met RC<\/li>\n<li><label>Marque de grue : <\/label>PALFINGER<\/li>\n<li><label>Ann\u00e9e de grue<\/label>0<\/li>\n<li><label>Position de la grue : <\/label>Derri\u00e8re la cabine<\/li>\n<\/ul>\n<div class=\"product__options\">\n<p class=\"title\">Options<\/p>\n<p>6&#215;4, ABS, Climatisation, Ordinateur de bord, R\u00e9gulateur de vitesse, Blocage de diff\u00e9rentiel, Double porte basculante, Vitres \u00e9lectriques, R\u00e9troviseurs \u00e9lectriques, Syst\u00e8me hydraulique, Bo\u00eete \u00e0 outils, Phares antibrouillard, Frein moteur, PTO (Bo\u00eete de vitesses), Radio \/ CD, Tuyau d&rsquo;\u00e9chappement vertical , R\u00e9troviseurs ext\u00e9rieurs chauffants<\/p><\/div>\n<\/div>","protected":false},"excerpt":{"rendered":"<ul class=\"product__labels\">\n<li><label>Marque<\/label>DAF<\/li>\n<li><label>Type<\/label>CF85.360 &#8211; 6X4<\/li>\n<li><label>1re immatriculation<\/label><span class=\"date-display-single\">22\/06\/2011<\/span><\/li>\n<li><label>Kilom\u00e9trage<\/label>270389 km<\/li>\n<li><label>Largeur<\/label>255 cm<\/li>\n<li><label>Longeur<\/label>915 cm<\/li>\n<li><label>Hauteur<\/label>375 cm<\/li>\n<\/ul>\n<p>Verf\u00fcgbar<br \/>\nNichts vorherzusagen<br \/>\nMaschine betriebsbereit<br \/>\nR\u00e9f\u00e9rence SC Mat\u00e9riels : CADAFCF853606X4<\/p>","protected":false},"featured_media":1323,"template":"","meta":{"inline_featured_image":false,"site-sidebar-layout":"default","site-content-layout":"","ast-site-content-layout":"default","site-content-style":"default","site-sidebar-style":"default","ast-global-header-display":"","ast-banner-title-visibility":"","ast-main-header-display":"","ast-hfb-above-header-display":"","ast-hfb-below-header-display":"","ast-hfb-mobile-header-display":"","site-post-title":"","ast-breadcrumbs-content":"","ast-featured-img":"","footer-sml-layout":"","ast-disable-related-posts":"","theme-transparent-header-meta":"default","adv-header-id-meta":"","stick-header-meta":"","header-above-stick-meta":"","header-main-stick-meta":"","header-below-stick-meta":"","astra-migrate-meta-layouts":"set","ast-page-background-enabled":"default","ast-page-background-meta":{"desktop":{"background-color":"var(--ast-global-color-5)","background-image":"","background-repeat":"repeat","background-position":"center center","background-size":"auto","background-attachment":"scroll","background-type":"","background-media":"","overlay-type":"","overlay-color":"","overlay-opacity":"","overlay-gradient":""},"tablet":{"background-color":"","background-image":"","background-repeat":"repeat","background-position":"center center","background-size":"auto","background-attachment":"scroll","background-type":"","background-media":"","overlay-type":"","overlay-color":"","overlay-opacity":"","overlay-gradient":""},"mobile":{"background-color":"","background-image":"","background-repeat":"repeat","background-position":"center center","background-size":"auto","background-attachment":"scroll","background-type":"","background-media":"","overlay-type":"","overlay-color":"","overlay-opacity":"","overlay-gradient":""}},"ast-content-background-meta":{"desktop":{"background-color":"var(--ast-global-color-4)","background-image":"","background-repeat":"repeat","background-position":"center center","background-size":"auto","background-attachment":"scroll","background-type":"","background-media":"","overlay-type":"","overlay-color":"","overlay-opacity":"","overlay-gradient":""},"tablet":{"background-color":"var(--ast-global-color-4)","background-image":"","background-repeat":"repeat","background-position":"center center","background-size":"auto","background-attachment":"scroll","background-type":"","background-media":"","overlay-type":"","overlay-color":"","overlay-opacity":"","overlay-gradient":""},"mobile":{"background-color":"var(--ast-global-color-4)","background-image":"","background-repeat":"repeat","background-position":"center center","background-size":"auto","background-attachment":"scroll","background-type":"","background-media":"","overlay-type":"","overlay-color":"","overlay-opacity":"","overlay-gradient":""}}},"product_brand":[],"product_cat":[31],"product_tag":[],"class_list":{"0":"post-1322","1":"product","2":"type-product","3":"status-publish","4":"has-post-thumbnail","6":"product_cat-camions-plateaux","7":"desktop-align-left","8":"tablet-align-left","9":"mobile-align-left","11":"first","12":"instock","13":"sale","14":"shipping-taxable","15":"purchasable","16":"product-type-simple"},"aioseo_notices":[],"_links":{"self":[{"href":"https:\/\/sc-materiels.com\/de\/wp-json\/wp\/v2\/product\/1322","targetHints":{"allow":["GET"]}}],"collection":[{"href":"https:\/\/sc-materiels.com\/de\/wp-json\/wp\/v2\/product"}],"about":[{"href":"https:\/\/sc-materiels.com\/de\/wp-json\/wp\/v2\/types\/product"}],"wp:featuredmedia":[{"embeddable":true,"href":"https:\/\/sc-materiels.com\/de\/wp-json\/wp\/v2\/media\/1323"}],"wp:attachment":[{"href":"https:\/\/sc-materiels.com\/de\/wp-json\/wp\/v2\/media?parent=1322"}],"wp:term":[{"taxonomy":"product_brand","embeddable":true,"href":"https:\/\/sc-materiels.com\/de\/wp-json\/wp\/v2\/product_brand?post=1322"},{"taxonomy":"product_cat","embeddable":true,"href":"https:\/\/sc-materiels.com\/de\/wp-json\/wp\/v2\/product_cat?post=1322"},{"taxonomy":"product_tag","embeddable":true,"href":"https:\/\/sc-materiels.com\/de\/wp-json\/wp\/v2\/product_tag?post=1322"}],"curies":[{"name":"wp","href":"https:\/\/api.w.org\/{rel}","templated":true}]}}