{"id":1333,"date":"2025-05-30T08:57:14","date_gmt":"2025-05-30T08:57:14","guid":{"rendered":"https:\/\/sc-materiels.com\/?post_type=product&#038;p=1333"},"modified":"2025-06-05T12:00:42","modified_gmt":"2025-06-05T12:00:42","slug":"camion-volvo-fh-750-6x4","status":"publish","type":"product","link":"https:\/\/sc-materiels.com\/de\/produkt\/camion-volvo-fh-750-6x4\/","title":{"rendered":"Volvo FH 750 LKW \u2013 6\u00d74"},"content":{"rendered":"<div class=\"product__container product__technical-description\">\n<ul class=\"zebra\">\n<li><label>Cat\u00e9gorie :\u00a0<\/label>Ch\u00e2ssis-Cabine<\/li>\n<li><label>Type : <\/label>FH 750 &#8211; 6&#215;4<\/li>\n<li><label>Num\u00e9ro de ch\u00e2ssis : <\/label>YV2R0P0D0KB901787<\/li>\n<li><label>Ann\u00e9e de fabrication : <\/label>2019<\/li>\n<li><label>EURO<\/label>6<\/li>\n<li><label>Puissance du moteur : <\/label>750<\/li>\n<li><label>Empattement : <\/label>490 cm<\/li>\n<li><label>Configuration des essieux : <\/label>6&#215;4<\/li>\n<li><label>PTAC : <\/label>26100 kg<\/li>\n<li><label>Type de cabine : <\/label>Cabine couchette<\/li>\n<li><label>Bo\u00eete de vitesses : <\/label>Automatique<\/li>\n<li><label>Ralentisseur : <\/label>Oui<\/li>\n<li><label>Prise de force : <\/label>Bo\u00eete de vitesses<\/li>\n<li><label>R\u00e9servoir : diesel<\/label>1<\/li>\n<li><label>Tachygraphe : <\/label>Num\u00e9rique<\/li>\n<li><label>Tare (kg) : <\/label>17785<\/li>\n<\/ul>\n<\/div>\n<div class=\"product__container product__construction-specifications\">\n<div class=\"product__options\">\n<p class=\"title\">Options<\/p>\n<p>6&#215;4, Attelage de remorque, ABS, Climatisation, Couchettes: 2, Bluetooth, Ordinateur de bord, R\u00e9servoirs de carburant: 2, R\u00e9gulateur de vitesse, Blocage de diff\u00e9rentiel, Vitres \u00e9lectriques, R\u00e9troviseurs \u00e9lectriques, R\u00e9frig\u00e9rateur, Klaxon, Phares antibrouillard, PTO (Bo\u00eete de vitesses), Radio, Ralentisseur, Tachygraphe num\u00e9rique, Phares longue-port\u00e9e, R\u00e9troviseurs ext\u00e9rieurs chauffants, Webasto, Visi\u00e8re<\/p>\n<\/div>\n<\/div>","protected":false},"excerpt":{"rendered":"<ul>\n<li><label>Largeur : <\/label>255 cm<\/li>\n<li><label>Longeur : <\/label>1020 cm<\/li>\n<li><label>Hauteur : <\/label>395 cm<\/li>\n<\/ul>\n<p>Verf\u00fcgbar<br \/>\nNichts vorherzusagen<br \/>\nMaschine betriebsbereit<br \/>\nR\u00e9f\u00e9rence SC Mat\u00e9riels : CVFH7506X4<\/p>","protected":false},"featured_media":1334,"template":"","meta":{"inline_featured_image":false,"site-sidebar-layout":"default","site-content-layout":"","ast-site-content-layout":"default","site-content-style":"default","site-sidebar-style":"default","ast-global-header-display":"","ast-banner-title-visibility":"","ast-main-header-display":"","ast-hfb-above-header-display":"","ast-hfb-below-header-display":"","ast-hfb-mobile-header-display":"","site-post-title":"","ast-breadcrumbs-content":"","ast-featured-img":"","footer-sml-layout":"","ast-disable-related-posts":"","theme-transparent-header-meta":"default","adv-header-id-meta":"","stick-header-meta":"","header-above-stick-meta":"","header-main-stick-meta":"","header-below-stick-meta":"","astra-migrate-meta-layouts":"set","ast-page-background-enabled":"default","ast-page-background-meta":{"desktop":{"background-color":"var(--ast-global-color-5)","background-image":"","background-repeat":"repeat","background-position":"center center","background-size":"auto","background-attachment":"scroll","background-type":"","background-media":"","overlay-type":"","overlay-color":"","overlay-opacity":"","overlay-gradient":""},"tablet":{"background-color":"","background-image":"","background-repeat":"repeat","background-position":"center center","background-size":"auto","background-attachment":"scroll","background-type":"","background-media":"","overlay-type":"","overlay-color":"","overlay-opacity":"","overlay-gradient":""},"mobile":{"background-color":"","background-image":"","background-repeat":"repeat","background-position":"center center","background-size":"auto","background-attachment":"scroll","background-type":"","background-media":"","overlay-type":"","overlay-color":"","overlay-opacity":"","overlay-gradient":""}},"ast-content-background-meta":{"desktop":{"background-color":"var(--ast-global-color-4)","background-image":"","background-repeat":"repeat","background-position":"center center","background-size":"auto","background-attachment":"scroll","background-type":"","background-media":"","overlay-type":"","overlay-color":"","overlay-opacity":"","overlay-gradient":""},"tablet":{"background-color":"var(--ast-global-color-4)","background-image":"","background-repeat":"repeat","background-position":"center center","background-size":"auto","background-attachment":"scroll","background-type":"","background-media":"","overlay-type":"","overlay-color":"","overlay-opacity":"","overlay-gradient":""},"mobile":{"background-color":"var(--ast-global-color-4)","background-image":"","background-repeat":"repeat","background-position":"center center","background-size":"auto","background-attachment":"scroll","background-type":"","background-media":"","overlay-type":"","overlay-color":"","overlay-opacity":"","overlay-gradient":""}}},"product_brand":[],"product_cat":[31],"product_tag":[],"class_list":{"0":"post-1333","1":"product","2":"type-product","3":"status-publish","4":"has-post-thumbnail","6":"product_cat-camions-plateaux","7":"desktop-align-left","8":"tablet-align-left","9":"mobile-align-left","11":"first","12":"instock","13":"sale","14":"shipping-taxable","15":"purchasable","16":"product-type-simple"},"aioseo_notices":[],"_links":{"self":[{"href":"https:\/\/sc-materiels.com\/de\/wp-json\/wp\/v2\/product\/1333","targetHints":{"allow":["GET"]}}],"collection":[{"href":"https:\/\/sc-materiels.com\/de\/wp-json\/wp\/v2\/product"}],"about":[{"href":"https:\/\/sc-materiels.com\/de\/wp-json\/wp\/v2\/types\/product"}],"wp:featuredmedia":[{"embeddable":true,"href":"https:\/\/sc-materiels.com\/de\/wp-json\/wp\/v2\/media\/1334"}],"wp:attachment":[{"href":"https:\/\/sc-materiels.com\/de\/wp-json\/wp\/v2\/media?parent=1333"}],"wp:term":[{"taxonomy":"product_brand","embeddable":true,"href":"https:\/\/sc-materiels.com\/de\/wp-json\/wp\/v2\/product_brand?post=1333"},{"taxonomy":"product_cat","embeddable":true,"href":"https:\/\/sc-materiels.com\/de\/wp-json\/wp\/v2\/product_cat?post=1333"},{"taxonomy":"product_tag","embeddable":true,"href":"https:\/\/sc-materiels.com\/de\/wp-json\/wp\/v2\/product_tag?post=1333"}],"curies":[{"name":"wp","href":"https:\/\/api.w.org\/{rel}","templated":true}]}}