{"id":1355,"date":"2025-05-30T09:15:10","date_gmt":"2025-05-30T09:15:10","guid":{"rendered":"https:\/\/sc-materiels.com\/?post_type=product&#038;p=1355"},"modified":"2025-05-30T09:15:10","modified_gmt":"2025-05-30T09:15:10","slug":"camion-renault-d14-250","status":"publish","type":"product","link":"https:\/\/sc-materiels.com\/de\/produkt\/camion-renault-d14-250\/","title":{"rendered":"Renault D14.250 LKW"},"content":{"rendered":"<div class=\"product__container product__technical-description\">\n<ul class=\"zebra\">\n<li><label>Cat\u00e9gorie<\/label>Camion Grue<\/li>\n<li><label>Type<\/label>D14.250<\/li>\n<li><label>Num\u00e9ro de ch\u00e2ssis<\/label>VF640J867JB006635<\/li>\n<li><label>Ann\u00e9e de fabrication<\/label>2018<\/li>\n<li><label>EURO<\/label>6<\/li>\n<li><label>Puissance du moteur<\/label>250<\/li>\n<li><label>Empattement<\/label>470 cm<\/li>\n<li><label>Configuration des essieux<\/label>4&#215;2<\/li>\n<li><label>PTAC<\/label>14300 kg<\/li>\n<li><label>Type de cabine<\/label>Cabine courte<\/li>\n<li><label>Bo\u00eete de vitesses<\/label>Manuelle<\/li>\n<li><label>Ralentisseur<\/label>NEIN<\/li>\n<li><label>Prise de force<\/label>Bo\u00eete de vitesses<\/li>\n<li><label>R\u00e9servoir diesel<\/label>1<\/li>\n<li><label>Tachygraphe<\/label>Num\u00e9rique<\/li>\n<li><label>Tare (kg)<\/label>10640<\/li>\n<\/ul>\n<\/div>\n<div class=\"product__container product__construction-specifications\">\n<p class=\"title\">Sp\u00e9cifications de la superstructure<\/p>\n<ul class=\"zebra\">\n<li><label>Type de grue<\/label>113 G2T with remote control<\/li>\n<li><label>Marque de grue<\/label>Ecrisa<\/li>\n<li><label>Ann\u00e9e de grue<\/label>0<\/li>\n<li><label>Position de la grue<\/label><\/li>\n<\/ul>\n<div class=\"product__options\">\n<p class=\"title\">Options<\/p>\n<p>4&#215;2, Attelage de remorque, ABS, Climatisation, Ordinateur de bord, R\u00e9gulateur de vitesse, Troisi\u00e8me si\u00e8ge, Blocage de diff\u00e9rentiel, Vitres \u00e9lectriques, R\u00e9troviseurs \u00e9lectriques, Bo\u00eete \u00e0 outils, Frein moteur, PTO (Bo\u00eete de vitesses), Radio, Roue de secours, Tachygraphe num\u00e9rique, Tempomat, R\u00e9troviseurs ext\u00e9rieurs chauffants, Visi\u00e8re, Girophare<\/p><\/div>\n<\/div>","protected":false},"excerpt":{"rendered":"<div class=\"product__container product__general-description--info\">\n<ul class=\"product__labels\">\n<li><label>Marke : <\/label>Renault<\/li>\n<li><label>Type<\/label>D14.250<\/li>\n<li><label>1re immatriculation<\/label><span class=\"date-display-single\">12\/04\/2018<\/span><\/li>\n<li><label>Kilom\u00e9trage<\/label>85226 km<\/li>\n<\/ul>\n<\/div>\n<div class=\"product__cta-new\">\n<ul>\n<li><label>Largeur<\/label>255 cm<\/li>\n<li><label>Longeur<\/label>820 cm<\/li>\n<li><label>Hauteur<\/label>335 cm<\/li>\n<\/ul>\n<\/div>\n<p>Verf\u00fcgbar<br \/>\nNichts vorherzusagen<br \/>\nMaschine betriebsbereit<br \/>\nR\u00e9f\u00e9rence SC Mat\u00e9riels : CRD14250<\/p>","protected":false},"featured_media":1356,"template":"","meta":{"inline_featured_image":false,"site-sidebar-layout":"default","site-content-layout":"","ast-site-content-layout":"default","site-content-style":"default","site-sidebar-style":"default","ast-global-header-display":"","ast-banner-title-visibility":"","ast-main-header-display":"","ast-hfb-above-header-display":"","ast-hfb-below-header-display":"","ast-hfb-mobile-header-display":"","site-post-title":"","ast-breadcrumbs-content":"","ast-featured-img":"","footer-sml-layout":"","ast-disable-related-posts":"","theme-transparent-header-meta":"default","adv-header-id-meta":"","stick-header-meta":"","header-above-stick-meta":"","header-main-stick-meta":"","header-below-stick-meta":"","astra-migrate-meta-layouts":"set","ast-page-background-enabled":"default","ast-page-background-meta":{"desktop":{"background-color":"var(--ast-global-color-5)","background-image":"","background-repeat":"repeat","background-position":"center center","background-size":"auto","background-attachment":"scroll","background-type":"","background-media":"","overlay-type":"","overlay-color":"","overlay-opacity":"","overlay-gradient":""},"tablet":{"background-color":"","background-image":"","background-repeat":"repeat","background-position":"center center","background-size":"auto","background-attachment":"scroll","background-type":"","background-media":"","overlay-type":"","overlay-color":"","overlay-opacity":"","overlay-gradient":""},"mobile":{"background-color":"","background-image":"","background-repeat":"repeat","background-position":"center center","background-size":"auto","background-attachment":"scroll","background-type":"","background-media":"","overlay-type":"","overlay-color":"","overlay-opacity":"","overlay-gradient":""}},"ast-content-background-meta":{"desktop":{"background-color":"var(--ast-global-color-4)","background-image":"","background-repeat":"repeat","background-position":"center center","background-size":"auto","background-attachment":"scroll","background-type":"","background-media":"","overlay-type":"","overlay-color":"","overlay-opacity":"","overlay-gradient":""},"tablet":{"background-color":"var(--ast-global-color-4)","background-image":"","background-repeat":"repeat","background-position":"center center","background-size":"auto","background-attachment":"scroll","background-type":"","background-media":"","overlay-type":"","overlay-color":"","overlay-opacity":"","overlay-gradient":""},"mobile":{"background-color":"var(--ast-global-color-4)","background-image":"","background-repeat":"repeat","background-position":"center center","background-size":"auto","background-attachment":"scroll","background-type":"","background-media":"","overlay-type":"","overlay-color":"","overlay-opacity":"","overlay-gradient":""}}},"product_brand":[],"product_cat":[31],"product_tag":[],"class_list":{"0":"post-1355","1":"product","2":"type-product","3":"status-publish","4":"has-post-thumbnail","6":"product_cat-camions-plateaux","7":"desktop-align-left","8":"tablet-align-left","9":"mobile-align-left","11":"first","12":"instock","13":"sale","14":"shipping-taxable","15":"purchasable","16":"product-type-simple"},"aioseo_notices":[],"_links":{"self":[{"href":"https:\/\/sc-materiels.com\/de\/wp-json\/wp\/v2\/product\/1355","targetHints":{"allow":["GET"]}}],"collection":[{"href":"https:\/\/sc-materiels.com\/de\/wp-json\/wp\/v2\/product"}],"about":[{"href":"https:\/\/sc-materiels.com\/de\/wp-json\/wp\/v2\/types\/product"}],"wp:featuredmedia":[{"embeddable":true,"href":"https:\/\/sc-materiels.com\/de\/wp-json\/wp\/v2\/media\/1356"}],"wp:attachment":[{"href":"https:\/\/sc-materiels.com\/de\/wp-json\/wp\/v2\/media?parent=1355"}],"wp:term":[{"taxonomy":"product_brand","embeddable":true,"href":"https:\/\/sc-materiels.com\/de\/wp-json\/wp\/v2\/product_brand?post=1355"},{"taxonomy":"product_cat","embeddable":true,"href":"https:\/\/sc-materiels.com\/de\/wp-json\/wp\/v2\/product_cat?post=1355"},{"taxonomy":"product_tag","embeddable":true,"href":"https:\/\/sc-materiels.com\/de\/wp-json\/wp\/v2\/product_tag?post=1355"}],"curies":[{"name":"wp","href":"https:\/\/api.w.org\/{rel}","templated":true}]}}