{"id":1399,"date":"2025-05-30T09:45:05","date_gmt":"2025-05-30T09:45:05","guid":{"rendered":"https:\/\/sc-materiels.com\/?post_type=product&#038;p=1399"},"modified":"2025-05-30T09:45:05","modified_gmt":"2025-05-30T09:45:05","slug":"camion-renault-c-480-6x2","status":"publish","type":"product","link":"https:\/\/sc-materiels.com\/de\/produkt\/camion-renault-c-480-6x2\/","title":{"rendered":"Lkw Renault C 480 - 6\u00d72*."},"content":{"rendered":"<div class=\"product__container product__technical-description\">\n<ul class=\"zebra\">\n<li><label>Cat\u00e9gorie<\/label>Benne\/Bi-Benne\/Tri-Benne<\/li>\n<li><label>Type<\/label>C 480 &#8211; 6&#215;2*<\/li>\n<li><label>Num\u00e9ro de ch\u00e2ssis<\/label>VF630M364LD000786<\/li>\n<li><label>Ann\u00e9e de fabrication<\/label>2020<\/li>\n<li><label>EURO<\/label>6<\/li>\n<li><label>Puissance du moteur<\/label>480<\/li>\n<li><label>Empattement<\/label>390 cm<\/li>\n<li><label>Configuration des essieux<\/label>6&#215;2<\/li>\n<li><label>PTAC<\/label>26000 kg<\/li>\n<li><label>Type de cabine<\/label>Cabine couchette<\/li>\n<li><label>Bo\u00eete de vitesses<\/label>Automatique<\/li>\n<li><label>Ralentisseur<\/label>NEIN<\/li>\n<li><label>Prise de force<\/label>NEIN<\/li>\n<li><label>R\u00e9servoir diesel<\/label>1<\/li>\n<li><label>Tachygraphe<\/label>Num\u00e9rique<\/li>\n<li><label>Tare (kg)<\/label>11945<\/li>\n<\/ul>\n<\/div>\n<div class=\"product__container product__construction-specifications\">\n<p class=\"title\">Sp\u00e9cifications de la superstructure<\/p>\n<ul class=\"zebra\">\n<li><label>Dimensions (L x l x h)<\/label>246 x 635 x 210 cm<\/li>\n<li><label>Volume<\/label>32.8 m\u00b3<\/li>\n<\/ul>\n<div class=\"product__options\">\n<p class=\"title\">Options<\/p>\n<p>6&#215;2, ABS, Climatisation, Ordinateur de bord, Blocage de diff\u00e9rentiel, Vitres \u00e9lectriques, R\u00e9troviseurs \u00e9lectriques, Hayon \u00e9l\u00e9vateur, Syst\u00e8me de navigation, Hayon r\u00e9tractable, B\u00e2che roulante, Tachygraphe num\u00e9rique, Tempomat, Phares longue-port\u00e9e, R\u00e9troviseurs ext\u00e9rieurs chauffants, Visi\u00e8re<\/p><\/div>\n<\/div>","protected":false},"excerpt":{"rendered":"<p>Verf\u00fcgbar<br \/>\nNichts vorherzusagen<br \/>\nMaschine betriebsbereit<br \/>\nR\u00e9f\u00e9rence SC Mat\u00e9riels : CRENC4806X2<\/p>\n<div class=\"product__container product__general-description--info\">\n<ul class=\"product__labels\">\n<li><label>Marque<\/label>Renault<\/li>\n<li><label>Type<\/label>C 480 &#8211; 6&#215;2*<\/li>\n<li><label>1re immatriculation<\/label><span class=\"date-display-single\">18\/06\/2020<\/span><\/li>\n<li><label>Kilom\u00e9trage<\/label>163038 km<\/li>\n<\/ul>\n<\/div>\n<div class=\"product__cta-new\">\n<ul>\n<li><label>Largeur<\/label>255 cm<\/li>\n<li><label>Longeur<\/label>900 cm<\/li>\n<li><label>Hauteur<\/label>345 cm<\/li>\n<\/ul>\n<\/div>","protected":false},"featured_media":1401,"template":"","meta":{"inline_featured_image":false,"site-sidebar-layout":"default","site-content-layout":"","ast-site-content-layout":"default","site-content-style":"default","site-sidebar-style":"default","ast-global-header-display":"","ast-banner-title-visibility":"","ast-main-header-display":"","ast-hfb-above-header-display":"","ast-hfb-below-header-display":"","ast-hfb-mobile-header-display":"","site-post-title":"","ast-breadcrumbs-content":"","ast-featured-img":"","footer-sml-layout":"","ast-disable-related-posts":"","theme-transparent-header-meta":"default","adv-header-id-meta":"","stick-header-meta":"","header-above-stick-meta":"","header-main-stick-meta":"","header-below-stick-meta":"","astra-migrate-meta-layouts":"set","ast-page-background-enabled":"default","ast-page-background-meta":{"desktop":{"background-color":"var(--ast-global-color-5)","background-image":"","background-repeat":"repeat","background-position":"center center","background-size":"auto","background-attachment":"scroll","background-type":"","background-media":"","overlay-type":"","overlay-color":"","overlay-opacity":"","overlay-gradient":""},"tablet":{"background-color":"","background-image":"","background-repeat":"repeat","background-position":"center center","background-size":"auto","background-attachment":"scroll","background-type":"","background-media":"","overlay-type":"","overlay-color":"","overlay-opacity":"","overlay-gradient":""},"mobile":{"background-color":"","background-image":"","background-repeat":"repeat","background-position":"center center","background-size":"auto","background-attachment":"scroll","background-type":"","background-media":"","overlay-type":"","overlay-color":"","overlay-opacity":"","overlay-gradient":""}},"ast-content-background-meta":{"desktop":{"background-color":"var(--ast-global-color-4)","background-image":"","background-repeat":"repeat","background-position":"center center","background-size":"auto","background-attachment":"scroll","background-type":"","background-media":"","overlay-type":"","overlay-color":"","overlay-opacity":"","overlay-gradient":""},"tablet":{"background-color":"var(--ast-global-color-4)","background-image":"","background-repeat":"repeat","background-position":"center center","background-size":"auto","background-attachment":"scroll","background-type":"","background-media":"","overlay-type":"","overlay-color":"","overlay-opacity":"","overlay-gradient":""},"mobile":{"background-color":"var(--ast-global-color-4)","background-image":"","background-repeat":"repeat","background-position":"center center","background-size":"auto","background-attachment":"scroll","background-type":"","background-media":"","overlay-type":"","overlay-color":"","overlay-opacity":"","overlay-gradient":""}}},"product_brand":[],"product_cat":[31],"product_tag":[],"class_list":{"0":"post-1399","1":"product","2":"type-product","3":"status-publish","4":"has-post-thumbnail","6":"product_cat-camions-plateaux","7":"desktop-align-left","8":"tablet-align-left","9":"mobile-align-left","11":"first","12":"instock","13":"sale","14":"shipping-taxable","15":"purchasable","16":"product-type-simple"},"aioseo_notices":[],"_links":{"self":[{"href":"https:\/\/sc-materiels.com\/de\/wp-json\/wp\/v2\/product\/1399","targetHints":{"allow":["GET"]}}],"collection":[{"href":"https:\/\/sc-materiels.com\/de\/wp-json\/wp\/v2\/product"}],"about":[{"href":"https:\/\/sc-materiels.com\/de\/wp-json\/wp\/v2\/types\/product"}],"wp:featuredmedia":[{"embeddable":true,"href":"https:\/\/sc-materiels.com\/de\/wp-json\/wp\/v2\/media\/1401"}],"wp:attachment":[{"href":"https:\/\/sc-materiels.com\/de\/wp-json\/wp\/v2\/media?parent=1399"}],"wp:term":[{"taxonomy":"product_brand","embeddable":true,"href":"https:\/\/sc-materiels.com\/de\/wp-json\/wp\/v2\/product_brand?post=1399"},{"taxonomy":"product_cat","embeddable":true,"href":"https:\/\/sc-materiels.com\/de\/wp-json\/wp\/v2\/product_cat?post=1399"},{"taxonomy":"product_tag","embeddable":true,"href":"https:\/\/sc-materiels.com\/de\/wp-json\/wp\/v2\/product_tag?post=1399"}],"curies":[{"name":"wp","href":"https:\/\/api.w.org\/{rel}","templated":true}]}}