{"id":1410,"date":"2025-05-31T12:36:33","date_gmt":"2025-05-31T12:36:33","guid":{"rendered":"https:\/\/sc-materiels.com\/?post_type=product&#038;p=1410"},"modified":"2025-05-31T12:36:33","modified_gmt":"2025-05-31T12:36:33","slug":"remorque-a-caisse-mobile","status":"publish","type":"product","link":"https:\/\/sc-materiels.com\/de\/produkt\/remorque-a-caisse-mobile\/","title":{"rendered":"Anh\u00e4nger mit Wechselaufbau"},"content":{"rendered":"<p><span>Remorque \u00e0 caisse mobile \u00e0 essieu central, v\u00e9hicule neuf.<\/span><\/p>\n<p><span>Version : Standard, AVEC essieu relevable.<\/span><\/p>\n<p><span>Tapez HWZCB1874. Cadre galvanis\u00e9 \u00e0 chaud. R\u00e9cipient de stockage en acier inoxydable.<\/span><\/p>\n<p><span>Essieux (BPW ou SAF, choix du fabricant), frein \u00e0 disque ABS\/EBS.<\/span><\/p>\n<p><span>Dimensions : L = 9 250 mm, l = 2 480 mm, poids \u00e0 vide : 3 100 kg.<\/span><\/p>\n<p><span>Hauteur d&rsquo;attelage : environ 800 mm, haut coupl\u00e9.<\/span><\/p>\n<p><span>Course sup\u00e9rieure : 1 400 mm, course inf\u00e9rieure : 1 180 mm, hauteur de caisse : 1 220 mm.<\/span><\/p>\n<p><span>Pour des hauteurs de stockage de 1 220 \u00e0 1 320 mm.<\/span><\/p>\n<p><span>Pneus : 4 plis 385\/65 R22.5 (s\u00e9lection du fabricant) avec panier double et kit de montage pour v\u00e9lo \u00e9lectrique.<\/span><\/p>\n<p><span>Sans roue de secours. Roue de secours disponible en suppl\u00e9ment.<\/span><\/p>\n<p><span>Convient au transport de caisses mobiles normalis\u00e9es selon EN 284 de taille C715 et C745.<\/span><\/p>\n<p><span>Convient au transport de conteneurs normalis\u00e9s selon ISO 668\/1496 de taille 20&prime;.<\/span><\/p>\n<p><span>Support avant avec manivelle et engrenage.<\/span><\/p>\n<p><span>Support arri\u00e8re avec 2 pieds de support galvanis\u00e9s, pliables et r\u00e9glables en hauteur.<\/span><\/p>\n<p><span>Barre de remorquage avec \u0153illet de remorquage \u00f8 50 mm viss\u00e9. Barre de remorquage r\u00e9glable en longueur.<\/span><\/p>\n<p><span>\u00c9quipements d&rsquo;\u00e9clairage et de signalisation lumineuse selon CE<\/span><\/p>\n<p><span>Feux arri\u00e8re multi-chambres,<\/span><\/p>\n<p><span>\u00e9clairage de plaque d&rsquo;immatriculation,<\/span><\/p>\n<p><span>Feux de position lat\u00e9raux \u00e0 LED,<\/span><\/p>\n<p><span>Feu de position \u00e0 LED avant et<\/span><\/p>\n<p><span>Feux de maintien de voie \u00e0 LED \u00e0 l&rsquo;arri\u00e8re<\/span><\/p>\n<p><span>Enjoliveur et garde-boue selon la directive CE<\/span><\/p>\n<p><span>\u00c9lectrique : 15 ou 2&#215;7 broches selon les exigences du client incl.<\/span><\/p>\n<p><span>Air : Duomatic ou jaune\/rouge selon les exigences du client incl.<\/span><\/p>\n<p><span>Accessoires disponibles moyennant un co\u00fbt suppl\u00e9mentaire.<\/span><\/p>\n<p><span>Toutes les valeurs donn\u00e9es sont des dimensions approximatives en mm et kg<\/span><\/p>\n<div dir=\"auto\">\n<div><span>Poids net<\/span><\/p>\n<div>\n<hr \/>\n<\/div>\n<\/div>\n<div>\n<div><span>3,1 t<\/span><\/div>\n<\/div>\n<\/div>\n<div dir=\"auto\">\n<div><span>Poids brut<\/span><\/p>\n<div>\n<hr \/>\n<\/div>\n<\/div>\n<div>\n<div><span>18,5 t<\/span><\/div>\n<\/div>\n<\/div>\n<div dir=\"auto\">\n<div><span>Couleur<\/span><\/p>\n<div>\n<hr \/>\n<\/div>\n<\/div>\n<div>\n<div><span>gris<\/span><\/div>\n<\/div>\n<\/div>\n<div dir=\"auto\">\n<div><span>NIV<\/span><\/div>\n<\/div>\n<p>&nbsp;<\/p>\n<div dir=\"auto\">\n<div><span>Ch\u00e2ssis\/suspension<\/span><\/div>\n<div>\n<div><span>Suspension<\/span><\/p>\n<div>\n<hr \/>\n<\/div>\n<\/div>\n<div>\n<div><span>air<\/span><\/div>\n<\/div>\n<\/div>\n<div>\n<div><span>Nombre d&rsquo;essieux<\/span><\/p>\n<div>\n<hr \/>\n<\/div>\n<\/div>\n<div>\n<div><span>2 essieux<\/span><\/div>\n<\/div>\n<\/div>\n<div>\n<div><span>Empattement<\/span><\/p>\n<div>\n<hr \/>\n<\/div>\n<\/div>\n<div>\n<div><span>1450 mm<\/span><\/div>\n<\/div>\n<\/div>\n<div>\n<div><span>ABS<\/span><\/p>\n<div>\n<hr \/>\n<\/div>\n<\/div>\n<div>\n<div><\/div>\n<\/div>\n<\/div>\n<div>\n<div><span>Pneus<\/span><\/p>\n<div>\n<hr \/>\n<\/div>\n<\/div>\n<div>\n<div><span>4 voies 385\/65 R 22,5<\/span><\/div>\n<\/div>\n<\/div>\n<\/div>","protected":false},"excerpt":{"rendered":"<p>Verf\u00fcgbar<br \/>\nNichts vorherzusagen<br \/>\nMaschine betriebsbereit<br \/>\nR\u00e9f\u00e9rence SC Mat\u00e9riels : RCMECENT00890<\/p>","protected":false},"featured_media":1421,"template":"","meta":{"inline_featured_image":false,"site-sidebar-layout":"default","site-content-layout":"","ast-site-content-layout":"default","site-content-style":"default","site-sidebar-style":"default","ast-global-header-display":"","ast-banner-title-visibility":"","ast-main-header-display":"","ast-hfb-above-header-display":"","ast-hfb-below-header-display":"","ast-hfb-mobile-header-display":"","site-post-title":"","ast-breadcrumbs-content":"","ast-featured-img":"","footer-sml-layout":"","ast-disable-related-posts":"","theme-transparent-header-meta":"default","adv-header-id-meta":"","stick-header-meta":"","header-above-stick-meta":"","header-main-stick-meta":"","header-below-stick-meta":"","astra-migrate-meta-layouts":"set","ast-page-background-enabled":"default","ast-page-background-meta":{"desktop":{"background-color":"var(--ast-global-color-5)","background-image":"","background-repeat":"repeat","background-position":"center center","background-size":"auto","background-attachment":"scroll","background-type":"","background-media":"","overlay-type":"","overlay-color":"","overlay-opacity":"","overlay-gradient":""},"tablet":{"background-color":"","background-image":"","background-repeat":"repeat","background-position":"center center","background-size":"auto","background-attachment":"scroll","background-type":"","background-media":"","overlay-type":"","overlay-color":"","overlay-opacity":"","overlay-gradient":""},"mobile":{"background-color":"","background-image":"","background-repeat":"repeat","background-position":"center center","background-size":"auto","background-attachment":"scroll","background-type":"","background-media":"","overlay-type":"","overlay-color":"","overlay-opacity":"","overlay-gradient":""}},"ast-content-background-meta":{"desktop":{"background-color":"var(--ast-global-color-4)","background-image":"","background-repeat":"repeat","background-position":"center center","background-size":"auto","background-attachment":"scroll","background-type":"","background-media":"","overlay-type":"","overlay-color":"","overlay-opacity":"","overlay-gradient":""},"tablet":{"background-color":"var(--ast-global-color-4)","background-image":"","background-repeat":"repeat","background-position":"center center","background-size":"auto","background-attachment":"scroll","background-type":"","background-media":"","overlay-type":"","overlay-color":"","overlay-opacity":"","overlay-gradient":""},"mobile":{"background-color":"var(--ast-global-color-4)","background-image":"","background-repeat":"repeat","background-position":"center center","background-size":"auto","background-attachment":"scroll","background-type":"","background-media":"","overlay-type":"","overlay-color":"","overlay-opacity":"","overlay-gradient":""}}},"product_brand":[],"product_cat":[30],"product_tag":[],"class_list":{"0":"post-1410","1":"product","2":"type-product","3":"status-publish","4":"has-post-thumbnail","6":"product_cat-remorques","7":"desktop-align-left","8":"tablet-align-left","9":"mobile-align-left","11":"first","12":"instock","13":"sale","14":"shipping-taxable","15":"purchasable","16":"product-type-simple"},"aioseo_notices":[],"_links":{"self":[{"href":"https:\/\/sc-materiels.com\/de\/wp-json\/wp\/v2\/product\/1410","targetHints":{"allow":["GET"]}}],"collection":[{"href":"https:\/\/sc-materiels.com\/de\/wp-json\/wp\/v2\/product"}],"about":[{"href":"https:\/\/sc-materiels.com\/de\/wp-json\/wp\/v2\/types\/product"}],"wp:featuredmedia":[{"embeddable":true,"href":"https:\/\/sc-materiels.com\/de\/wp-json\/wp\/v2\/media\/1421"}],"wp:attachment":[{"href":"https:\/\/sc-materiels.com\/de\/wp-json\/wp\/v2\/media?parent=1410"}],"wp:term":[{"taxonomy":"product_brand","embeddable":true,"href":"https:\/\/sc-materiels.com\/de\/wp-json\/wp\/v2\/product_brand?post=1410"},{"taxonomy":"product_cat","embeddable":true,"href":"https:\/\/sc-materiels.com\/de\/wp-json\/wp\/v2\/product_cat?post=1410"},{"taxonomy":"product_tag","embeddable":true,"href":"https:\/\/sc-materiels.com\/de\/wp-json\/wp\/v2\/product_tag?post=1410"}],"curies":[{"name":"wp","href":"https:\/\/api.w.org\/{rel}","templated":true}]}}