{"id":1433,"date":"2025-05-31T12:55:23","date_gmt":"2025-05-31T12:55:23","guid":{"rendered":"https:\/\/sc-materiels.com\/?post_type=product&#038;p=1433"},"modified":"2025-05-31T12:55:23","modified_gmt":"2025-05-31T12:55:23","slug":"remorque-grue-klaas-alu","status":"publish","type":"product","link":"https:\/\/sc-materiels.com\/de\/produkt\/remorque-grue-klaas-alu\/","title":{"rendered":"KLAAS-ALU Krananh\u00e4nger"},"content":{"rendered":"<p><span>\u00c9tat : V\u00e9hicule d&rsquo;occasion<\/span><\/p>\n<p><span>Remorque grue KLAAS-ALU \u00e0 2 essieux<\/span><\/p>\n<p><span>Type : K 20\/30 TS<\/span><\/p>\n<p><span>Poids total autoris\u00e9 : 3\u00a0500 kg<\/span><\/p>\n<p><span>Charge sur l&rsquo;essieu avant : 1750 kg<\/span><\/p>\n<p><span>Charge sur l&rsquo;essieu arri\u00e8re : 1750 kg<\/span><\/p>\n<p><span>Hauteur de crochet de 30 m\u00e8tres<\/span><\/p>\n<p><span>port\u00e9e horizontale de 20 m\u00e8tres<\/span><\/p>\n<p><span>4x points de support hydrauliques<\/span><\/p>\n<p><span>Capacit\u00e9 de charge : 1300 kg<\/span><\/p>\n<p><span>Ann\u00e9e de construction : 2008<\/span><\/p>\n<p><span>Horaires de travail : 2791 h<\/span><\/p>\n<p><span>\u00c9quipement:<\/span><\/p>\n<p><span>+ moteur diesel<\/span><\/p>\n<p><span>+ Roue motrice (moteur)<\/span><\/p>\n<p><span>+ T\u00e9l\u00e9commande<\/span><\/p>\n<p>&nbsp;<\/p>","protected":false},"excerpt":{"rendered":"<p>Verf\u00fcgbar<br \/>\nNichts vorherzusagen<br \/>\nMaschine betriebsbereit<br \/>\nR\u00e9f\u00e9rence SC Mat\u00e9riels : REMGRKLSALU<\/p>","protected":false},"featured_media":1447,"template":"","meta":{"inline_featured_image":false,"site-sidebar-layout":"default","site-content-layout":"","ast-site-content-layout":"default","site-content-style":"default","site-sidebar-style":"default","ast-global-header-display":"","ast-banner-title-visibility":"","ast-main-header-display":"","ast-hfb-above-header-display":"","ast-hfb-below-header-display":"","ast-hfb-mobile-header-display":"","site-post-title":"","ast-breadcrumbs-content":"","ast-featured-img":"","footer-sml-layout":"","ast-disable-related-posts":"","theme-transparent-header-meta":"default","adv-header-id-meta":"","stick-header-meta":"","header-above-stick-meta":"","header-main-stick-meta":"","header-below-stick-meta":"","astra-migrate-meta-layouts":"set","ast-page-background-enabled":"default","ast-page-background-meta":{"desktop":{"background-color":"var(--ast-global-color-5)","background-image":"","background-repeat":"repeat","background-position":"center center","background-size":"auto","background-attachment":"scroll","background-type":"","background-media":"","overlay-type":"","overlay-color":"","overlay-opacity":"","overlay-gradient":""},"tablet":{"background-color":"","background-image":"","background-repeat":"repeat","background-position":"center center","background-size":"auto","background-attachment":"scroll","background-type":"","background-media":"","overlay-type":"","overlay-color":"","overlay-opacity":"","overlay-gradient":""},"mobile":{"background-color":"","background-image":"","background-repeat":"repeat","background-position":"center center","background-size":"auto","background-attachment":"scroll","background-type":"","background-media":"","overlay-type":"","overlay-color":"","overlay-opacity":"","overlay-gradient":""}},"ast-content-background-meta":{"desktop":{"background-color":"var(--ast-global-color-4)","background-image":"","background-repeat":"repeat","background-position":"center center","background-size":"auto","background-attachment":"scroll","background-type":"","background-media":"","overlay-type":"","overlay-color":"","overlay-opacity":"","overlay-gradient":""},"tablet":{"background-color":"var(--ast-global-color-4)","background-image":"","background-repeat":"repeat","background-position":"center center","background-size":"auto","background-attachment":"scroll","background-type":"","background-media":"","overlay-type":"","overlay-color":"","overlay-opacity":"","overlay-gradient":""},"mobile":{"background-color":"var(--ast-global-color-4)","background-image":"","background-repeat":"repeat","background-position":"center center","background-size":"auto","background-attachment":"scroll","background-type":"","background-media":"","overlay-type":"","overlay-color":"","overlay-opacity":"","overlay-gradient":""}}},"product_brand":[],"product_cat":[30],"product_tag":[],"class_list":{"0":"post-1433","1":"product","2":"type-product","3":"status-publish","4":"has-post-thumbnail","6":"product_cat-remorques","7":"desktop-align-left","8":"tablet-align-left","9":"mobile-align-left","11":"first","12":"instock","13":"sale","14":"shipping-taxable","15":"purchasable","16":"product-type-simple"},"aioseo_notices":[],"_links":{"self":[{"href":"https:\/\/sc-materiels.com\/de\/wp-json\/wp\/v2\/product\/1433","targetHints":{"allow":["GET"]}}],"collection":[{"href":"https:\/\/sc-materiels.com\/de\/wp-json\/wp\/v2\/product"}],"about":[{"href":"https:\/\/sc-materiels.com\/de\/wp-json\/wp\/v2\/types\/product"}],"wp:featuredmedia":[{"embeddable":true,"href":"https:\/\/sc-materiels.com\/de\/wp-json\/wp\/v2\/media\/1447"}],"wp:attachment":[{"href":"https:\/\/sc-materiels.com\/de\/wp-json\/wp\/v2\/media?parent=1433"}],"wp:term":[{"taxonomy":"product_brand","embeddable":true,"href":"https:\/\/sc-materiels.com\/de\/wp-json\/wp\/v2\/product_brand?post=1433"},{"taxonomy":"product_cat","embeddable":true,"href":"https:\/\/sc-materiels.com\/de\/wp-json\/wp\/v2\/product_cat?post=1433"},{"taxonomy":"product_tag","embeddable":true,"href":"https:\/\/sc-materiels.com\/de\/wp-json\/wp\/v2\/product_tag?post=1433"}],"curies":[{"name":"wp","href":"https:\/\/api.w.org\/{rel}","templated":true}]}}