{"id":1480,"date":"2025-06-01T09:18:06","date_gmt":"2025-06-01T09:18:06","guid":{"rendered":"https:\/\/sc-materiels.com\/?post_type=product&#038;p=1480"},"modified":"2025-06-01T09:18:06","modified_gmt":"2025-06-01T09:18:06","slug":"mini-pelle-elliator-e135bsr","status":"publish","type":"product","link":"https:\/\/sc-materiels.com\/de\/produkt\/mini-pelle-elliator-e135bsr\/","title":{"rendered":"Elliator E135BSR Minibagger"},"content":{"rendered":"<div class=\"undefined key-value-wrapper\">\n<div class=\"key-value-label\"><strong>Cat\u00e9gorie<\/strong><\/div>\n<div class=\"key-value-value\">Pelle foresti\u00e8re<\/div>\n<\/div>\n<div class=\"undefined key-value-wrapper\">\n<div class=\"key-value-label\">Marque \/ Mod\u00e8le<\/div>\n<div class=\"key-value-value\">Elliator E135BSR<\/div>\n<\/div>\n<div class=\"undefined key-value-wrapper\">\n<div class=\"key-value-label\">Ann\u00e9e d&rsquo;immatriculation<\/div>\n<div class=\"key-value-value\">2011<\/div>\n<\/div>\n<div class=\"undefined key-value-wrapper\">\n<div class=\"key-value-label\">Heures d&rsquo;utilisation<\/div>\n<div class=\"key-value-value\">7\u202f700 h<\/div>\n<div>\n<div class=\"undefined key-value-wrapper\">\n<div class=\"key-value-label\">argeur de chenille<\/div>\n<div class=\"key-value-value\">1\u202f000 mm<\/div>\n<\/div>\n<div class=\"undefined key-value-wrapper\">\n<div class=\"key-value-label\">Marque de la grue<\/div>\n<div class=\"key-value-value\">palfinger<\/div>\n<\/div>\n<div class=\"undefined key-value-wrapper\">\n<div class=\"key-value-label\">Port\u00e9e<\/div>\n<div class=\"key-value-value\">7 m<\/div>\n<\/div>\n<div class=\"undefined key-value-wrapper\">\n<div class=\"key-value-label\">Poids du volume de transport<\/div>\n<div class=\"key-value-value\">23\u202f000 kg<\/div>\n<\/div>\n<div class=\"fullWidth key-value-wrapper\">\n<div class=\"key-value-label\"><strong>Autres accessoires<\/strong><\/div>\n<div class=\"key-value-value\">t\u00e9l\u00e9commande<\/div>\n<\/div>\n<div class=\"fullWidth key-value-wrapper\">\n<div class=\"key-value-label\"><strong>Accessoires<\/strong><\/div>\n<div class=\"key-value-value\">\n<div class=\"\">\n<div>Protection du radiateur<\/div>\n<\/div>\n<div class=\"\">\n<div>Phares \u00e0 LED<\/div>\n<\/div>\n<div class=\"\">\n<div>Train \/ Essieux \u00e9quilibr\u00e9s<\/div>\n<\/div>\n<div class=\"\">\n<div>Chenilles<\/div>\n<\/div>\n<div class=\"\">\n<div>Treuil<\/div>\n<\/div>\n<div class=\"\">\n<div>Radio<\/div>\n<\/div>\n<\/div>\n<\/div>\n<div class=\"fullWidth key-value-wrapper\">\n<div class=\"key-value-label\">Autres informations<\/div>\n<div class=\"key-value-value\">La machine dispose d&rsquo;un train de roulement r\u00e9cemment restaur\u00e9 (de nouveaux roulements ont \u00e9t\u00e9 install\u00e9s sur les rouleaux et les moteurs d&rsquo;entra\u00eenement)<\/div>\n<\/div>\n<\/div>\n<\/div>","protected":false},"excerpt":{"rendered":"<p>Verf\u00fcgbar<br \/>\nNichts vorherzusagen<br \/>\nMaschine betriebsbereit<br \/>\nR\u00e9f\u00e9rence SC Mat\u00e9riels : MPEE13BSR<\/p>","protected":false},"featured_media":1487,"template":"","meta":{"inline_featured_image":false,"site-sidebar-layout":"default","site-content-layout":"","ast-site-content-layout":"default","site-content-style":"default","site-sidebar-style":"default","ast-global-header-display":"","ast-banner-title-visibility":"","ast-main-header-display":"","ast-hfb-above-header-display":"","ast-hfb-below-header-display":"","ast-hfb-mobile-header-display":"","site-post-title":"","ast-breadcrumbs-content":"","ast-featured-img":"","footer-sml-layout":"","ast-disable-related-posts":"","theme-transparent-header-meta":"default","adv-header-id-meta":"","stick-header-meta":"","header-above-stick-meta":"","header-main-stick-meta":"","header-below-stick-meta":"","astra-migrate-meta-layouts":"set","ast-page-background-enabled":"default","ast-page-background-meta":{"desktop":{"background-color":"var(--ast-global-color-5)","background-image":"","background-repeat":"repeat","background-position":"center center","background-size":"auto","background-attachment":"scroll","background-type":"","background-media":"","overlay-type":"","overlay-color":"","overlay-opacity":"","overlay-gradient":""},"tablet":{"background-color":"","background-image":"","background-repeat":"repeat","background-position":"center center","background-size":"auto","background-attachment":"scroll","background-type":"","background-media":"","overlay-type":"","overlay-color":"","overlay-opacity":"","overlay-gradient":""},"mobile":{"background-color":"","background-image":"","background-repeat":"repeat","background-position":"center center","background-size":"auto","background-attachment":"scroll","background-type":"","background-media":"","overlay-type":"","overlay-color":"","overlay-opacity":"","overlay-gradient":""}},"ast-content-background-meta":{"desktop":{"background-color":"var(--ast-global-color-4)","background-image":"","background-repeat":"repeat","background-position":"center center","background-size":"auto","background-attachment":"scroll","background-type":"","background-media":"","overlay-type":"","overlay-color":"","overlay-opacity":"","overlay-gradient":""},"tablet":{"background-color":"var(--ast-global-color-4)","background-image":"","background-repeat":"repeat","background-position":"center center","background-size":"auto","background-attachment":"scroll","background-type":"","background-media":"","overlay-type":"","overlay-color":"","overlay-opacity":"","overlay-gradient":""},"mobile":{"background-color":"var(--ast-global-color-4)","background-image":"","background-repeat":"repeat","background-position":"center center","background-size":"auto","background-attachment":"scroll","background-type":"","background-media":"","overlay-type":"","overlay-color":"","overlay-opacity":"","overlay-gradient":""}}},"product_brand":[],"product_cat":[28],"product_tag":[],"class_list":{"0":"post-1480","1":"product","2":"type-product","3":"status-publish","4":"has-post-thumbnail","6":"product_cat-mini-pelles","7":"desktop-align-left","8":"tablet-align-left","9":"mobile-align-left","11":"first","12":"instock","13":"sale","14":"shipping-taxable","15":"purchasable","16":"product-type-simple"},"aioseo_notices":[],"_links":{"self":[{"href":"https:\/\/sc-materiels.com\/de\/wp-json\/wp\/v2\/product\/1480","targetHints":{"allow":["GET"]}}],"collection":[{"href":"https:\/\/sc-materiels.com\/de\/wp-json\/wp\/v2\/product"}],"about":[{"href":"https:\/\/sc-materiels.com\/de\/wp-json\/wp\/v2\/types\/product"}],"wp:featuredmedia":[{"embeddable":true,"href":"https:\/\/sc-materiels.com\/de\/wp-json\/wp\/v2\/media\/1487"}],"wp:attachment":[{"href":"https:\/\/sc-materiels.com\/de\/wp-json\/wp\/v2\/media?parent=1480"}],"wp:term":[{"taxonomy":"product_brand","embeddable":true,"href":"https:\/\/sc-materiels.com\/de\/wp-json\/wp\/v2\/product_brand?post=1480"},{"taxonomy":"product_cat","embeddable":true,"href":"https:\/\/sc-materiels.com\/de\/wp-json\/wp\/v2\/product_cat?post=1480"},{"taxonomy":"product_tag","embeddable":true,"href":"https:\/\/sc-materiels.com\/de\/wp-json\/wp\/v2\/product_tag?post=1480"}],"curies":[{"name":"wp","href":"https:\/\/api.w.org\/{rel}","templated":true}]}}