{"id":1488,"date":"2025-06-01T10:03:41","date_gmt":"2025-06-01T10:03:41","guid":{"rendered":"https:\/\/sc-materiels.com\/?post_type=product&#038;p=1488"},"modified":"2025-06-01T10:03:41","modified_gmt":"2025-06-01T10:03:41","slug":"komatsu-harvester-pc-290-n-lc-6","status":"publish","type":"product","link":"https:\/\/sc-materiels.com\/de\/produkt\/komatsu-harvester-pc-290-n-lc-6\/","title":{"rendered":"Komatsu Harvester PC 290 N LC-6"},"content":{"rendered":"<p id=\"tw-target-text\" class=\"tw-data-text tw-text-large tw-ta\" dir=\"ltr\" style=\"text-align: left;\" data-placeholder=\"Traduction\" data-ved=\"2ahUKEwjp6vOozMCNAxUQMfsDHcBGLcQQ3ewLegQICRAV\" aria-label=\"Texte traduit\u00a0: Dernier avis022019Nombre de propri\u00e9taires pr\u00e9c\u00e9dents3moteurKomatsuMarque de la t\u00eate d'abattage-\u00e9branchageWarratha HTH 622Port\u00e9e6 mM\u00e9canisme d'alimentationchenille en caoutchouc renforc\u00e9Marque du syst\u00e8me de mesureTimberatic 10Poids du volume de transport27 000 kgDimensions du volume de transport (L x L x H)10 x 0 x 0 mmTaille du pneu avantCha\u00eenesPays de productionAllemagneAutres accessoiresvoir d'autres annoncesUnit\u00e9 de r\u00e9colte Warratha 622 hth scie sup\u00e9rieure lame de 59 cm, scie transversale lame de 80 cmTreuils Pullmaster \u00e0 corps sp\u00e9cial, avec bras de m\u00e2t, (support de pieu, chariot) accessoires prix suppl\u00e9mentaire1 cuill\u00e8reTimbre d'accoudoiraccessoiresManuel de la Centrale de lubrificationProtection du r\u00e9servoir de carburantLampes halog\u00e8nesCha\u00eenesExtincteurs \u00e0 eau\u00c9quipement de mesureClimatisationboiteuxAutres informationsExcavatrice StormwoodGrue \u00e0 c\u00e2ble pour pentes raidesMat\u00e9riel de chantier\"><span class=\"Y2IQFc\" lang=\"fr\">Nombre de propri\u00e9taires pr\u00e9c\u00e9dents 3 <\/span><\/p>\n<p class=\"tw-data-text tw-text-large tw-ta\" dir=\"ltr\" style=\"text-align: left;\" data-placeholder=\"Traduction\" data-ved=\"2ahUKEwjp6vOozMCNAxUQMfsDHcBGLcQQ3ewLegQICRAV\" aria-label=\"Texte traduit\u00a0: Dernier avis022019Nombre de propri\u00e9taires pr\u00e9c\u00e9dents3moteurKomatsuMarque de la t\u00eate d'abattage-\u00e9branchageWarratha HTH 622Port\u00e9e6 mM\u00e9canisme d'alimentationchenille en caoutchouc renforc\u00e9Marque du syst\u00e8me de mesureTimberatic 10Poids du volume de transport27 000 kgDimensions du volume de transport (L x L x H)10 x 0 x 0 mmTaille du pneu avantCha\u00eenesPays de productionAllemagneAutres accessoiresvoir d'autres annoncesUnit\u00e9 de r\u00e9colte Warratha 622 hth scie sup\u00e9rieure lame de 59 cm, scie transversale lame de 80 cmTreuils Pullmaster \u00e0 corps sp\u00e9cial, avec bras de m\u00e2t, (support de pieu, chariot) accessoires prix suppl\u00e9mentaire1 cuill\u00e8reTimbre d'accoudoiraccessoiresManuel de la Centrale de lubrificationProtection du r\u00e9servoir de carburantLampes halog\u00e8nesCha\u00eenesExtincteurs \u00e0 eau\u00c9quipement de mesureClimatisationboiteuxAutres informationsExcavatrice StormwoodGrue \u00e0 c\u00e2ble pour pentes raidesMat\u00e9riel de chantier\"><span class=\"Y2IQFc\" lang=\"fr\">moteur Komatsu Marque de la t\u00eate d&rsquo;abattage-\u00e9branchage Warratha HTH 622 Port\u00e9e 6 m M\u00e9canisme d&rsquo;alimentation chenille en caoutchouc renforc\u00e9 <\/span><\/p>\n<p class=\"tw-data-text tw-text-large tw-ta\" dir=\"ltr\" style=\"text-align: left;\" data-placeholder=\"Traduction\" data-ved=\"2ahUKEwjp6vOozMCNAxUQMfsDHcBGLcQQ3ewLegQICRAV\" aria-label=\"Texte traduit\u00a0: Dernier avis022019Nombre de propri\u00e9taires pr\u00e9c\u00e9dents3moteurKomatsuMarque de la t\u00eate d'abattage-\u00e9branchageWarratha HTH 622Port\u00e9e6 mM\u00e9canisme d'alimentationchenille en caoutchouc renforc\u00e9Marque du syst\u00e8me de mesureTimberatic 10Poids du volume de transport27 000 kgDimensions du volume de transport (L x L x H)10 x 0 x 0 mmTaille du pneu avantCha\u00eenesPays de productionAllemagneAutres accessoiresvoir d'autres annoncesUnit\u00e9 de r\u00e9colte Warratha 622 hth scie sup\u00e9rieure lame de 59 cm, scie transversale lame de 80 cmTreuils Pullmaster \u00e0 corps sp\u00e9cial, avec bras de m\u00e2t, (support de pieu, chariot) accessoires prix suppl\u00e9mentaire1 cuill\u00e8reTimbre d'accoudoiraccessoiresManuel de la Centrale de lubrificationProtection du r\u00e9servoir de carburantLampes halog\u00e8nesCha\u00eenesExtincteurs \u00e0 eau\u00c9quipement de mesureClimatisationboiteuxAutres informationsExcavatrice StormwoodGrue \u00e0 c\u00e2ble pour pentes raidesMat\u00e9riel de chantier\"><span class=\"Y2IQFc\" lang=\"fr\">Marque du syst\u00e8me de mesure Timberatic 10 <\/span><\/p>\n<p class=\"tw-data-text tw-text-large tw-ta\" dir=\"ltr\" style=\"text-align: left;\" data-placeholder=\"Traduction\" data-ved=\"2ahUKEwjp6vOozMCNAxUQMfsDHcBGLcQQ3ewLegQICRAV\" aria-label=\"Texte traduit\u00a0: Dernier avis022019Nombre de propri\u00e9taires pr\u00e9c\u00e9dents3moteurKomatsuMarque de la t\u00eate d'abattage-\u00e9branchageWarratha HTH 622Port\u00e9e6 mM\u00e9canisme d'alimentationchenille en caoutchouc renforc\u00e9Marque du syst\u00e8me de mesureTimberatic 10Poids du volume de transport27 000 kgDimensions du volume de transport (L x L x H)10 x 0 x 0 mmTaille du pneu avantCha\u00eenesPays de productionAllemagneAutres accessoiresvoir d'autres annoncesUnit\u00e9 de r\u00e9colte Warratha 622 hth scie sup\u00e9rieure lame de 59 cm, scie transversale lame de 80 cmTreuils Pullmaster \u00e0 corps sp\u00e9cial, avec bras de m\u00e2t, (support de pieu, chariot) accessoires prix suppl\u00e9mentaire1 cuill\u00e8reTimbre d'accoudoiraccessoiresManuel de la Centrale de lubrificationProtection du r\u00e9servoir de carburantLampes halog\u00e8nesCha\u00eenesExtincteurs \u00e0 eau\u00c9quipement de mesureClimatisationboiteuxAutres informationsExcavatrice StormwoodGrue \u00e0 c\u00e2ble pour pentes raidesMat\u00e9riel de chantier\"><span class=\"Y2IQFc\" lang=\"fr\">Poids du volume de transport 27 000 kg <\/span><\/p>\n<p class=\"tw-data-text tw-text-large tw-ta\" dir=\"ltr\" style=\"text-align: left;\" data-placeholder=\"Traduction\" data-ved=\"2ahUKEwjp6vOozMCNAxUQMfsDHcBGLcQQ3ewLegQICRAV\" aria-label=\"Texte traduit\u00a0: Dernier avis022019Nombre de propri\u00e9taires pr\u00e9c\u00e9dents3moteurKomatsuMarque de la t\u00eate d'abattage-\u00e9branchageWarratha HTH 622Port\u00e9e6 mM\u00e9canisme d'alimentationchenille en caoutchouc renforc\u00e9Marque du syst\u00e8me de mesureTimberatic 10Poids du volume de transport27 000 kgDimensions du volume de transport (L x L x H)10 x 0 x 0 mmTaille du pneu avantCha\u00eenesPays de productionAllemagneAutres accessoiresvoir d'autres annoncesUnit\u00e9 de r\u00e9colte Warratha 622 hth scie sup\u00e9rieure lame de 59 cm, scie transversale lame de 80 cmTreuils Pullmaster \u00e0 corps sp\u00e9cial, avec bras de m\u00e2t, (support de pieu, chariot) accessoires prix suppl\u00e9mentaire1 cuill\u00e8reTimbre d'accoudoiraccessoiresManuel de la Centrale de lubrificationProtection du r\u00e9servoir de carburantLampes halog\u00e8nesCha\u00eenesExtincteurs \u00e0 eau\u00c9quipement de mesureClimatisationboiteuxAutres informationsExcavatrice StormwoodGrue \u00e0 c\u00e2ble pour pentes raidesMat\u00e9riel de chantier\"><span class=\"Y2IQFc\" lang=\"fr\">Dimensions du volume de transport (L x L x H) 10 x 0 x 0 mm Taille du pneu avant Cha\u00eenes <\/span><\/p>\n<p class=\"tw-data-text tw-text-large tw-ta\" dir=\"ltr\" style=\"text-align: left;\" data-placeholder=\"Traduction\" data-ved=\"2ahUKEwjp6vOozMCNAxUQMfsDHcBGLcQQ3ewLegQICRAV\" aria-label=\"Texte traduit\u00a0: Dernier avis022019Nombre de propri\u00e9taires pr\u00e9c\u00e9dents3moteurKomatsuMarque de la t\u00eate d'abattage-\u00e9branchageWarratha HTH 622Port\u00e9e6 mM\u00e9canisme d'alimentationchenille en caoutchouc renforc\u00e9Marque du syst\u00e8me de mesureTimberatic 10Poids du volume de transport27 000 kgDimensions du volume de transport (L x L x H)10 x 0 x 0 mmTaille du pneu avantCha\u00eenesPays de productionAllemagneAutres accessoiresvoir d'autres annoncesUnit\u00e9 de r\u00e9colte Warratha 622 hth scie sup\u00e9rieure lame de 59 cm, scie transversale lame de 80 cmTreuils Pullmaster \u00e0 corps sp\u00e9cial, avec bras de m\u00e2t, (support de pieu, chariot) accessoires prix suppl\u00e9mentaire1 cuill\u00e8reTimbre d'accoudoiraccessoiresManuel de la Centrale de lubrificationProtection du r\u00e9servoir de carburantLampes halog\u00e8nesCha\u00eenesExtincteurs \u00e0 eau\u00c9quipement de mesureClimatisationboiteuxAutres informationsExcavatrice StormwoodGrue \u00e0 c\u00e2ble pour pentes raidesMat\u00e9riel de chantier\"><span class=\"Y2IQFc\" lang=\"fr\">Unit\u00e9 de r\u00e9colte Warratha 622 hth scie sup\u00e9rieure lame de 59 cm, scie transversale <\/span><\/p>\n<p class=\"tw-data-text tw-text-large tw-ta\" dir=\"ltr\" style=\"text-align: left;\" data-placeholder=\"Traduction\" data-ved=\"2ahUKEwjp6vOozMCNAxUQMfsDHcBGLcQQ3ewLegQICRAV\" aria-label=\"Texte traduit\u00a0: Dernier avis022019Nombre de propri\u00e9taires pr\u00e9c\u00e9dents3moteurKomatsuMarque de la t\u00eate d'abattage-\u00e9branchageWarratha HTH 622Port\u00e9e6 mM\u00e9canisme d'alimentationchenille en caoutchouc renforc\u00e9Marque du syst\u00e8me de mesureTimberatic 10Poids du volume de transport27 000 kgDimensions du volume de transport (L x L x H)10 x 0 x 0 mmTaille du pneu avantCha\u00eenesPays de productionAllemagneAutres accessoiresvoir d'autres annoncesUnit\u00e9 de r\u00e9colte Warratha 622 hth scie sup\u00e9rieure lame de 59 cm, scie transversale lame de 80 cmTreuils Pullmaster \u00e0 corps sp\u00e9cial, avec bras de m\u00e2t, (support de pieu, chariot) accessoires prix suppl\u00e9mentaire1 cuill\u00e8reTimbre d'accoudoiraccessoiresManuel de la Centrale de lubrificationProtection du r\u00e9servoir de carburantLampes halog\u00e8nesCha\u00eenesExtincteurs \u00e0 eau\u00c9quipement de mesureClimatisationboiteuxAutres informationsExcavatrice StormwoodGrue \u00e0 c\u00e2ble pour pentes raidesMat\u00e9riel de chantier\"><span class=\"Y2IQFc\" lang=\"fr\">lame de 80 cm Treuils Pullmaster \u00e0 corps sp\u00e9cial, avec bras de m\u00e2t, (support de pieu, chariot) accessoires prix suppl\u00e9mentaire 1 cuill\u00e8re Timbre d&rsquo;accoudoir accessoires <\/span><\/p>\n<p class=\"tw-data-text tw-text-large tw-ta\" dir=\"ltr\" style=\"text-align: left;\" data-placeholder=\"Traduction\" data-ved=\"2ahUKEwjp6vOozMCNAxUQMfsDHcBGLcQQ3ewLegQICRAV\" aria-label=\"Texte traduit\u00a0: Dernier avis022019Nombre de propri\u00e9taires pr\u00e9c\u00e9dents3moteurKomatsuMarque de la t\u00eate d'abattage-\u00e9branchageWarratha HTH 622Port\u00e9e6 mM\u00e9canisme d'alimentationchenille en caoutchouc renforc\u00e9Marque du syst\u00e8me de mesureTimberatic 10Poids du volume de transport27 000 kgDimensions du volume de transport (L x L x H)10 x 0 x 0 mmTaille du pneu avantCha\u00eenesPays de productionAllemagneAutres accessoiresvoir d'autres annoncesUnit\u00e9 de r\u00e9colte Warratha 622 hth scie sup\u00e9rieure lame de 59 cm, scie transversale lame de 80 cmTreuils Pullmaster \u00e0 corps sp\u00e9cial, avec bras de m\u00e2t, (support de pieu, chariot) accessoires prix suppl\u00e9mentaire1 cuill\u00e8reTimbre d'accoudoiraccessoiresManuel de la Centrale de lubrificationProtection du r\u00e9servoir de carburantLampes halog\u00e8nesCha\u00eenesExtincteurs \u00e0 eau\u00c9quipement de mesureClimatisationboiteuxAutres informationsExcavatrice StormwoodGrue \u00e0 c\u00e2ble pour pentes raidesMat\u00e9riel de chantier\"><span class=\"Y2IQFc\" lang=\"fr\">Manuel de la Centrale de lubrification Protection du r\u00e9servoir de carburant <\/span><\/p>\n<p class=\"tw-data-text tw-text-large tw-ta\" dir=\"ltr\" style=\"text-align: left;\" data-placeholder=\"Traduction\" data-ved=\"2ahUKEwjp6vOozMCNAxUQMfsDHcBGLcQQ3ewLegQICRAV\" aria-label=\"Texte traduit\u00a0: Dernier avis022019Nombre de propri\u00e9taires pr\u00e9c\u00e9dents3moteurKomatsuMarque de la t\u00eate d'abattage-\u00e9branchageWarratha HTH 622Port\u00e9e6 mM\u00e9canisme d'alimentationchenille en caoutchouc renforc\u00e9Marque du syst\u00e8me de mesureTimberatic 10Poids du volume de transport27 000 kgDimensions du volume de transport (L x L x H)10 x 0 x 0 mmTaille du pneu avantCha\u00eenesPays de productionAllemagneAutres accessoiresvoir d'autres annoncesUnit\u00e9 de r\u00e9colte Warratha 622 hth scie sup\u00e9rieure lame de 59 cm, scie transversale lame de 80 cmTreuils Pullmaster \u00e0 corps sp\u00e9cial, avec bras de m\u00e2t, (support de pieu, chariot) accessoires prix suppl\u00e9mentaire1 cuill\u00e8reTimbre d'accoudoiraccessoiresManuel de la Centrale de lubrificationProtection du r\u00e9servoir de carburantLampes halog\u00e8nesCha\u00eenesExtincteurs \u00e0 eau\u00c9quipement de mesureClimatisationboiteuxAutres informationsExcavatrice StormwoodGrue \u00e0 c\u00e2ble pour pentes raidesMat\u00e9riel de chantier\"><span class=\"Y2IQFc\" lang=\"fr\">Lampes halog\u00e8nes Cha\u00eenes Extincteurs \u00e0 eau <\/span><\/p>\n<p class=\"tw-data-text tw-text-large tw-ta\" dir=\"ltr\" style=\"text-align: left;\" data-placeholder=\"Traduction\" data-ved=\"2ahUKEwjp6vOozMCNAxUQMfsDHcBGLcQQ3ewLegQICRAV\" aria-label=\"Texte traduit\u00a0: Dernier avis022019Nombre de propri\u00e9taires pr\u00e9c\u00e9dents3moteurKomatsuMarque de la t\u00eate d'abattage-\u00e9branchageWarratha HTH 622Port\u00e9e6 mM\u00e9canisme d'alimentationchenille en caoutchouc renforc\u00e9Marque du syst\u00e8me de mesureTimberatic 10Poids du volume de transport27 000 kgDimensions du volume de transport (L x L x H)10 x 0 x 0 mmTaille du pneu avantCha\u00eenesPays de productionAllemagneAutres accessoiresvoir d'autres annoncesUnit\u00e9 de r\u00e9colte Warratha 622 hth scie sup\u00e9rieure lame de 59 cm, scie transversale lame de 80 cmTreuils Pullmaster \u00e0 corps sp\u00e9cial, avec bras de m\u00e2t, (support de pieu, chariot) accessoires prix suppl\u00e9mentaire1 cuill\u00e8reTimbre d'accoudoiraccessoiresManuel de la Centrale de lubrificationProtection du r\u00e9servoir de carburantLampes halog\u00e8nesCha\u00eenesExtincteurs \u00e0 eau\u00c9quipement de mesureClimatisationboiteuxAutres informationsExcavatrice StormwoodGrue \u00e0 c\u00e2ble pour pentes raidesMat\u00e9riel de chantier\"><span class=\"Y2IQFc\" lang=\"fr\">\u00c9quipement de mesure Climatisation boiteux <\/span><\/p>\n<p class=\"tw-data-text tw-text-large tw-ta\" dir=\"ltr\" style=\"text-align: left;\" data-placeholder=\"Traduction\" data-ved=\"2ahUKEwjp6vOozMCNAxUQMfsDHcBGLcQQ3ewLegQICRAV\" aria-label=\"Texte traduit\u00a0: Dernier avis022019Nombre de propri\u00e9taires pr\u00e9c\u00e9dents3moteurKomatsuMarque de la t\u00eate d'abattage-\u00e9branchageWarratha HTH 622Port\u00e9e6 mM\u00e9canisme d'alimentationchenille en caoutchouc renforc\u00e9Marque du syst\u00e8me de mesureTimberatic 10Poids du volume de transport27 000 kgDimensions du volume de transport (L x L x H)10 x 0 x 0 mmTaille du pneu avantCha\u00eenesPays de productionAllemagneAutres accessoiresvoir d'autres annoncesUnit\u00e9 de r\u00e9colte Warratha 622 hth scie sup\u00e9rieure lame de 59 cm, scie transversale lame de 80 cmTreuils Pullmaster \u00e0 corps sp\u00e9cial, avec bras de m\u00e2t, (support de pieu, chariot) accessoires prix suppl\u00e9mentaire1 cuill\u00e8reTimbre d'accoudoiraccessoiresManuel de la Centrale de lubrificationProtection du r\u00e9servoir de carburantLampes halog\u00e8nesCha\u00eenesExtincteurs \u00e0 eau\u00c9quipement de mesureClimatisationboiteuxAutres informationsExcavatrice StormwoodGrue \u00e0 c\u00e2ble pour pentes raidesMat\u00e9riel de chantier\"><strong><span class=\"Y2IQFc\" lang=\"fr\">Autres informations <\/span><\/strong><\/p>\n<p class=\"tw-data-text tw-text-large tw-ta\" dir=\"ltr\" style=\"text-align: left;\" data-placeholder=\"Traduction\" data-ved=\"2ahUKEwjp6vOozMCNAxUQMfsDHcBGLcQQ3ewLegQICRAV\" aria-label=\"Texte traduit\u00a0: Dernier avis022019Nombre de propri\u00e9taires pr\u00e9c\u00e9dents3moteurKomatsuMarque de la t\u00eate d'abattage-\u00e9branchageWarratha HTH 622Port\u00e9e6 mM\u00e9canisme d'alimentationchenille en caoutchouc renforc\u00e9Marque du syst\u00e8me de mesureTimberatic 10Poids du volume de transport27 000 kgDimensions du volume de transport (L x L x H)10 x 0 x 0 mmTaille du pneu avantCha\u00eenesPays de productionAllemagneAutres accessoiresvoir d'autres annoncesUnit\u00e9 de r\u00e9colte Warratha 622 hth scie sup\u00e9rieure lame de 59 cm, scie transversale lame de 80 cmTreuils Pullmaster \u00e0 corps sp\u00e9cial, avec bras de m\u00e2t, (support de pieu, chariot) accessoires prix suppl\u00e9mentaire1 cuill\u00e8reTimbre d'accoudoiraccessoiresManuel de la Centrale de lubrificationProtection du r\u00e9servoir de carburantLampes halog\u00e8nesCha\u00eenesExtincteurs \u00e0 eau\u00c9quipement de mesureClimatisationboiteuxAutres informationsExcavatrice StormwoodGrue \u00e0 c\u00e2ble pour pentes raidesMat\u00e9riel de chantier\"><span class=\"Y2IQFc\" lang=\"fr\">Excavatrice Stormwood Grue \u00e0 c\u00e2ble pour pentes raides Mat\u00e9riel de chantier<\/span><\/p>","protected":false},"excerpt":{"rendered":"<div class=\"undefined key-value-wrapper\">\n<div class=\"key-value-value\">Pelle foresti\u00e8re<\/div>\n<\/div>\n<div class=\"undefined key-value-wrapper\">\n<div class=\"key-value-label\">Marque \/ Mod\u00e8le<\/div>\n<div class=\"key-value-value\">Komatsu Harvester Komatsu PC 290 N LC-6<\/div>\n<\/div>\n<div class=\"undefined key-value-wrapper\">\n<div class=\"key-value-label\">Ann\u00e9e d&rsquo;immatriculation<\/div>\n<div class=\"key-value-value\">2000<\/div>\n<\/div>\n<div class=\"undefined key-value-wrapper\">\n<div class=\"key-value-label\">Heures d&rsquo;utilisation<\/div>\n<div class=\"key-value-value\">17\u202f200 h<\/div>\n<div><\/div>\n<\/div>\n<p><strong>Verf\u00fcgbar<\/strong><br \/>\nNichts vorherzusagen<br \/>\nMaschine betriebsbereit<br \/>\nR\u00e9f\u00e9rence SC Mat\u00e9riels : KOHAPC290NLC6<\/p>","protected":false},"featured_media":1489,"template":"","meta":{"inline_featured_image":false,"site-sidebar-layout":"default","site-content-layout":"","ast-site-content-layout":"default","site-content-style":"default","site-sidebar-style":"default","ast-global-header-display":"","ast-banner-title-visibility":"","ast-main-header-display":"","ast-hfb-above-header-display":"","ast-hfb-below-header-display":"","ast-hfb-mobile-header-display":"","site-post-title":"","ast-breadcrumbs-content":"","ast-featured-img":"","footer-sml-layout":"","ast-disable-related-posts":"","theme-transparent-header-meta":"default","adv-header-id-meta":"","stick-header-meta":"","header-above-stick-meta":"","header-main-stick-meta":"","header-below-stick-meta":"","astra-migrate-meta-layouts":"set","ast-page-background-enabled":"default","ast-page-background-meta":{"desktop":{"background-color":"var(--ast-global-color-5)","background-image":"","background-repeat":"repeat","background-position":"center center","background-size":"auto","background-attachment":"scroll","background-type":"","background-media":"","overlay-type":"","overlay-color":"","overlay-opacity":"","overlay-gradient":""},"tablet":{"background-color":"","background-image":"","background-repeat":"repeat","background-position":"center center","background-size":"auto","background-attachment":"scroll","background-type":"","background-media":"","overlay-type":"","overlay-color":"","overlay-opacity":"","overlay-gradient":""},"mobile":{"background-color":"","background-image":"","background-repeat":"repeat","background-position":"center center","background-size":"auto","background-attachment":"scroll","background-type":"","background-media":"","overlay-type":"","overlay-color":"","overlay-opacity":"","overlay-gradient":""}},"ast-content-background-meta":{"desktop":{"background-color":"var(--ast-global-color-4)","background-image":"","background-repeat":"repeat","background-position":"center center","background-size":"auto","background-attachment":"scroll","background-type":"","background-media":"","overlay-type":"","overlay-color":"","overlay-opacity":"","overlay-gradient":""},"tablet":{"background-color":"var(--ast-global-color-4)","background-image":"","background-repeat":"repeat","background-position":"center center","background-size":"auto","background-attachment":"scroll","background-type":"","background-media":"","overlay-type":"","overlay-color":"","overlay-opacity":"","overlay-gradient":""},"mobile":{"background-color":"var(--ast-global-color-4)","background-image":"","background-repeat":"repeat","background-position":"center center","background-size":"auto","background-attachment":"scroll","background-type":"","background-media":"","overlay-type":"","overlay-color":"","overlay-opacity":"","overlay-gradient":""}}},"product_brand":[],"product_cat":[28],"product_tag":[],"class_list":{"0":"post-1488","1":"product","2":"type-product","3":"status-publish","4":"has-post-thumbnail","6":"product_cat-mini-pelles","7":"desktop-align-left","8":"tablet-align-left","9":"mobile-align-left","11":"first","12":"instock","13":"sale","14":"shipping-taxable","15":"purchasable","16":"product-type-simple"},"aioseo_notices":[],"_links":{"self":[{"href":"https:\/\/sc-materiels.com\/de\/wp-json\/wp\/v2\/product\/1488","targetHints":{"allow":["GET"]}}],"collection":[{"href":"https:\/\/sc-materiels.com\/de\/wp-json\/wp\/v2\/product"}],"about":[{"href":"https:\/\/sc-materiels.com\/de\/wp-json\/wp\/v2\/types\/product"}],"wp:featuredmedia":[{"embeddable":true,"href":"https:\/\/sc-materiels.com\/de\/wp-json\/wp\/v2\/media\/1489"}],"wp:attachment":[{"href":"https:\/\/sc-materiels.com\/de\/wp-json\/wp\/v2\/media?parent=1488"}],"wp:term":[{"taxonomy":"product_brand","embeddable":true,"href":"https:\/\/sc-materiels.com\/de\/wp-json\/wp\/v2\/product_brand?post=1488"},{"taxonomy":"product_cat","embeddable":true,"href":"https:\/\/sc-materiels.com\/de\/wp-json\/wp\/v2\/product_cat?post=1488"},{"taxonomy":"product_tag","embeddable":true,"href":"https:\/\/sc-materiels.com\/de\/wp-json\/wp\/v2\/product_tag?post=1488"}],"curies":[{"name":"wp","href":"https:\/\/api.w.org\/{rel}","templated":true}]}}