{"id":1547,"date":"2025-06-01T11:07:41","date_gmt":"2025-06-01T11:07:41","guid":{"rendered":"https:\/\/sc-materiels.com\/?post_type=product&#038;p=1547"},"modified":"2025-06-01T11:07:41","modified_gmt":"2025-06-01T11:07:41","slug":"container-xl-abrollhalfpipe","status":"publish","type":"product","link":"https:\/\/sc-materiels.com\/de\/produkt\/container-xl-abrollhalfpipe\/","title":{"rendered":"Container XL Abrollhalfter"},"content":{"rendered":"<h1 class=\"typography__H1-sc-1tyz4zr-14 kdXBMo\">ContainerXL Abrollhalfpipe Hardox 10m\u00b3 Lagernd<\/h1>\n<p>Dimensions int\u00e9rieures 6000 x 2350 x 700 mm<br \/>\n\u2022 Poutre longitudinale INP 180, espacement selon DIN 30722<br \/>\n\u2022 Stand INP 180<br \/>\n\u2022 Sans but\u00e9es en \u00ab C \u00bb dans le longeron<br \/>\n\u2022 Diam\u00e8tre du crochet 60 mm, ST52<br \/>\n\u2022 Hauteur du crochet 1570 mm<br \/>\n\u2022 Capacit\u00e9 de remorquage 2,5 t 6 pi\u00e8ces (3 + 3 c\u00f4t\u00e9s chacune)<br \/>\n\u2022 MONTAGE DE L&rsquo;EXCAVATRICE sur la paroi avant<br \/>\n\u2022 Paroi arri\u00e8re 400 mm hydraulique<br \/>\n\u2022 Sol 5 mm HARDOX 450<br \/>\n\u2022 Parois lat\u00e9rales 3 mm HARDOX 450<br \/>\n\u2022 Paroi avant et porte 3 mm HARDOX 450<br \/>\n\u2022 Cadres inf\u00e9rieurs U290x50x4 \/ U290x55x4<br \/>\n\u2022 Derni\u00e8res images U290x80x4 \/ U290x85x4<br \/>\n\u2022 Bas\/c\u00f4t\u00e9 45\u00b0<br \/>\n\u2022 Cadre sup\u00e9rieur J\u00e4kl 120x60x5<br \/>\n\u2022 \u00c9chelle \u00e0 4 marches<br \/>\n\u2022 2 rouleaux, 159&#215;6,3, longueur 300 mm<br \/>\n\u2022 Houe 400 mm sous le bord sup\u00e9rieur<br \/>\n\u2022 Toutes les pi\u00e8ces mobiles peuvent \u00eatre lubrifi\u00e9es<br \/>\n\u2022 Peinture appr\u00eat\u00e9e et peinte en couleur RAL 3002 (80-100\u00b5)<br \/>\n\u2022 Poids total autoris\u00e9 : 15 t<\/p>\n<p>Hayon hydraulique 1 x DW dans conduites hydrauliques et raccordement avec 2 x BG 3 m\u00e2le. Y compris la position de stationnement<\/p>","protected":false},"excerpt":{"rendered":"<p>Verf\u00fcgbar<br \/>\nNichts vorherzusagen<br \/>\nMaschine betriebsbereit<br \/>\nR\u00e9f\u00e9rence SC Mat\u00e9riels : GFA21575R175<\/p>","protected":false},"featured_media":1548,"template":"","meta":{"inline_featured_image":false,"site-sidebar-layout":"default","site-content-layout":"","ast-site-content-layout":"default","site-content-style":"default","site-sidebar-style":"default","ast-global-header-display":"","ast-banner-title-visibility":"","ast-main-header-display":"","ast-hfb-above-header-display":"","ast-hfb-below-header-display":"","ast-hfb-mobile-header-display":"","site-post-title":"","ast-breadcrumbs-content":"","ast-featured-img":"","footer-sml-layout":"","ast-disable-related-posts":"","theme-transparent-header-meta":"default","adv-header-id-meta":"","stick-header-meta":"","header-above-stick-meta":"","header-main-stick-meta":"","header-below-stick-meta":"","astra-migrate-meta-layouts":"set","ast-page-background-enabled":"default","ast-page-background-meta":{"desktop":{"background-color":"var(--ast-global-color-5)","background-image":"","background-repeat":"repeat","background-position":"center center","background-size":"auto","background-attachment":"scroll","background-type":"","background-media":"","overlay-type":"","overlay-color":"","overlay-opacity":"","overlay-gradient":""},"tablet":{"background-color":"","background-image":"","background-repeat":"repeat","background-position":"center center","background-size":"auto","background-attachment":"scroll","background-type":"","background-media":"","overlay-type":"","overlay-color":"","overlay-opacity":"","overlay-gradient":""},"mobile":{"background-color":"","background-image":"","background-repeat":"repeat","background-position":"center center","background-size":"auto","background-attachment":"scroll","background-type":"","background-media":"","overlay-type":"","overlay-color":"","overlay-opacity":"","overlay-gradient":""}},"ast-content-background-meta":{"desktop":{"background-color":"var(--ast-global-color-4)","background-image":"","background-repeat":"repeat","background-position":"center center","background-size":"auto","background-attachment":"scroll","background-type":"","background-media":"","overlay-type":"","overlay-color":"","overlay-opacity":"","overlay-gradient":""},"tablet":{"background-color":"var(--ast-global-color-4)","background-image":"","background-repeat":"repeat","background-position":"center center","background-size":"auto","background-attachment":"scroll","background-type":"","background-media":"","overlay-type":"","overlay-color":"","overlay-opacity":"","overlay-gradient":""},"mobile":{"background-color":"var(--ast-global-color-4)","background-image":"","background-repeat":"repeat","background-position":"center center","background-size":"auto","background-attachment":"scroll","background-type":"","background-media":"","overlay-type":"","overlay-color":"","overlay-opacity":"","overlay-gradient":""}}},"product_brand":[],"product_cat":[30],"product_tag":[],"class_list":{"0":"post-1547","1":"product","2":"type-product","3":"status-publish","4":"has-post-thumbnail","6":"product_cat-remorques","7":"desktop-align-left","8":"tablet-align-left","9":"mobile-align-left","11":"first","12":"instock","13":"sale","14":"shipping-taxable","15":"purchasable","16":"product-type-simple"},"aioseo_notices":[],"_links":{"self":[{"href":"https:\/\/sc-materiels.com\/de\/wp-json\/wp\/v2\/product\/1547","targetHints":{"allow":["GET"]}}],"collection":[{"href":"https:\/\/sc-materiels.com\/de\/wp-json\/wp\/v2\/product"}],"about":[{"href":"https:\/\/sc-materiels.com\/de\/wp-json\/wp\/v2\/types\/product"}],"wp:featuredmedia":[{"embeddable":true,"href":"https:\/\/sc-materiels.com\/de\/wp-json\/wp\/v2\/media\/1548"}],"wp:attachment":[{"href":"https:\/\/sc-materiels.com\/de\/wp-json\/wp\/v2\/media?parent=1547"}],"wp:term":[{"taxonomy":"product_brand","embeddable":true,"href":"https:\/\/sc-materiels.com\/de\/wp-json\/wp\/v2\/product_brand?post=1547"},{"taxonomy":"product_cat","embeddable":true,"href":"https:\/\/sc-materiels.com\/de\/wp-json\/wp\/v2\/product_cat?post=1547"},{"taxonomy":"product_tag","embeddable":true,"href":"https:\/\/sc-materiels.com\/de\/wp-json\/wp\/v2\/product_tag?post=1547"}],"curies":[{"name":"wp","href":"https:\/\/api.w.org\/{rel}","templated":true}]}}