{"id":1588,"date":"2025-06-01T18:19:47","date_gmt":"2025-06-01T18:19:47","guid":{"rendered":"https:\/\/sc-materiels.com\/?post_type=product&#038;p=1588"},"modified":"2025-06-01T18:19:47","modified_gmt":"2025-06-01T18:19:47","slug":"paalivaunu-ert-tempo","status":"publish","type":"product","link":"https:\/\/sc-materiels.com\/de\/produkt\/paalivaunu-ert-tempo\/","title":{"rendered":"Paalivaunu ERT\/Tempo"},"content":{"rendered":"<p>Remorque \u00e0 balles ERT\/Tempo<br \/>\n*PV18-1919*<br \/>\nVm. 2019<br \/>\nCapacit\u00e9 de charge 18t<br \/>\nC\u00f4t\u00e9s hydrauliques<br \/>\nBarre de traction \u00e0 ressort<br \/>\nFreins sur l&rsquo;essieu avant<br \/>\nTaille des pneus 710\/45R22.5<br \/>\nUne remorque \u00e0 balles vraiment soign\u00e9e pour un nouveau propri\u00e9taire.<\/p>","protected":false},"excerpt":{"rendered":"<p>Verf\u00fcgbar<br \/>\nNichts vorherzusagen<br \/>\nMaschine betriebsbereit<br \/>\nR\u00e9f\u00e9rence SC Mat\u00e9riels : PAAERTTMPO<\/p>\n<div class=\"undefined key-value-wrapper\">\n<div class=\"key-value-label\">Cat\u00e9gorie<\/div>\n<div class=\"key-value-value\">Plateau \u00e0 paille<\/div>\n<\/div>\n<div class=\"undefined key-value-wrapper\">\n<div class=\"key-value-label\">Marque \/ Mod\u00e8le<\/div>\n<div class=\"key-value-value\">Paalivaunu ERT\/Tempo<\/div>\n<\/div>\n<div class=\"undefined key-value-wrapper\">\n<div class=\"key-value-label\">Ann\u00e9e d&rsquo;immatriculation<\/div>\n<div class=\"key-value-value\">2019<\/div>\n<\/div>","protected":false},"featured_media":1589,"template":"","meta":{"inline_featured_image":false,"site-sidebar-layout":"default","site-content-layout":"","ast-site-content-layout":"default","site-content-style":"default","site-sidebar-style":"default","ast-global-header-display":"","ast-banner-title-visibility":"","ast-main-header-display":"","ast-hfb-above-header-display":"","ast-hfb-below-header-display":"","ast-hfb-mobile-header-display":"","site-post-title":"","ast-breadcrumbs-content":"","ast-featured-img":"","footer-sml-layout":"","ast-disable-related-posts":"","theme-transparent-header-meta":"default","adv-header-id-meta":"","stick-header-meta":"","header-above-stick-meta":"","header-main-stick-meta":"","header-below-stick-meta":"","astra-migrate-meta-layouts":"set","ast-page-background-enabled":"default","ast-page-background-meta":{"desktop":{"background-color":"var(--ast-global-color-5)","background-image":"","background-repeat":"repeat","background-position":"center center","background-size":"auto","background-attachment":"scroll","background-type":"","background-media":"","overlay-type":"","overlay-color":"","overlay-opacity":"","overlay-gradient":""},"tablet":{"background-color":"","background-image":"","background-repeat":"repeat","background-position":"center center","background-size":"auto","background-attachment":"scroll","background-type":"","background-media":"","overlay-type":"","overlay-color":"","overlay-opacity":"","overlay-gradient":""},"mobile":{"background-color":"","background-image":"","background-repeat":"repeat","background-position":"center center","background-size":"auto","background-attachment":"scroll","background-type":"","background-media":"","overlay-type":"","overlay-color":"","overlay-opacity":"","overlay-gradient":""}},"ast-content-background-meta":{"desktop":{"background-color":"var(--ast-global-color-4)","background-image":"","background-repeat":"repeat","background-position":"center center","background-size":"auto","background-attachment":"scroll","background-type":"","background-media":"","overlay-type":"","overlay-color":"","overlay-opacity":"","overlay-gradient":""},"tablet":{"background-color":"var(--ast-global-color-4)","background-image":"","background-repeat":"repeat","background-position":"center center","background-size":"auto","background-attachment":"scroll","background-type":"","background-media":"","overlay-type":"","overlay-color":"","overlay-opacity":"","overlay-gradient":""},"mobile":{"background-color":"var(--ast-global-color-4)","background-image":"","background-repeat":"repeat","background-position":"center center","background-size":"auto","background-attachment":"scroll","background-type":"","background-media":"","overlay-type":"","overlay-color":"","overlay-opacity":"","overlay-gradient":""}}},"product_brand":[],"product_cat":[30],"product_tag":[],"class_list":{"0":"post-1588","1":"product","2":"type-product","3":"status-publish","4":"has-post-thumbnail","6":"product_cat-remorques","7":"desktop-align-left","8":"tablet-align-left","9":"mobile-align-left","11":"first","12":"instock","13":"sale","14":"shipping-taxable","15":"purchasable","16":"product-type-simple"},"aioseo_notices":[],"_links":{"self":[{"href":"https:\/\/sc-materiels.com\/de\/wp-json\/wp\/v2\/product\/1588","targetHints":{"allow":["GET"]}}],"collection":[{"href":"https:\/\/sc-materiels.com\/de\/wp-json\/wp\/v2\/product"}],"about":[{"href":"https:\/\/sc-materiels.com\/de\/wp-json\/wp\/v2\/types\/product"}],"wp:featuredmedia":[{"embeddable":true,"href":"https:\/\/sc-materiels.com\/de\/wp-json\/wp\/v2\/media\/1589"}],"wp:attachment":[{"href":"https:\/\/sc-materiels.com\/de\/wp-json\/wp\/v2\/media?parent=1588"}],"wp:term":[{"taxonomy":"product_brand","embeddable":true,"href":"https:\/\/sc-materiels.com\/de\/wp-json\/wp\/v2\/product_brand?post=1588"},{"taxonomy":"product_cat","embeddable":true,"href":"https:\/\/sc-materiels.com\/de\/wp-json\/wp\/v2\/product_cat?post=1588"},{"taxonomy":"product_tag","embeddable":true,"href":"https:\/\/sc-materiels.com\/de\/wp-json\/wp\/v2\/product_tag?post=1588"}],"curies":[{"name":"wp","href":"https:\/\/api.w.org\/{rel}","templated":true}]}}