{"id":1724,"date":"2025-06-02T12:11:24","date_gmt":"2025-06-02T12:11:24","guid":{"rendered":"https:\/\/sc-materiels.com\/?post_type=product&#038;p=1724"},"modified":"2025-06-02T12:11:24","modified_gmt":"2025-06-02T12:11:24","slug":"chariot-elevateur-clark-c80d","status":"publish","type":"product","link":"https:\/\/sc-materiels.com\/de\/produkt\/chariot-elevateur-clark-c80d\/","title":{"rendered":"Clark C80D Gabelstapler"},"content":{"rendered":"<div class=\"undefined key-value-wrapper\">\n<div class=\"key-value-label\">Type<\/div>\n<div class=\"key-value-value\">Diesel<\/div>\n<\/div>\n<div class=\"undefined key-value-wrapper\">\n<div class=\"key-value-label\">N\u00b0 de stock<\/div>\n<div class=\"key-value-value\">3461<\/div>\n<\/div>\n<div class=\"undefined key-value-wrapper\">\n<div class=\"key-value-label\">Max. capacit\u00e9 de levage<\/div>\n<div class=\"key-value-value\">8\u202f000 kg<\/div>\n<\/div>\n<div class=\"undefined key-value-wrapper\">\n<div class=\"key-value-label\">Hauteur de levage<\/div>\n<div class=\"key-value-value\">4\u202f700 mm<\/div>\n<\/div>\n<div class=\"fullWidth key-value-wrapper\">\n<div class=\"key-value-label\">Autres accessoires<\/div>\n<div class=\"key-value-value\">D\u00e9placement lat\u00e9ral, Positionneur de fourches, Cabine<\/div>\n<\/div>\n<div class=\"fullWidth key-value-wrapper\">\n<div class=\"key-value-label\">Autres informations<\/div>\n<div class=\"key-value-value\">Ecartement ds fourches pour containers 20&Prime; Ecartement interieur des fourches : 1925mm Largeur tablier : 2380 mm<\/div>\n<\/div>","protected":false},"excerpt":{"rendered":"<div class=\"undefined key-value-wrapper\">\n<div class=\"key-value-label\">Cat\u00e9gorie<\/div>\n<div class=\"key-value-value\">Autres Chariots \u00e9l\u00e9vateurs<\/div>\n<\/div>\n<div class=\"undefined key-value-wrapper\">\n<div class=\"key-value-label\">Marque \/ Mod\u00e8le<\/div>\n<div class=\"key-value-value\">Clark C80D<\/div>\n<\/div>\n<div class=\"undefined key-value-wrapper\">\n<div class=\"key-value-label\">Ann\u00e9e d&rsquo;immatriculation<\/div>\n<div class=\"key-value-value\">2018<\/div>\n<\/div>\n<div class=\"undefined key-value-wrapper\">\n<div class=\"key-value-label\">Heures d&rsquo;utilisation<\/div>\n<div class=\"key-value-value\">258 h<\/div>\n<\/div>\n<div><\/div>\n<p>Verf\u00fcgbar<br \/>\nNichts vorherzusagen<br \/>\nMaschine betriebsbereit<br \/>\nR\u00e9f\u00e9rence SC Mat\u00e9riels : CLARK80D<\/p>","protected":false},"featured_media":1725,"template":"","meta":{"inline_featured_image":false,"site-sidebar-layout":"default","site-content-layout":"","ast-site-content-layout":"default","site-content-style":"default","site-sidebar-style":"default","ast-global-header-display":"","ast-banner-title-visibility":"","ast-main-header-display":"","ast-hfb-above-header-display":"","ast-hfb-below-header-display":"","ast-hfb-mobile-header-display":"","site-post-title":"","ast-breadcrumbs-content":"","ast-featured-img":"","footer-sml-layout":"","ast-disable-related-posts":"","theme-transparent-header-meta":"default","adv-header-id-meta":"","stick-header-meta":"","header-above-stick-meta":"","header-main-stick-meta":"","header-below-stick-meta":"","astra-migrate-meta-layouts":"set","ast-page-background-enabled":"default","ast-page-background-meta":{"desktop":{"background-color":"var(--ast-global-color-5)","background-image":"","background-repeat":"repeat","background-position":"center center","background-size":"auto","background-attachment":"scroll","background-type":"","background-media":"","overlay-type":"","overlay-color":"","overlay-opacity":"","overlay-gradient":""},"tablet":{"background-color":"","background-image":"","background-repeat":"repeat","background-position":"center center","background-size":"auto","background-attachment":"scroll","background-type":"","background-media":"","overlay-type":"","overlay-color":"","overlay-opacity":"","overlay-gradient":""},"mobile":{"background-color":"","background-image":"","background-repeat":"repeat","background-position":"center center","background-size":"auto","background-attachment":"scroll","background-type":"","background-media":"","overlay-type":"","overlay-color":"","overlay-opacity":"","overlay-gradient":""}},"ast-content-background-meta":{"desktop":{"background-color":"var(--ast-global-color-4)","background-image":"","background-repeat":"repeat","background-position":"center center","background-size":"auto","background-attachment":"scroll","background-type":"","background-media":"","overlay-type":"","overlay-color":"","overlay-opacity":"","overlay-gradient":""},"tablet":{"background-color":"var(--ast-global-color-4)","background-image":"","background-repeat":"repeat","background-position":"center center","background-size":"auto","background-attachment":"scroll","background-type":"","background-media":"","overlay-type":"","overlay-color":"","overlay-opacity":"","overlay-gradient":""},"mobile":{"background-color":"var(--ast-global-color-4)","background-image":"","background-repeat":"repeat","background-position":"center center","background-size":"auto","background-attachment":"scroll","background-type":"","background-media":"","overlay-type":"","overlay-color":"","overlay-opacity":"","overlay-gradient":""}}},"product_brand":[],"product_cat":[32],"product_tag":[],"class_list":{"0":"post-1724","1":"product","2":"type-product","3":"status-publish","4":"has-post-thumbnail","6":"product_cat-chariots-elevateurs-telescopiques","7":"desktop-align-left","8":"tablet-align-left","9":"mobile-align-left","11":"first","12":"instock","13":"sale","14":"shipping-taxable","15":"purchasable","16":"product-type-simple"},"aioseo_notices":[],"_links":{"self":[{"href":"https:\/\/sc-materiels.com\/de\/wp-json\/wp\/v2\/product\/1724","targetHints":{"allow":["GET"]}}],"collection":[{"href":"https:\/\/sc-materiels.com\/de\/wp-json\/wp\/v2\/product"}],"about":[{"href":"https:\/\/sc-materiels.com\/de\/wp-json\/wp\/v2\/types\/product"}],"wp:featuredmedia":[{"embeddable":true,"href":"https:\/\/sc-materiels.com\/de\/wp-json\/wp\/v2\/media\/1725"}],"wp:attachment":[{"href":"https:\/\/sc-materiels.com\/de\/wp-json\/wp\/v2\/media?parent=1724"}],"wp:term":[{"taxonomy":"product_brand","embeddable":true,"href":"https:\/\/sc-materiels.com\/de\/wp-json\/wp\/v2\/product_brand?post=1724"},{"taxonomy":"product_cat","embeddable":true,"href":"https:\/\/sc-materiels.com\/de\/wp-json\/wp\/v2\/product_cat?post=1724"},{"taxonomy":"product_tag","embeddable":true,"href":"https:\/\/sc-materiels.com\/de\/wp-json\/wp\/v2\/product_tag?post=1724"}],"curies":[{"name":"wp","href":"https:\/\/api.w.org\/{rel}","templated":true}]}}