{"id":202,"date":"2025-05-21T16:07:12","date_gmt":"2025-05-21T16:07:12","guid":{"rendered":"https:\/\/olive-nightingale-776915.hostingersite.com\/?post_type=product&#038;p=202"},"modified":"2025-06-05T12:30:46","modified_gmt":"2025-06-05T12:30:46","slug":"mini-pelle-bobcat-e-55-z","status":"publish","type":"product","link":"https:\/\/sc-materiels.com\/de\/produkt\/mini-pelle-bobcat-e-55-z\/","title":{"rendered":"Bobcat E 55 Z Minibagger"},"content":{"rendered":"<div class=\"undefined key-value-wrapper\">\n<div class=\"key-value-label\">Type: Diesel<\/div>\n<\/div>\n<div class=\"undefined key-value-wrapper\">\n<div class=\"key-value-label\">Poids brut: 5\u202f500 kg<\/div>\n<\/div>\n<div class=\"undefined key-value-wrapper\"><\/div>\n<div class=\"key-value-label\"><\/div>\n<div class=\"fullWidth key-value-wrapper\">\n<div class=\"key-value-value\">Mini pelle Bobcat E55z Ann\u00e9e 2022 100 heures \u00c9tat neuf Attache morin m2 Vendue avec deux godets Pouce hydraulique<\/div>\n<\/div>","protected":false},"excerpt":{"rendered":"<div class=\"undefined key-value-wrapper\">\n<div class=\"key-value-label\">Cat\u00e9gorie: Mini pelle &lt; 7t<\/div>\n<\/div>\n<div class=\"undefined key-value-wrapper\">\n<div class=\"key-value-label\">Marque \/ Mod\u00e8le: Bobcat E 55 Z<\/div>\n<\/div>\n<div class=\"undefined key-value-wrapper\">\n<div class=\"key-value-label\">Ann\u00e9e d&rsquo;immatriculation: 2022<\/div>\n<\/div>\n<div class=\"undefined key-value-wrapper\">\n<div class=\"key-value-label\">Heures d&rsquo;utilisation: 100 h<\/div>\n<\/div>\n<div class=\"undefined key-value-wrapper\">\n<div class=\"key-value-label\">Etat \/ condition: Neuf<\/div>\n<\/div>\n<div class=\"undefined key-value-wrapper\">\n<div class=\"key-value-label\">Emplacement: Nanterre<\/div>\n<\/div>\n<div class=\"undefined key-value-wrapper\">\n<div class=\"key-value-label\">Pays: France<\/div>\n<div>Verf\u00fcgbar<br \/>\nNichts vorherzusagen<br \/>\nMaschine betriebsbereit<br \/>\nR\u00e9f\u00e9rence SC Mat\u00e9riels : BOBE55P<\/div>\n<\/div>","protected":false},"featured_media":215,"template":"","meta":{"inline_featured_image":false,"site-sidebar-layout":"default","site-content-layout":"","ast-site-content-layout":"default","site-content-style":"default","site-sidebar-style":"default","ast-global-header-display":"","ast-banner-title-visibility":"","ast-main-header-display":"","ast-hfb-above-header-display":"","ast-hfb-below-header-display":"","ast-hfb-mobile-header-display":"","site-post-title":"","ast-breadcrumbs-content":"","ast-featured-img":"","footer-sml-layout":"","ast-disable-related-posts":"","theme-transparent-header-meta":"default","adv-header-id-meta":"","stick-header-meta":"","header-above-stick-meta":"","header-main-stick-meta":"","header-below-stick-meta":"","astra-migrate-meta-layouts":"set","ast-page-background-enabled":"default","ast-page-background-meta":{"desktop":{"background-color":"var(--ast-global-color-5)","background-image":"","background-repeat":"repeat","background-position":"center center","background-size":"auto","background-attachment":"scroll","background-type":"","background-media":"","overlay-type":"","overlay-color":"","overlay-opacity":"","overlay-gradient":""},"tablet":{"background-color":"","background-image":"","background-repeat":"repeat","background-position":"center center","background-size":"auto","background-attachment":"scroll","background-type":"","background-media":"","overlay-type":"","overlay-color":"","overlay-opacity":"","overlay-gradient":""},"mobile":{"background-color":"","background-image":"","background-repeat":"repeat","background-position":"center center","background-size":"auto","background-attachment":"scroll","background-type":"","background-media":"","overlay-type":"","overlay-color":"","overlay-opacity":"","overlay-gradient":""}},"ast-content-background-meta":{"desktop":{"background-color":"var(--ast-global-color-4)","background-image":"","background-repeat":"repeat","background-position":"center center","background-size":"auto","background-attachment":"scroll","background-type":"","background-media":"","overlay-type":"","overlay-color":"","overlay-opacity":"","overlay-gradient":""},"tablet":{"background-color":"var(--ast-global-color-4)","background-image":"","background-repeat":"repeat","background-position":"center center","background-size":"auto","background-attachment":"scroll","background-type":"","background-media":"","overlay-type":"","overlay-color":"","overlay-opacity":"","overlay-gradient":""},"mobile":{"background-color":"var(--ast-global-color-4)","background-image":"","background-repeat":"repeat","background-position":"center center","background-size":"auto","background-attachment":"scroll","background-type":"","background-media":"","overlay-type":"","overlay-color":"","overlay-opacity":"","overlay-gradient":""}}},"product_brand":[],"product_cat":[28],"product_tag":[],"class_list":{"0":"post-202","1":"product","2":"type-product","3":"status-publish","4":"has-post-thumbnail","6":"product_cat-mini-pelles","7":"desktop-align-left","8":"tablet-align-left","9":"mobile-align-left","11":"first","12":"instock","13":"sale","14":"shipping-taxable","15":"purchasable","16":"product-type-simple"},"aioseo_notices":[],"_links":{"self":[{"href":"https:\/\/sc-materiels.com\/de\/wp-json\/wp\/v2\/product\/202","targetHints":{"allow":["GET"]}}],"collection":[{"href":"https:\/\/sc-materiels.com\/de\/wp-json\/wp\/v2\/product"}],"about":[{"href":"https:\/\/sc-materiels.com\/de\/wp-json\/wp\/v2\/types\/product"}],"wp:featuredmedia":[{"embeddable":true,"href":"https:\/\/sc-materiels.com\/de\/wp-json\/wp\/v2\/media\/215"}],"wp:attachment":[{"href":"https:\/\/sc-materiels.com\/de\/wp-json\/wp\/v2\/media?parent=202"}],"wp:term":[{"taxonomy":"product_brand","embeddable":true,"href":"https:\/\/sc-materiels.com\/de\/wp-json\/wp\/v2\/product_brand?post=202"},{"taxonomy":"product_cat","embeddable":true,"href":"https:\/\/sc-materiels.com\/de\/wp-json\/wp\/v2\/product_cat?post=202"},{"taxonomy":"product_tag","embeddable":true,"href":"https:\/\/sc-materiels.com\/de\/wp-json\/wp\/v2\/product_tag?post=202"}],"curies":[{"name":"wp","href":"https:\/\/api.w.org\/{rel}","templated":true}]}}