{"id":336,"date":"2025-05-22T13:10:47","date_gmt":"2025-05-22T13:10:47","guid":{"rendered":"https:\/\/olive-nightingale-776915.hostingersite.com\/?post_type=product&#038;p=336"},"modified":"2025-06-05T12:24:29","modified_gmt":"2025-06-05T12:24:29","slug":"fourgon-mercedes-benz-antos-1827","status":"publish","type":"product","link":"https:\/\/sc-materiels.com\/de\/produkt\/fourgon-mercedes-benz-antos-1827\/","title":{"rendered":"Mercedes-Benz Antos Transporter 1827"},"content":{"rendered":"<p>Ann\u00e9e d&rsquo;immatriculation 2019<br \/>\nRelev\u00e9 Km \/ heures 325\u202f336 km<br \/>\nType Diesel<br \/>\nConstructeur \/ Carrossier<br \/>\nMercedes-Benz<br \/>\nCat\u00e9gorie d&rsquo;\u00e9mission<br \/>\nEuro 6<br \/>\nType de suspension<br \/>\n\u00c0 air-\u00e0 air<br \/>\nCabine<br \/>\nCabine de jour<br \/>\nRendement moteur<br \/>\n200 kW (272 CV)<br \/>\nCylindr\u00e9e du moteur<br \/>\n7\u202f698 cm3<br \/>\nTransmission<br \/>\nAutomatic<br \/>\nCharge utile maximale<br \/>\n7\u202f475 kg<br \/>\nPoids brut<br \/>\n19\u202f000 kg<br \/>\nEmpattement<br \/>\n6.100 cm<br \/>\nCouleur<br \/>\nWit<br \/>\nAccessoires<br \/>\nClimatisation, Plateforme \u00e9l\u00e9vatrice, Radio, Tempomat, Fen\u00eatres \u00e9lectriques, Pare-soleil, ADBLUE<\/p>\n<p>Autres accessoires<\/p>\n<p>Cam\u00e9ra de recul, Airbag, Verrouillage centralis\u00e9, EURO 6, Suspension du si\u00e8ge conducteur, Prise de courant 12V + 24V \/ 15A, Port USB<\/p>","protected":false},"excerpt":{"rendered":"<p>Airbag, Verrouillage centralis\u00e9, Si\u00e8ge conducteur amorti, EURO 6, Prise 12 V + 24 V \/ 15 A, Cam\u00e9ra de recul, Port USB Autres informations Nombre de cylindres : 4 Poids \u00e0 vide : 11,525 kg Hayon \u00e9l\u00e9vateur : Dhollandia DHSM.20, hayon \u00e9l\u00e9vateur, 2000 kg APK (contr\u00f4le technique) : Nouveau APK (contr\u00f4le technique) \u00e0 la livraison<\/p>","protected":false},"featured_media":364,"template":"","meta":{"inline_featured_image":false,"site-sidebar-layout":"default","site-content-layout":"","ast-site-content-layout":"default","site-content-style":"default","site-sidebar-style":"default","ast-global-header-display":"","ast-banner-title-visibility":"","ast-main-header-display":"","ast-hfb-above-header-display":"","ast-hfb-below-header-display":"","ast-hfb-mobile-header-display":"","site-post-title":"","ast-breadcrumbs-content":"","ast-featured-img":"","footer-sml-layout":"","ast-disable-related-posts":"","theme-transparent-header-meta":"default","adv-header-id-meta":"","stick-header-meta":"","header-above-stick-meta":"","header-main-stick-meta":"","header-below-stick-meta":"","astra-migrate-meta-layouts":"set","ast-page-background-enabled":"default","ast-page-background-meta":{"desktop":{"background-color":"var(--ast-global-color-5)","background-image":"","background-repeat":"repeat","background-position":"center center","background-size":"auto","background-attachment":"scroll","background-type":"","background-media":"","overlay-type":"","overlay-color":"","overlay-opacity":"","overlay-gradient":""},"tablet":{"background-color":"","background-image":"","background-repeat":"repeat","background-position":"center center","background-size":"auto","background-attachment":"scroll","background-type":"","background-media":"","overlay-type":"","overlay-color":"","overlay-opacity":"","overlay-gradient":""},"mobile":{"background-color":"","background-image":"","background-repeat":"repeat","background-position":"center center","background-size":"auto","background-attachment":"scroll","background-type":"","background-media":"","overlay-type":"","overlay-color":"","overlay-opacity":"","overlay-gradient":""}},"ast-content-background-meta":{"desktop":{"background-color":"var(--ast-global-color-4)","background-image":"","background-repeat":"repeat","background-position":"center center","background-size":"auto","background-attachment":"scroll","background-type":"","background-media":"","overlay-type":"","overlay-color":"","overlay-opacity":"","overlay-gradient":""},"tablet":{"background-color":"var(--ast-global-color-4)","background-image":"","background-repeat":"repeat","background-position":"center center","background-size":"auto","background-attachment":"scroll","background-type":"","background-media":"","overlay-type":"","overlay-color":"","overlay-opacity":"","overlay-gradient":""},"mobile":{"background-color":"var(--ast-global-color-4)","background-image":"","background-repeat":"repeat","background-position":"center center","background-size":"auto","background-attachment":"scroll","background-type":"","background-media":"","overlay-type":"","overlay-color":"","overlay-opacity":"","overlay-gradient":""}}},"product_brand":[],"product_cat":[31],"product_tag":[],"class_list":{"0":"post-336","1":"product","2":"type-product","3":"status-publish","4":"has-post-thumbnail","6":"product_cat-camions-plateaux","7":"desktop-align-left","8":"tablet-align-left","9":"mobile-align-left","11":"first","12":"instock","13":"sale","14":"shipping-taxable","15":"purchasable","16":"product-type-simple"},"aioseo_notices":[],"_links":{"self":[{"href":"https:\/\/sc-materiels.com\/de\/wp-json\/wp\/v2\/product\/336","targetHints":{"allow":["GET"]}}],"collection":[{"href":"https:\/\/sc-materiels.com\/de\/wp-json\/wp\/v2\/product"}],"about":[{"href":"https:\/\/sc-materiels.com\/de\/wp-json\/wp\/v2\/types\/product"}],"wp:featuredmedia":[{"embeddable":true,"href":"https:\/\/sc-materiels.com\/de\/wp-json\/wp\/v2\/media\/364"}],"wp:attachment":[{"href":"https:\/\/sc-materiels.com\/de\/wp-json\/wp\/v2\/media?parent=336"}],"wp:term":[{"taxonomy":"product_brand","embeddable":true,"href":"https:\/\/sc-materiels.com\/de\/wp-json\/wp\/v2\/product_brand?post=336"},{"taxonomy":"product_cat","embeddable":true,"href":"https:\/\/sc-materiels.com\/de\/wp-json\/wp\/v2\/product_cat?post=336"},{"taxonomy":"product_tag","embeddable":true,"href":"https:\/\/sc-materiels.com\/de\/wp-json\/wp\/v2\/product_tag?post=336"}],"curies":[{"name":"wp","href":"https:\/\/api.w.org\/{rel}","templated":true}]}}