{"id":416,"date":"2025-05-23T08:41:34","date_gmt":"2025-05-23T08:41:34","guid":{"rendered":"https:\/\/olive-nightingale-776915.hostingersite.com\/?post_type=product&#038;p=416"},"modified":"2025-06-05T12:22:43","modified_gmt":"2025-06-05T12:22:43","slug":"grue-liebherr-ltm-1055-3-2","status":"publish","type":"product","link":"https:\/\/sc-materiels.com\/de\/produkt\/grue-liebherr-ltm-1055-3-2\/","title":{"rendered":"Liebherr-Kran LTM 1055-3.2"},"content":{"rendered":"<p><strong>CAMION GRUE LIEBHERR<\/strong><\/p>\n<p>Marque : Liebherr<br \/>\nMod\u00e8le : LTM 1055-3.2<br \/>\nKilom\u00e9trage : 99.000KM<br \/>\nAnn\u00e9e : 2008<br \/>\nHeures : 11.000H<\/p>\n<p><strong>\u00c9QUIPEMENTS :<\/strong><\/p>\n<p>Capacit\u00e9 de charge max. &#8211; 55 t<br \/>\nFl\u00e8che t\u00e9lescopique &#8211; 40 m<br \/>\nHauteur de levage max. &#8211; 56 m<br \/>\nPort\u00e9e max. &#8211; 46 m<br \/>\nNombre d&rsquo;essieux &#8211; 3<\/p>\n<p>MOTS CL\u00c9S : Renault Master -Peugeot Boxer &#8211; Citro\u00ebn Jumper &#8211; Fiat Ducato &#8211; Mercedes Sprinter &#8211; Ford Transit- Volkswagen Crafter &#8211; Nissan NV400 &#8211; Iveco Daily &#8211; Opel Movano- Renault Trucks &#8211; Volvo &#8211; Scania &#8211; MAN &#8211; Actros &#8211; Iveco &#8211; DAF &#8211; Ford Trucks, Utilitaire pour artisans, Utilitaire pour plombiers, Utilitaire pour \u00e9lectriciens, Utilitaire pour livreurs, Utilitaire pour transport m\u00e9dical, Fourgon utilitaire, Fourgon frigorifique, Fourgon benne, Utilitaire 3 places, Utilitaire 6 places, Utilitaire avec hayon, Utilitaire isotherme, Fourgon compact, Petit utilitaire \u00e9lectrique, Fourgon sur\u00e9lev\u00e9, Camionnette diesel, Fourgon am\u00e9nag\u00e9, Camionnette 4x4Camion pour BTP, Camion pour transport de marchandises, Camion pour d\u00e9m\u00e9nagement, Camion pour transport de mat\u00e9riaux, Camion pour travaux publics, Camion agricole, Camion benne basculante, Camion benne 3,5 tonnes, Camion benne 19 tonnes, Camion porteur 26 tonnes, Camion ampliroll 26T, Camion grue, Camion grue<\/p>","protected":false},"excerpt":{"rendered":"<table class=\"table table-striped table-hover\">\n<tbody>\n<tr>\n<td>Type d&rsquo;annonce :<\/td>\n<td>Vente \/ Offre<\/td>\n<\/tr>\n<tr>\n<td>Marke :<\/td>\n<td>Liebherr<\/td>\n<\/tr>\n<tr>\n<td>Mod\u00e8le :<\/td>\n<td>LTM 1055-3.2<\/td>\n<\/tr>\n<tr>\n<td>Etat :<\/td>\n<td>Occasion &#8211; tr\u00e8s bon \u00e9tat<\/td>\n<\/tr>\n<tr>\n<td>Ann\u00e9e :<\/td>\n<td>2008<\/td>\n<\/tr>\n<tr>\n<td>Heures :<\/td>\n<td>11 000 h<\/td>\n<\/tr>\n<tr>\n<td>Capacit\u00e9 de levage :<\/td>\n<td>55,0 T<\/td>\n<\/tr>\n<tr>\n<td>Fl\u00e8che :<\/td>\n<td>40 m<\/td>\n<\/tr>\n<tr>\n<td>Disponibilit\u00e9 :<\/td>\n<td>Verf\u00fcgbar<\/td>\n<\/tr>\n<tr>\n<td>Dur\u00e9e de disponibilit\u00e9 des pi\u00e8ces d\u00e9tach\u00e9es :<\/td>\n<td>20 ans et plus<\/td>\n<\/tr>\n<\/tbody>\n<\/table>","protected":false},"featured_media":437,"template":"","meta":{"inline_featured_image":false,"site-sidebar-layout":"default","site-content-layout":"","ast-site-content-layout":"default","site-content-style":"default","site-sidebar-style":"default","ast-global-header-display":"","ast-banner-title-visibility":"","ast-main-header-display":"","ast-hfb-above-header-display":"","ast-hfb-below-header-display":"","ast-hfb-mobile-header-display":"","site-post-title":"","ast-breadcrumbs-content":"","ast-featured-img":"","footer-sml-layout":"","ast-disable-related-posts":"","theme-transparent-header-meta":"default","adv-header-id-meta":"","stick-header-meta":"","header-above-stick-meta":"","header-main-stick-meta":"","header-below-stick-meta":"","astra-migrate-meta-layouts":"set","ast-page-background-enabled":"default","ast-page-background-meta":{"desktop":{"background-color":"var(--ast-global-color-5)","background-image":"","background-repeat":"repeat","background-position":"center center","background-size":"auto","background-attachment":"scroll","background-type":"","background-media":"","overlay-type":"","overlay-color":"","overlay-opacity":"","overlay-gradient":""},"tablet":{"background-color":"","background-image":"","background-repeat":"repeat","background-position":"center center","background-size":"auto","background-attachment":"scroll","background-type":"","background-media":"","overlay-type":"","overlay-color":"","overlay-opacity":"","overlay-gradient":""},"mobile":{"background-color":"","background-image":"","background-repeat":"repeat","background-position":"center center","background-size":"auto","background-attachment":"scroll","background-type":"","background-media":"","overlay-type":"","overlay-color":"","overlay-opacity":"","overlay-gradient":""}},"ast-content-background-meta":{"desktop":{"background-color":"var(--ast-global-color-4)","background-image":"","background-repeat":"repeat","background-position":"center center","background-size":"auto","background-attachment":"scroll","background-type":"","background-media":"","overlay-type":"","overlay-color":"","overlay-opacity":"","overlay-gradient":""},"tablet":{"background-color":"var(--ast-global-color-4)","background-image":"","background-repeat":"repeat","background-position":"center center","background-size":"auto","background-attachment":"scroll","background-type":"","background-media":"","overlay-type":"","overlay-color":"","overlay-opacity":"","overlay-gradient":""},"mobile":{"background-color":"var(--ast-global-color-4)","background-image":"","background-repeat":"repeat","background-position":"center center","background-size":"auto","background-attachment":"scroll","background-type":"","background-media":"","overlay-type":"","overlay-color":"","overlay-opacity":"","overlay-gradient":""}}},"product_brand":[],"product_cat":[31],"product_tag":[],"class_list":{"0":"post-416","1":"product","2":"type-product","3":"status-publish","4":"has-post-thumbnail","6":"product_cat-camions-plateaux","7":"desktop-align-left","8":"tablet-align-left","9":"mobile-align-left","11":"first","12":"instock","13":"sale","14":"shipping-taxable","15":"purchasable","16":"product-type-simple"},"aioseo_notices":[],"_links":{"self":[{"href":"https:\/\/sc-materiels.com\/de\/wp-json\/wp\/v2\/product\/416","targetHints":{"allow":["GET"]}}],"collection":[{"href":"https:\/\/sc-materiels.com\/de\/wp-json\/wp\/v2\/product"}],"about":[{"href":"https:\/\/sc-materiels.com\/de\/wp-json\/wp\/v2\/types\/product"}],"wp:featuredmedia":[{"embeddable":true,"href":"https:\/\/sc-materiels.com\/de\/wp-json\/wp\/v2\/media\/437"}],"wp:attachment":[{"href":"https:\/\/sc-materiels.com\/de\/wp-json\/wp\/v2\/media?parent=416"}],"wp:term":[{"taxonomy":"product_brand","embeddable":true,"href":"https:\/\/sc-materiels.com\/de\/wp-json\/wp\/v2\/product_brand?post=416"},{"taxonomy":"product_cat","embeddable":true,"href":"https:\/\/sc-materiels.com\/de\/wp-json\/wp\/v2\/product_cat?post=416"},{"taxonomy":"product_tag","embeddable":true,"href":"https:\/\/sc-materiels.com\/de\/wp-json\/wp\/v2\/product_tag?post=416"}],"curies":[{"name":"wp","href":"https:\/\/api.w.org\/{rel}","templated":true}]}}