{"id":438,"date":"2025-05-23T08:45:46","date_gmt":"2025-05-23T08:45:46","guid":{"rendered":"https:\/\/olive-nightingale-776915.hostingersite.com\/?post_type=product&#038;p=438"},"modified":"2025-06-05T12:21:43","modified_gmt":"2025-06-05T12:21:43","slug":"renault-kerax","status":"publish","type":"product","link":"https:\/\/sc-materiels.com\/de\/produkt\/renault-kerax\/","title":{"rendered":"Renault KERAX"},"content":{"rendered":"<p><strong>Ensemble routier<\/strong><\/p>\n<p>Porteur<br \/>\nMarque : Renault<br \/>\nMod\u00e8le : Kerax<br \/>\nKilom\u00e9trage : 499.000Km<br \/>\nAnn\u00e9e : 2004<br \/>\nMines : OK<br \/>\n\u00c9quipements : Boite m\u00e9canique, suspension pneumatique, \u00e9quip\u00e9 hydraulique (benne et remorque) et pneus \u00e0 50%.<\/p>\n<p>Remorque :<br \/>\nMarque : ACTM<br \/>\nAnn\u00e9e : 1993<br \/>\nMines : OK<br \/>\n\u00c9quipements : 2 essieux, rampes arri\u00e8res doubles hydraulique et pneus 50%<\/p>\n<p>MOTS CL\u00c9S : Renault Master -Peugeot Boxer &#8211; Citro\u00ebn Jumper &#8211; Fiat Ducato &#8211; Mercedes Sprinter &#8211; Ford Transit- Volkswagen Crafter &#8211; Nissan NV400 &#8211; Iveco Daily &#8211; Opel Movano- Renault Trucks &#8211; Volvo &#8211; Scania &#8211; MAN &#8211; Actros &#8211; Iveco &#8211; DAF &#8211; Ford Trucks, Utilitaire pour artisans, Utilitaire pour plombiers, Utilitaire pour \u00e9lectriciens, Utilitaire pour livreurs, Utilitaire pour transport m\u00e9dical, Fourgon utilitaire, Fourgon frigorifique, Fourgon benne, Utilitaire 3 places, Utilitaire 6 places, Utilitaire avec hayon, Utilitaire isotherme, Fourgon compact, Petit utilitaire \u00e9lectrique, Fourgon sur\u00e9lev\u00e9, Camionnette diesel, Fourgon am\u00e9nag\u00e9, Camionnette 4x4Camion pour BTP, Camion pour transport de marchandises, Camion pour d\u00e9m\u00e9nagement, Camion pour transport de mat\u00e9riaux, Camion pour travaux publics, Camion agricole, Camion benne basculante, Camion benne 3,5 tonnes, Camion benne 19 tonnes, Camion porteur 26 tonnes, Camion ampliroll 26T, Camion grue, Camion grue auxiliaire, Camion polybenne, Camion plateau avec ridelles, Camion frigorifique isotherme, Camion citerne, hydrocarbure, Camion citerne \u00e0 lait, Camion porte-voitures, Camion transport de chevaux, Camion malaxeur b\u00e9ton, Camion toupie b\u00e9ton<\/p>","protected":false},"excerpt":{"rendered":"<table class=\"table table-striped table-hover\">\n<tbody>\n<tr>\n<td>Type d&rsquo;annonce :<\/td>\n<td>Vente \/ Offre<\/td>\n<\/tr>\n<tr>\n<td>Carrosserie :<\/td>\n<td>Porte-engins<\/td>\n<\/tr>\n<tr>\n<td>Marque du tracteur :<\/td>\n<td>Renault<\/td>\n<\/tr>\n<tr>\n<td>Mod\u00e8le :<\/td>\n<td>KERAX<\/td>\n<\/tr>\n<tr>\n<td>Etat :<\/td>\n<td>Occasion &#8211; bon \u00e9tat<\/td>\n<\/tr>\n<tr>\n<td>Ann\u00e9e :<\/td>\n<td>2004<\/td>\n<\/tr>\n<tr>\n<td>Marque de la remorque :<\/td>\n<td>ACTM<\/td>\n<\/tr>\n<tr>\n<td>Type :<\/td>\n<td>4&#215;2<\/td>\n<\/tr>\n<tr>\n<td>Bo\u00eete de vitesses :<\/td>\n<td>Bo\u00eete m\u00e9canique<\/td>\n<\/tr>\n<tr>\n<td>Usure pneus avant :<\/td>\n<td>50%<\/td>\n<\/tr>\n<tr>\n<td>Usure pneus arri\u00e8re :<\/td>\n<td>50%<\/td>\n<\/tr>\n<tr>\n<td>Kilometerstand:<\/td>\n<td>499 000 km<\/td>\n<\/tr>\n<tr>\n<td>Conduite :<\/td>\n<td>Gauche<\/td>\n<\/tr>\n<\/tbody>\n<\/table>","protected":false},"featured_media":448,"template":"","meta":{"inline_featured_image":false,"site-sidebar-layout":"default","site-content-layout":"","ast-site-content-layout":"default","site-content-style":"default","site-sidebar-style":"default","ast-global-header-display":"","ast-banner-title-visibility":"","ast-main-header-display":"","ast-hfb-above-header-display":"","ast-hfb-below-header-display":"","ast-hfb-mobile-header-display":"","site-post-title":"","ast-breadcrumbs-content":"","ast-featured-img":"","footer-sml-layout":"","ast-disable-related-posts":"","theme-transparent-header-meta":"default","adv-header-id-meta":"","stick-header-meta":"","header-above-stick-meta":"","header-main-stick-meta":"","header-below-stick-meta":"","astra-migrate-meta-layouts":"set","ast-page-background-enabled":"default","ast-page-background-meta":{"desktop":{"background-color":"var(--ast-global-color-5)","background-image":"","background-repeat":"repeat","background-position":"center center","background-size":"auto","background-attachment":"scroll","background-type":"","background-media":"","overlay-type":"","overlay-color":"","overlay-opacity":"","overlay-gradient":""},"tablet":{"background-color":"","background-image":"","background-repeat":"repeat","background-position":"center center","background-size":"auto","background-attachment":"scroll","background-type":"","background-media":"","overlay-type":"","overlay-color":"","overlay-opacity":"","overlay-gradient":""},"mobile":{"background-color":"","background-image":"","background-repeat":"repeat","background-position":"center center","background-size":"auto","background-attachment":"scroll","background-type":"","background-media":"","overlay-type":"","overlay-color":"","overlay-opacity":"","overlay-gradient":""}},"ast-content-background-meta":{"desktop":{"background-color":"var(--ast-global-color-4)","background-image":"","background-repeat":"repeat","background-position":"center center","background-size":"auto","background-attachment":"scroll","background-type":"","background-media":"","overlay-type":"","overlay-color":"","overlay-opacity":"","overlay-gradient":""},"tablet":{"background-color":"var(--ast-global-color-4)","background-image":"","background-repeat":"repeat","background-position":"center center","background-size":"auto","background-attachment":"scroll","background-type":"","background-media":"","overlay-type":"","overlay-color":"","overlay-opacity":"","overlay-gradient":""},"mobile":{"background-color":"var(--ast-global-color-4)","background-image":"","background-repeat":"repeat","background-position":"center center","background-size":"auto","background-attachment":"scroll","background-type":"","background-media":"","overlay-type":"","overlay-color":"","overlay-opacity":"","overlay-gradient":""}}},"product_brand":[],"product_cat":[31],"product_tag":[],"class_list":{"0":"post-438","1":"product","2":"type-product","3":"status-publish","4":"has-post-thumbnail","6":"product_cat-camions-plateaux","7":"desktop-align-left","8":"tablet-align-left","9":"mobile-align-left","11":"first","12":"instock","13":"sale","14":"shipping-taxable","15":"purchasable","16":"product-type-simple"},"aioseo_notices":[],"_links":{"self":[{"href":"https:\/\/sc-materiels.com\/de\/wp-json\/wp\/v2\/product\/438","targetHints":{"allow":["GET"]}}],"collection":[{"href":"https:\/\/sc-materiels.com\/de\/wp-json\/wp\/v2\/product"}],"about":[{"href":"https:\/\/sc-materiels.com\/de\/wp-json\/wp\/v2\/types\/product"}],"wp:featuredmedia":[{"embeddable":true,"href":"https:\/\/sc-materiels.com\/de\/wp-json\/wp\/v2\/media\/448"}],"wp:attachment":[{"href":"https:\/\/sc-materiels.com\/de\/wp-json\/wp\/v2\/media?parent=438"}],"wp:term":[{"taxonomy":"product_brand","embeddable":true,"href":"https:\/\/sc-materiels.com\/de\/wp-json\/wp\/v2\/product_brand?post=438"},{"taxonomy":"product_cat","embeddable":true,"href":"https:\/\/sc-materiels.com\/de\/wp-json\/wp\/v2\/product_cat?post=438"},{"taxonomy":"product_tag","embeddable":true,"href":"https:\/\/sc-materiels.com\/de\/wp-json\/wp\/v2\/product_tag?post=438"}],"curies":[{"name":"wp","href":"https:\/\/api.w.org\/{rel}","templated":true}]}}