{"id":449,"date":"2025-05-23T08:51:53","date_gmt":"2025-05-23T08:51:53","guid":{"rendered":"https:\/\/olive-nightingale-776915.hostingersite.com\/?post_type=product&#038;p=449"},"modified":"2025-06-05T12:21:07","modified_gmt":"2025-06-05T12:21:07","slug":"mini-pelle-bobcat-e26","status":"publish","type":"product","link":"https:\/\/sc-materiels.com\/de\/produkt\/mini-pelle-bobcat-e26\/","title":{"rendered":"Bobcat E26 Minibagger"},"content":{"rendered":"<p>Mini pelle sur chenilles BOBCAT<\/p>\n<p>Marque : Bobcat<br \/>\nMod\u00e8le : E26<br \/>\nHeures : 2031<br \/>\nAnn\u00e9e : 2019<\/p>\n<p>\u00c9QUIPEMENTS :<br \/>\n&#8211; 3 Godets<br \/>\n&#8211; Ligne BRH<br \/>\n&#8211; Attache rapide<br \/>\n&#8211; D\u00e9marrage \u00e0 code<\/p>\n<p>MOTS CL\u00c9S : Kubota &#8211; Yanmar &#8211; Takeuchi &#8211; Caterpillar &#8211; Bobcat &#8211; Volvo- Hitachi- JCB &#8211; Doosan- Hyundai &#8211; Liebherr &#8211; Komatsu<br \/>\nMini pelle pour terrassement, Pelle pour travaux publics, Mini pelle pour assainissement, Pelle pour d\u00e9molition, Pelle pour tranch\u00e9es, Pelle pour carri\u00e8re, Mini pelle pour am\u00e9nagement paysager, Engin pour voirie et r\u00e9seaux divers (VRD), Pelle pour canalisation, Godet r\u00e9tro, Godet trap\u00e8ze, Godet de curage, Attache rapide hydraulique, Marteau hydraulique, BRH mini pelle, Ripper mini pelle, Pince de tri, Lame de remblayage, Tourelle rotative, Mini pelle, Pelle hydraulique, Pelle m\u00e9canique, Pelle de chantier, Engin de chantier, Pelle de terrassement, Mat\u00e9riel de TP, Engin de BTP, Pelle excavatrice, Pelle hydraulique occasion, Pelle de d\u00e9molition, Pelle de manutention<\/p>","protected":false},"excerpt":{"rendered":"<table class=\"table table-striped table-hover\">\n<tbody>\n<tr>\n<td>Type d&rsquo;annonce :<\/td>\n<td>Vente \/ Offre<\/td>\n<\/tr>\n<tr>\n<td>Marke :<\/td>\n<td>Bobcat<\/td>\n<\/tr>\n<tr>\n<td>Mod\u00e8le :<\/td>\n<td>E26<\/td>\n<\/tr>\n<tr>\n<td>Etat :<\/td>\n<td>Occasion &#8211; tr\u00e8s bon \u00e9tat<\/td>\n<\/tr>\n<tr>\n<td>Ann\u00e9e :<\/td>\n<td>2019<\/td>\n<\/tr>\n<tr>\n<td>Heures :<\/td>\n<td>2 031 h<\/td>\n<\/tr>\n<tr>\n<td>Disponibilit\u00e9 :<\/td>\n<td>Verf\u00fcgbar<\/td>\n<\/tr>\n<tr>\n<td>Dur\u00e9e de disponibilit\u00e9 des pi\u00e8ces d\u00e9tach\u00e9es :<\/td>\n<td>20 ans et plus<\/td>\n<\/tr>\n<\/tbody>\n<\/table>","protected":false},"featured_media":465,"template":"","meta":{"inline_featured_image":false,"site-sidebar-layout":"default","site-content-layout":"","ast-site-content-layout":"default","site-content-style":"default","site-sidebar-style":"default","ast-global-header-display":"","ast-banner-title-visibility":"","ast-main-header-display":"","ast-hfb-above-header-display":"","ast-hfb-below-header-display":"","ast-hfb-mobile-header-display":"","site-post-title":"","ast-breadcrumbs-content":"","ast-featured-img":"","footer-sml-layout":"","ast-disable-related-posts":"","theme-transparent-header-meta":"default","adv-header-id-meta":"","stick-header-meta":"","header-above-stick-meta":"","header-main-stick-meta":"","header-below-stick-meta":"","astra-migrate-meta-layouts":"set","ast-page-background-enabled":"default","ast-page-background-meta":{"desktop":{"background-color":"var(--ast-global-color-5)","background-image":"","background-repeat":"repeat","background-position":"center center","background-size":"auto","background-attachment":"scroll","background-type":"","background-media":"","overlay-type":"","overlay-color":"","overlay-opacity":"","overlay-gradient":""},"tablet":{"background-color":"","background-image":"","background-repeat":"repeat","background-position":"center center","background-size":"auto","background-attachment":"scroll","background-type":"","background-media":"","overlay-type":"","overlay-color":"","overlay-opacity":"","overlay-gradient":""},"mobile":{"background-color":"","background-image":"","background-repeat":"repeat","background-position":"center center","background-size":"auto","background-attachment":"scroll","background-type":"","background-media":"","overlay-type":"","overlay-color":"","overlay-opacity":"","overlay-gradient":""}},"ast-content-background-meta":{"desktop":{"background-color":"var(--ast-global-color-4)","background-image":"","background-repeat":"repeat","background-position":"center center","background-size":"auto","background-attachment":"scroll","background-type":"","background-media":"","overlay-type":"","overlay-color":"","overlay-opacity":"","overlay-gradient":""},"tablet":{"background-color":"var(--ast-global-color-4)","background-image":"","background-repeat":"repeat","background-position":"center center","background-size":"auto","background-attachment":"scroll","background-type":"","background-media":"","overlay-type":"","overlay-color":"","overlay-opacity":"","overlay-gradient":""},"mobile":{"background-color":"var(--ast-global-color-4)","background-image":"","background-repeat":"repeat","background-position":"center center","background-size":"auto","background-attachment":"scroll","background-type":"","background-media":"","overlay-type":"","overlay-color":"","overlay-opacity":"","overlay-gradient":""}}},"product_brand":[],"product_cat":[28],"product_tag":[],"class_list":{"0":"post-449","1":"product","2":"type-product","3":"status-publish","4":"has-post-thumbnail","6":"product_cat-mini-pelles","7":"desktop-align-left","8":"tablet-align-left","9":"mobile-align-left","11":"first","12":"instock","13":"sale","14":"shipping-taxable","15":"purchasable","16":"product-type-simple"},"aioseo_notices":[],"_links":{"self":[{"href":"https:\/\/sc-materiels.com\/de\/wp-json\/wp\/v2\/product\/449","targetHints":{"allow":["GET"]}}],"collection":[{"href":"https:\/\/sc-materiels.com\/de\/wp-json\/wp\/v2\/product"}],"about":[{"href":"https:\/\/sc-materiels.com\/de\/wp-json\/wp\/v2\/types\/product"}],"wp:featuredmedia":[{"embeddable":true,"href":"https:\/\/sc-materiels.com\/de\/wp-json\/wp\/v2\/media\/465"}],"wp:attachment":[{"href":"https:\/\/sc-materiels.com\/de\/wp-json\/wp\/v2\/media?parent=449"}],"wp:term":[{"taxonomy":"product_brand","embeddable":true,"href":"https:\/\/sc-materiels.com\/de\/wp-json\/wp\/v2\/product_brand?post=449"},{"taxonomy":"product_cat","embeddable":true,"href":"https:\/\/sc-materiels.com\/de\/wp-json\/wp\/v2\/product_cat?post=449"},{"taxonomy":"product_tag","embeddable":true,"href":"https:\/\/sc-materiels.com\/de\/wp-json\/wp\/v2\/product_tag?post=449"}],"curies":[{"name":"wp","href":"https:\/\/api.w.org\/{rel}","templated":true}]}}