{"id":627,"date":"2025-05-24T09:02:45","date_gmt":"2025-05-24T09:02:45","guid":{"rendered":"https:\/\/sc-materiels.com\/?post_type=product&#038;p=627"},"modified":"2025-06-05T12:16:14","modified_gmt":"2025-06-05T12:16:14","slug":"manitou-mt-1440h","status":"publish","type":"product","link":"https:\/\/sc-materiels.com\/de\/produkt\/manitou-mt-1440h\/","title":{"rendered":"Manitou MT 1440H"},"content":{"rendered":"<p>Machine d&rsquo;occasion CV (kW) 100 CV (74 kW)<\/p>\n<p>Heures d&rsquo;ouverture \/ hectare 850<\/p>\n<p>Ann\u00e9e de construction 2016<\/p>\n<p><span class=\"il\">Manitou<\/span> Mod\u00e8le MT 1440H<\/p>\n<p>Type d&rsquo;entra\u00eenement diesel Feux de travail arri\u00e8re Phares de travail \u00e0 l&rsquo;avant Construction d&rsquo;une cabine compl\u00e8te<\/p>\n<p>Hauteur 2450 mm<\/p>\n<p>Pneus arri\u00e8re 40070&#215;24<\/p>\n<p>Pneus avant 400 \/ 70&#215;24<\/p>\n<p>Longueur de fourche 1200 mm<\/p>\n<p>Largeur du tablier porte-fourches 1670 mm<\/p>\n<p>Hauteur de levage 13530 mm<\/p>\n<p>T\u00e9lescope \u00e0 m\u00e2t STVZO<\/p>\n<p>Capacit\u00e9 de charge 4000 kg<\/p>\n<p>Largeur de fourche 125 mm<\/p>\n<p>\u00c9paisseur de fourche 50 mm<\/p>\n<p>Entra\u00eenement hydrostatique Cabine<\/p>","protected":false},"excerpt":{"rendered":"<p>Verf\u00fcgbar<\/p>\n<p>Nichts vorherzusagen<\/p>\n<p>Maschine betriebsbereit<\/p>\n<p>R\u00e9f\u00e9rence SC Mat\u00e9riels : MMT1440H<\/p>","protected":false},"featured_media":628,"template":"","meta":{"inline_featured_image":false,"site-sidebar-layout":"default","site-content-layout":"","ast-site-content-layout":"default","site-content-style":"default","site-sidebar-style":"default","ast-global-header-display":"","ast-banner-title-visibility":"","ast-main-header-display":"","ast-hfb-above-header-display":"","ast-hfb-below-header-display":"","ast-hfb-mobile-header-display":"","site-post-title":"","ast-breadcrumbs-content":"","ast-featured-img":"","footer-sml-layout":"","ast-disable-related-posts":"","theme-transparent-header-meta":"default","adv-header-id-meta":"","stick-header-meta":"","header-above-stick-meta":"","header-main-stick-meta":"","header-below-stick-meta":"","astra-migrate-meta-layouts":"set","ast-page-background-enabled":"default","ast-page-background-meta":{"desktop":{"background-color":"var(--ast-global-color-5)","background-image":"","background-repeat":"repeat","background-position":"center center","background-size":"auto","background-attachment":"scroll","background-type":"","background-media":"","overlay-type":"","overlay-color":"","overlay-opacity":"","overlay-gradient":""},"tablet":{"background-color":"","background-image":"","background-repeat":"repeat","background-position":"center center","background-size":"auto","background-attachment":"scroll","background-type":"","background-media":"","overlay-type":"","overlay-color":"","overlay-opacity":"","overlay-gradient":""},"mobile":{"background-color":"","background-image":"","background-repeat":"repeat","background-position":"center center","background-size":"auto","background-attachment":"scroll","background-type":"","background-media":"","overlay-type":"","overlay-color":"","overlay-opacity":"","overlay-gradient":""}},"ast-content-background-meta":{"desktop":{"background-color":"var(--ast-global-color-4)","background-image":"","background-repeat":"repeat","background-position":"center center","background-size":"auto","background-attachment":"scroll","background-type":"","background-media":"","overlay-type":"","overlay-color":"","overlay-opacity":"","overlay-gradient":""},"tablet":{"background-color":"var(--ast-global-color-4)","background-image":"","background-repeat":"repeat","background-position":"center center","background-size":"auto","background-attachment":"scroll","background-type":"","background-media":"","overlay-type":"","overlay-color":"","overlay-opacity":"","overlay-gradient":""},"mobile":{"background-color":"var(--ast-global-color-4)","background-image":"","background-repeat":"repeat","background-position":"center center","background-size":"auto","background-attachment":"scroll","background-type":"","background-media":"","overlay-type":"","overlay-color":"","overlay-opacity":"","overlay-gradient":""}}},"product_brand":[],"product_cat":[32],"product_tag":[],"class_list":{"0":"post-627","1":"product","2":"type-product","3":"status-publish","4":"has-post-thumbnail","6":"product_cat-chariots-elevateurs-telescopiques","7":"desktop-align-left","8":"tablet-align-left","9":"mobile-align-left","11":"first","12":"instock","13":"sale","14":"shipping-taxable","15":"purchasable","16":"product-type-simple"},"aioseo_notices":[],"_links":{"self":[{"href":"https:\/\/sc-materiels.com\/de\/wp-json\/wp\/v2\/product\/627","targetHints":{"allow":["GET"]}}],"collection":[{"href":"https:\/\/sc-materiels.com\/de\/wp-json\/wp\/v2\/product"}],"about":[{"href":"https:\/\/sc-materiels.com\/de\/wp-json\/wp\/v2\/types\/product"}],"wp:featuredmedia":[{"embeddable":true,"href":"https:\/\/sc-materiels.com\/de\/wp-json\/wp\/v2\/media\/628"}],"wp:attachment":[{"href":"https:\/\/sc-materiels.com\/de\/wp-json\/wp\/v2\/media?parent=627"}],"wp:term":[{"taxonomy":"product_brand","embeddable":true,"href":"https:\/\/sc-materiels.com\/de\/wp-json\/wp\/v2\/product_brand?post=627"},{"taxonomy":"product_cat","embeddable":true,"href":"https:\/\/sc-materiels.com\/de\/wp-json\/wp\/v2\/product_cat?post=627"},{"taxonomy":"product_tag","embeddable":true,"href":"https:\/\/sc-materiels.com\/de\/wp-json\/wp\/v2\/product_tag?post=627"}],"curies":[{"name":"wp","href":"https:\/\/api.w.org\/{rel}","templated":true}]}}