{"id":634,"date":"2025-05-24T09:12:14","date_gmt":"2025-05-24T09:12:14","guid":{"rendered":"https:\/\/sc-materiels.com\/?post_type=product&#038;p=634"},"modified":"2025-06-05T12:16:00","modified_gmt":"2025-06-05T12:16:00","slug":"manitou-mt625h-confort","status":"publish","type":"product","link":"https:\/\/sc-materiels.com\/de\/produkt\/manitou-mt625h-confort\/","title":{"rendered":"Manitou Mt625H Confort"},"content":{"rendered":"<h6>Chariot T\u00e9lescopique\u00a0<span class=\"il\">Manitou<\/span> MT625H d&rsquo;occasion de 2018. La machine est en tr\u00e8s bon \u00e9tat et dispose de quelques heures. La machine est fournie avec; 25 km \/ h Changement rapide hydraulique Transmission hydrostatique Planche \u00e0 palettes Radio \u00c9clairage de circulation Lampes de travail Balise tournante<\/h6>\n<h6>Ann\u00e9e de fabrication: Jan 2018<\/h6>\n<h6>Poids \u00e0 vide: 4.800 kg<\/h6>\n<h6>Capacit\u00e9 de charge: 2.500 kg<\/h6>\n<h6>Dimensions (LxBxH): 390 x 181 x 192 cm<\/h6>\n<h6>M\u00e2t: t\u00e9lescopique<\/h6>\n<h6>Etat technique: tr\u00e8s bon<\/h6>\n<h6>Aspect visuel: tr\u00e8s bon<\/h6>","protected":false},"excerpt":{"rendered":"<h6 dir=\"auto\"><span style=\"color: #3c4043; font-family: roboto, helveticaneue, arial, sans-serif; font-size: small;\">Type Diesel, Poids brut7 300 kg Max.<\/span><\/h6>\n<h6 dir=\"auto\"><span style=\"color: #3c4043; font-family: roboto, helveticaneue, arial, sans-serif; font-size: small;\">Capacit\u00e9 de levage 2 500 kg<\/span><\/h6>\n<h6 dir=\"auto\"><span style=\"color: #3c4043; font-family: roboto, helveticaneue, arial, sans-serif; font-size: small;\">Type de carrosserie Ch\u00e2ssis fixe <\/span><\/h6>\n<h6 dir=\"auto\"><span style=\"color: #3c4043; font-family: roboto, helveticaneue, arial, sans-serif; font-size: small;\">Certificats CE.<\/span><\/h6>\n<h6 dir=\"auto\"><span style=\"color: #3c4043; font-family: roboto, helveticaneue, arial, sans-serif; font-size: small;\">ST3B Turbo<\/span><\/h6>\n<h6 dir=\"auto\"><span style=\"color: #3c4043; font-family: roboto, helveticaneue, arial, sans-serif; font-size: small;\">Heures d&rsquo;utilisation 410 h.<\/span><\/h6>\n<p>&nbsp;<\/p>\n<p>Verf\u00fcgbar<\/p>\n<p>Nichts vorherzusagen<\/p>\n<p>Maschine betriebsbereit<\/p>\n<p>R\u00e9f\u00e9rence SC Mat\u00e9riels : MMLT625H-72525232<\/p>","protected":false},"featured_media":647,"template":"","meta":{"inline_featured_image":false,"site-sidebar-layout":"default","site-content-layout":"","ast-site-content-layout":"default","site-content-style":"default","site-sidebar-style":"default","ast-global-header-display":"","ast-banner-title-visibility":"","ast-main-header-display":"","ast-hfb-above-header-display":"","ast-hfb-below-header-display":"","ast-hfb-mobile-header-display":"","site-post-title":"","ast-breadcrumbs-content":"","ast-featured-img":"","footer-sml-layout":"","ast-disable-related-posts":"","theme-transparent-header-meta":"default","adv-header-id-meta":"","stick-header-meta":"","header-above-stick-meta":"","header-main-stick-meta":"","header-below-stick-meta":"","astra-migrate-meta-layouts":"set","ast-page-background-enabled":"default","ast-page-background-meta":{"desktop":{"background-color":"var(--ast-global-color-5)","background-image":"","background-repeat":"repeat","background-position":"center center","background-size":"auto","background-attachment":"scroll","background-type":"","background-media":"","overlay-type":"","overlay-color":"","overlay-opacity":"","overlay-gradient":""},"tablet":{"background-color":"","background-image":"","background-repeat":"repeat","background-position":"center center","background-size":"auto","background-attachment":"scroll","background-type":"","background-media":"","overlay-type":"","overlay-color":"","overlay-opacity":"","overlay-gradient":""},"mobile":{"background-color":"","background-image":"","background-repeat":"repeat","background-position":"center center","background-size":"auto","background-attachment":"scroll","background-type":"","background-media":"","overlay-type":"","overlay-color":"","overlay-opacity":"","overlay-gradient":""}},"ast-content-background-meta":{"desktop":{"background-color":"var(--ast-global-color-4)","background-image":"","background-repeat":"repeat","background-position":"center center","background-size":"auto","background-attachment":"scroll","background-type":"","background-media":"","overlay-type":"","overlay-color":"","overlay-opacity":"","overlay-gradient":""},"tablet":{"background-color":"var(--ast-global-color-4)","background-image":"","background-repeat":"repeat","background-position":"center center","background-size":"auto","background-attachment":"scroll","background-type":"","background-media":"","overlay-type":"","overlay-color":"","overlay-opacity":"","overlay-gradient":""},"mobile":{"background-color":"var(--ast-global-color-4)","background-image":"","background-repeat":"repeat","background-position":"center center","background-size":"auto","background-attachment":"scroll","background-type":"","background-media":"","overlay-type":"","overlay-color":"","overlay-opacity":"","overlay-gradient":""}}},"product_brand":[],"product_cat":[32],"product_tag":[],"class_list":{"0":"post-634","1":"product","2":"type-product","3":"status-publish","4":"has-post-thumbnail","6":"product_cat-chariots-elevateurs-telescopiques","7":"desktop-align-left","8":"tablet-align-left","9":"mobile-align-left","11":"first","12":"instock","13":"sale","14":"shipping-taxable","15":"purchasable","16":"product-type-simple"},"aioseo_notices":[],"_links":{"self":[{"href":"https:\/\/sc-materiels.com\/de\/wp-json\/wp\/v2\/product\/634","targetHints":{"allow":["GET"]}}],"collection":[{"href":"https:\/\/sc-materiels.com\/de\/wp-json\/wp\/v2\/product"}],"about":[{"href":"https:\/\/sc-materiels.com\/de\/wp-json\/wp\/v2\/types\/product"}],"wp:featuredmedia":[{"embeddable":true,"href":"https:\/\/sc-materiels.com\/de\/wp-json\/wp\/v2\/media\/647"}],"wp:attachment":[{"href":"https:\/\/sc-materiels.com\/de\/wp-json\/wp\/v2\/media?parent=634"}],"wp:term":[{"taxonomy":"product_brand","embeddable":true,"href":"https:\/\/sc-materiels.com\/de\/wp-json\/wp\/v2\/product_brand?post=634"},{"taxonomy":"product_cat","embeddable":true,"href":"https:\/\/sc-materiels.com\/de\/wp-json\/wp\/v2\/product_cat?post=634"},{"taxonomy":"product_tag","embeddable":true,"href":"https:\/\/sc-materiels.com\/de\/wp-json\/wp\/v2\/product_tag?post=634"}],"curies":[{"name":"wp","href":"https:\/\/api.w.org\/{rel}","templated":true}]}}