{"id":664,"date":"2025-05-24T09:31:06","date_gmt":"2025-05-24T09:31:06","guid":{"rendered":"https:\/\/sc-materiels.com\/?post_type=product&#038;p=664"},"modified":"2025-06-05T12:13:36","modified_gmt":"2025-06-05T12:13:36","slug":"manitou-mt-523-serie-be2-2006","status":"publish","type":"product","link":"https:\/\/sc-materiels.com\/de\/produkt\/manitou-mt-523-serie-be2-2006\/","title":{"rendered":"Manitou MT 523 Serie BE2 2006"},"content":{"rendered":"<p><strong><span class=\"il\">Manitou<\/span>\u00a0MT 523 Serie BE2 Ann\u00e9e d&rsquo;immatriculation 2006<\/strong><\/p>\n<div>Heures d&rsquo;utilisation : 3 284 h<\/div>\n<div>Capacit\u00e9 de levage : 2 300 kg<\/div>\n<div>Hauteur de levage : 4 980 mm<\/div>\n<div>Cabine ferm\u00e9e<\/div>\n<div>Rendement moteur : 43 kW (58 CV)<\/div>\n<div>Poids du volume de transport : 5 090 kg<\/div>\n<div>Dimensions du volume de transport : (L x l x H)4200x1500x1980 millim\u00e8tre mm<\/div>\n<div>Accessoires du chargeur frontal L\u00e8ve-palettes<\/div>\n<div><\/div>\n<div><strong>Autres informations <\/strong><\/div>\n<div>Chariots t\u00e9lescopiques tout-terrain\u00a0<span class=\"il\">MANITOU<\/span>,<\/div>\n<div>Type : MT 523 s\u00e9rie BE2 &#8211; 4x4x4<\/div>\n<div>Les chariots t\u00e9lescopiques MT 523 ont \u00e9t\u00e9 sp\u00e9cialement con\u00e7us pour r\u00e9pondre aux exigences du secteur agricole, permettant le transport de charges de 2,3 t avec hauteurs de levage jusqu&rsquo;\u00e0 5 m. Avec la gamme de machines la plus large du march\u00e9, <span class=\"il\">MANITOU<\/span>\u00a0vous garantit une efficacit\u00e9 maximale pour toutes les op\u00e9rations de levage et de manutention agricole.<\/div>\n<div>De m\u00eame, ce mod\u00e8le de chariot \u00e9l\u00e9vateur t\u00e9lescopique r\u00e9pond aux exigences de nombreux chantiers de construction, de ma\u00e7onnerie et d&rsquo;am\u00e9nagement paysager.<\/div>\n<div>Premi\u00e8re utilisation : 2007<\/div>\n<div>Heures de fonctionnement : 3.284<\/div>\n<div>MAX. CAPACIT\u00c9 DE CHARGEMENT &#8211; 2 300 kg<\/div>\n<div>MAX. HAUTEUR DE LEVAGE &#8211; 4 970 mm<\/div>\n<div>LARGEUR &#8211; env. 1 500 mm<\/div>\n<div>HAUTEUR DE CONSTRUCTION &#8211; 1 980 mm<\/div>\n<div>LONGUEUR (avec tablier porte-fourche) &#8211; 4 200 mm<\/div>\n<div>Rayon de braquage (avec fourches) &#8211; 4 130 mm<\/div>\n<div>Rayon de braquage (sans fourches) &#8211; 2 870 mm<\/div>\n<div>Force de traction &#8211; 3 400 daN<\/div>\n<div>Temps plein tout<\/div>\n<div>Roues motrices et quatre roues directrices avec engrenages plan\u00e9taires<\/div>\n<div>UNIT\u00c9 &#8211; syst\u00e8me de changement rapide m\u00e9canique<\/div>\n<div>DIRECTION &#8211; direction hydraulique ; 3 modes de direction : toutes roues motrices, roue avant, marche en crabe Hydraulique auxiliaire, feux de circulation, attelage de remorque, signal audiovisuel et coupure de surcharge<\/div>\n<div><\/div>\n<div>DIMENSIONS DE TRANSPORT : longueur : env. 4.200 mm (env. 2.900 mm sans fourche), largeur : env. 1.500 mm<\/div>","protected":false},"excerpt":{"rendered":"<p>Verf\u00fcgbar<\/p>\n<p>Nichts vorherzusagen<\/p>\n<p>Maschine betriebsbereit<\/p>\n<p>R\u00e9f\u00e9rence SC Mat\u00e9riels : MMT523S-BE2006<\/p>","protected":false},"featured_media":673,"template":"","meta":{"inline_featured_image":false,"site-sidebar-layout":"default","site-content-layout":"","ast-site-content-layout":"default","site-content-style":"default","site-sidebar-style":"default","ast-global-header-display":"","ast-banner-title-visibility":"","ast-main-header-display":"","ast-hfb-above-header-display":"","ast-hfb-below-header-display":"","ast-hfb-mobile-header-display":"","site-post-title":"","ast-breadcrumbs-content":"","ast-featured-img":"","footer-sml-layout":"","ast-disable-related-posts":"","theme-transparent-header-meta":"default","adv-header-id-meta":"","stick-header-meta":"","header-above-stick-meta":"","header-main-stick-meta":"","header-below-stick-meta":"","astra-migrate-meta-layouts":"set","ast-page-background-enabled":"default","ast-page-background-meta":{"desktop":{"background-color":"var(--ast-global-color-5)","background-image":"","background-repeat":"repeat","background-position":"center center","background-size":"auto","background-attachment":"scroll","background-type":"","background-media":"","overlay-type":"","overlay-color":"","overlay-opacity":"","overlay-gradient":""},"tablet":{"background-color":"","background-image":"","background-repeat":"repeat","background-position":"center center","background-size":"auto","background-attachment":"scroll","background-type":"","background-media":"","overlay-type":"","overlay-color":"","overlay-opacity":"","overlay-gradient":""},"mobile":{"background-color":"","background-image":"","background-repeat":"repeat","background-position":"center center","background-size":"auto","background-attachment":"scroll","background-type":"","background-media":"","overlay-type":"","overlay-color":"","overlay-opacity":"","overlay-gradient":""}},"ast-content-background-meta":{"desktop":{"background-color":"var(--ast-global-color-4)","background-image":"","background-repeat":"repeat","background-position":"center center","background-size":"auto","background-attachment":"scroll","background-type":"","background-media":"","overlay-type":"","overlay-color":"","overlay-opacity":"","overlay-gradient":""},"tablet":{"background-color":"var(--ast-global-color-4)","background-image":"","background-repeat":"repeat","background-position":"center center","background-size":"auto","background-attachment":"scroll","background-type":"","background-media":"","overlay-type":"","overlay-color":"","overlay-opacity":"","overlay-gradient":""},"mobile":{"background-color":"var(--ast-global-color-4)","background-image":"","background-repeat":"repeat","background-position":"center center","background-size":"auto","background-attachment":"scroll","background-type":"","background-media":"","overlay-type":"","overlay-color":"","overlay-opacity":"","overlay-gradient":""}}},"product_brand":[],"product_cat":[32],"product_tag":[],"class_list":{"0":"post-664","1":"product","2":"type-product","3":"status-publish","4":"has-post-thumbnail","6":"product_cat-chariots-elevateurs-telescopiques","7":"desktop-align-left","8":"tablet-align-left","9":"mobile-align-left","11":"first","12":"instock","13":"sale","14":"shipping-taxable","15":"purchasable","16":"product-type-simple"},"aioseo_notices":[],"_links":{"self":[{"href":"https:\/\/sc-materiels.com\/de\/wp-json\/wp\/v2\/product\/664","targetHints":{"allow":["GET"]}}],"collection":[{"href":"https:\/\/sc-materiels.com\/de\/wp-json\/wp\/v2\/product"}],"about":[{"href":"https:\/\/sc-materiels.com\/de\/wp-json\/wp\/v2\/types\/product"}],"wp:featuredmedia":[{"embeddable":true,"href":"https:\/\/sc-materiels.com\/de\/wp-json\/wp\/v2\/media\/673"}],"wp:attachment":[{"href":"https:\/\/sc-materiels.com\/de\/wp-json\/wp\/v2\/media?parent=664"}],"wp:term":[{"taxonomy":"product_brand","embeddable":true,"href":"https:\/\/sc-materiels.com\/de\/wp-json\/wp\/v2\/product_brand?post=664"},{"taxonomy":"product_cat","embeddable":true,"href":"https:\/\/sc-materiels.com\/de\/wp-json\/wp\/v2\/product_cat?post=664"},{"taxonomy":"product_tag","embeddable":true,"href":"https:\/\/sc-materiels.com\/de\/wp-json\/wp\/v2\/product_tag?post=664"}],"curies":[{"name":"wp","href":"https:\/\/api.w.org\/{rel}","templated":true}]}}