{"id":691,"date":"2025-05-24T09:49:14","date_gmt":"2025-05-24T09:49:14","guid":{"rendered":"https:\/\/sc-materiels.com\/?post_type=product&#038;p=691"},"modified":"2025-06-05T12:12:44","modified_gmt":"2025-06-05T12:12:44","slug":"manitou-mt625h-comfort-75k","status":"publish","type":"product","link":"https:\/\/sc-materiels.com\/de\/produkt\/manitou-mt625h-comfort-75k\/","title":{"rendered":"Manitou MT625H Comfort 75K"},"content":{"rendered":"<p><strong><span class=\"il\">Manitou<\/span> MT625H Comfort 75K ST5 S1 <\/strong><\/p>\n<p>Chariot t\u00e9lescopique destin\u00e9 \u00e0 une utilisation sur les chantiers. Un produit polyvalent pour les nouvelles constructions et les r\u00e9novations, indispensable pour les b\u00e2timents bas. Maniabilit\u00e9 gr\u00e2ce \u00e0 un petit rayon de braquage de 3,30 m et 3 types de direction. Facile \u00e0 utiliser, plein de confort et une vue d\u00e9gag\u00e9e caract\u00e9risent ce chariot t\u00e9lescopique de chantier. Empattement 2,30 m Garde au sol de la machine 0,33 m Largeur totale de la cabine 0,79 m Angle d&rsquo;inclinaison 12\u00b0 Angle d&rsquo;inclinaison 117\u00b0 Rayon de braquage (sur roues) 3,31 m Capacit\u00e9 de charge max 2500 kg Hauteur de levage max 5,85 m Port\u00e9e lat\u00e9rale max 34 m. 3427 daN Force de traction 3550 da N Type de transmission Hydrostatique Nombre de vitesses (avant\/arri\u00e8re) 2 \/ 2 Vitesse de conduite max 24,90 km\/h Frein de stationnement Frein de stationnement automatique n\u00e9gatif Frein de stationnement Bain d&rsquo;huile Freins \u00e0 disque sur les essieux avant (avant) \/ arri\u00e8re) 2 \/ 2 Roues motrices (avant\/arri\u00e8re) 2 \/ 2 S\u00e9curit\u00e9 \/ S\u00e9curit\u00e9 Homologation norme cabine EN 15000 \/ Cabine ROPS &#8211; FOPS (niveau 1) commande JSM<\/p>\n<div><strong>Chariot t\u00e9lescopique<\/strong><br \/>\nMarque \/ Mod\u00e8le<br \/>\n<span class=\"il\">Manitou<\/span>\u00a0MT 625 H<br \/>\nAnn\u00e9e d&rsquo;immatriculation<br \/>\n2023<br \/>\nHeures d&rsquo;utilisation<br \/>\n20 h<br \/>\nCARACT\u00c9RISTIQUES<br \/>\nType<br \/>\nDiesel<br \/>\nType<br \/>\nRigide<br \/>\nType de traction<br \/>\n4&#215;4<br \/>\nPoids brut<br \/>\n4\u202f800 kg<br \/>\nMax. capacit\u00e9 de levage<br \/>\n2\u202f500 kg<br \/>\nHauteur de levage<br \/>\n600 cm<br \/>\nCat\u00e9gorie d&rsquo;\u00e9mission<br \/>\nStage IV<br \/>\nType de cabine<br \/>\nCabine ferm\u00e9e<br \/>\nType de carrosserie<br \/>\nCh\u00e2ssis fixe<br \/>\nRendement moteur<br \/>\n57 kW (77,5 CV)<br \/>\nFabricant Moteur<br \/>\nkubota<br \/>\nTransmission<br \/>\nHydrostat<br \/>\nVitesse maximale<br \/>\n25 km\/h<br \/>\n\u00c9tat neuf pneus avant<br \/>\n100<br \/>\n\u00c9tat neuf pneus arri\u00e8re<br \/>\n100<br \/>\nConditions de livraison<br \/>\nEXW<br \/>\nCertificats<br \/>\nCE<br \/>\nAccessoires<br \/>\nfourches<br \/>\nAutres appareils hydrauliques<br \/>\nADBLUE<\/div>","protected":false},"excerpt":{"rendered":"<p>Verf\u00fcgbar<\/p>\n<p>Nichts vorherzusagen<\/p>\n<p>Maschine betriebsbereit<\/p>\n<p>R\u00e9f\u00e9rence SC Mat\u00e9riels : MLT625HC<\/p>","protected":false},"featured_media":700,"template":"","meta":{"inline_featured_image":false,"site-sidebar-layout":"default","site-content-layout":"","ast-site-content-layout":"default","site-content-style":"default","site-sidebar-style":"default","ast-global-header-display":"","ast-banner-title-visibility":"","ast-main-header-display":"","ast-hfb-above-header-display":"","ast-hfb-below-header-display":"","ast-hfb-mobile-header-display":"","site-post-title":"","ast-breadcrumbs-content":"","ast-featured-img":"","footer-sml-layout":"","ast-disable-related-posts":"","theme-transparent-header-meta":"default","adv-header-id-meta":"","stick-header-meta":"","header-above-stick-meta":"","header-main-stick-meta":"","header-below-stick-meta":"","astra-migrate-meta-layouts":"set","ast-page-background-enabled":"default","ast-page-background-meta":{"desktop":{"background-color":"var(--ast-global-color-5)","background-image":"","background-repeat":"repeat","background-position":"center center","background-size":"auto","background-attachment":"scroll","background-type":"","background-media":"","overlay-type":"","overlay-color":"","overlay-opacity":"","overlay-gradient":""},"tablet":{"background-color":"","background-image":"","background-repeat":"repeat","background-position":"center center","background-size":"auto","background-attachment":"scroll","background-type":"","background-media":"","overlay-type":"","overlay-color":"","overlay-opacity":"","overlay-gradient":""},"mobile":{"background-color":"","background-image":"","background-repeat":"repeat","background-position":"center center","background-size":"auto","background-attachment":"scroll","background-type":"","background-media":"","overlay-type":"","overlay-color":"","overlay-opacity":"","overlay-gradient":""}},"ast-content-background-meta":{"desktop":{"background-color":"var(--ast-global-color-4)","background-image":"","background-repeat":"repeat","background-position":"center center","background-size":"auto","background-attachment":"scroll","background-type":"","background-media":"","overlay-type":"","overlay-color":"","overlay-opacity":"","overlay-gradient":""},"tablet":{"background-color":"var(--ast-global-color-4)","background-image":"","background-repeat":"repeat","background-position":"center center","background-size":"auto","background-attachment":"scroll","background-type":"","background-media":"","overlay-type":"","overlay-color":"","overlay-opacity":"","overlay-gradient":""},"mobile":{"background-color":"var(--ast-global-color-4)","background-image":"","background-repeat":"repeat","background-position":"center center","background-size":"auto","background-attachment":"scroll","background-type":"","background-media":"","overlay-type":"","overlay-color":"","overlay-opacity":"","overlay-gradient":""}}},"product_brand":[],"product_cat":[32],"product_tag":[],"class_list":{"0":"post-691","1":"product","2":"type-product","3":"status-publish","4":"has-post-thumbnail","6":"product_cat-chariots-elevateurs-telescopiques","7":"desktop-align-left","8":"tablet-align-left","9":"mobile-align-left","11":"first","12":"instock","13":"sale","14":"shipping-taxable","15":"purchasable","16":"product-type-simple"},"aioseo_notices":[],"_links":{"self":[{"href":"https:\/\/sc-materiels.com\/de\/wp-json\/wp\/v2\/product\/691","targetHints":{"allow":["GET"]}}],"collection":[{"href":"https:\/\/sc-materiels.com\/de\/wp-json\/wp\/v2\/product"}],"about":[{"href":"https:\/\/sc-materiels.com\/de\/wp-json\/wp\/v2\/types\/product"}],"wp:featuredmedia":[{"embeddable":true,"href":"https:\/\/sc-materiels.com\/de\/wp-json\/wp\/v2\/media\/700"}],"wp:attachment":[{"href":"https:\/\/sc-materiels.com\/de\/wp-json\/wp\/v2\/media?parent=691"}],"wp:term":[{"taxonomy":"product_brand","embeddable":true,"href":"https:\/\/sc-materiels.com\/de\/wp-json\/wp\/v2\/product_brand?post=691"},{"taxonomy":"product_cat","embeddable":true,"href":"https:\/\/sc-materiels.com\/de\/wp-json\/wp\/v2\/product_cat?post=691"},{"taxonomy":"product_tag","embeddable":true,"href":"https:\/\/sc-materiels.com\/de\/wp-json\/wp\/v2\/product_tag?post=691"}],"curies":[{"name":"wp","href":"https:\/\/api.w.org\/{rel}","templated":true}]}}