{"id":835,"date":"2025-05-25T11:11:41","date_gmt":"2025-05-25T11:11:41","guid":{"rendered":"https:\/\/sc-materiels.com\/?post_type=product&#038;p=835"},"modified":"2025-06-05T12:06:21","modified_gmt":"2025-06-05T12:06:21","slug":"camion-man-tgs-32-430","status":"publish","type":"product","link":"https:\/\/sc-materiels.com\/de\/produkt\/camion-man-tgs-32-430\/","title":{"rendered":"MAN TGS 32.430 LKW"},"content":{"rendered":"<div class=\"undefined key-value-wrapper\">\n<div class=\"key-value-label\">Type : Mixer<\/div>\n<\/div>\n<div class=\"undefined key-value-wrapper\">\n<div class=\"key-value-label\">Type Diesel<\/div>\n<\/div>\n<div class=\"undefined key-value-wrapper\">\n<div class=\"key-value-label\">Ann\u00e9e d&rsquo;immatriculation : 2021<\/div>\n<\/div>\n<div class=\"undefined key-value-wrapper\">\n<div class=\"key-value-label\">Fabricant Moteur : MAN<\/div>\n<div><\/div>\n<\/div>\n<div class=\"fullWidth key-value-wrapper\">\n<div class=\"key-value-label\"><strong>Autres informations<\/strong><\/div>\n<div class=\"key-value-value\">Toupie \u00e0 b\u00e9ton TGS32.430 8X4 Aout 2021 Toupie Hardox SCHWING STETTER 9\/8 Sauf vente entre temps<\/div>\n<\/div>","protected":false},"excerpt":{"rendered":"<div class=\"undefined key-value-wrapper\">\n<div class=\"key-value-label\">Cat\u00e9gorie : Camion malaxeur<\/div>\n<\/div>\n<div class=\"undefined key-value-wrapper\">\n<div class=\"key-value-label\">Marque \/ Mod\u00e8le : MAN TGS 32.430<\/div>\n<\/div>\n<div class=\"undefined key-value-wrapper\">\n<div class=\"key-value-label\">Ann\u00e9e d&rsquo;immatriculation : 2021<\/div>\n<\/div>\n<div class=\"undefined key-value-wrapper\">\n<div class=\"key-value-label\">Relev\u00e9 Km \/ heures : 112\u202f500 km<\/div>\n<\/div>\n<div><\/div>\n<p>Verf\u00fcgbar<br \/>\nNichts vorherzusagen<br \/>\nMaschine betriebsbereit<br \/>\n<strong>R\u00e9f\u00e9rence SC Mat\u00e9riels : CMTGS32430<\/strong><\/p>","protected":false},"featured_media":836,"template":"","meta":{"inline_featured_image":false,"site-sidebar-layout":"default","site-content-layout":"","ast-site-content-layout":"default","site-content-style":"default","site-sidebar-style":"default","ast-global-header-display":"","ast-banner-title-visibility":"","ast-main-header-display":"","ast-hfb-above-header-display":"","ast-hfb-below-header-display":"","ast-hfb-mobile-header-display":"","site-post-title":"","ast-breadcrumbs-content":"","ast-featured-img":"","footer-sml-layout":"","ast-disable-related-posts":"","theme-transparent-header-meta":"default","adv-header-id-meta":"","stick-header-meta":"","header-above-stick-meta":"","header-main-stick-meta":"","header-below-stick-meta":"","astra-migrate-meta-layouts":"set","ast-page-background-enabled":"default","ast-page-background-meta":{"desktop":{"background-color":"var(--ast-global-color-5)","background-image":"","background-repeat":"repeat","background-position":"center center","background-size":"auto","background-attachment":"scroll","background-type":"","background-media":"","overlay-type":"","overlay-color":"","overlay-opacity":"","overlay-gradient":""},"tablet":{"background-color":"","background-image":"","background-repeat":"repeat","background-position":"center center","background-size":"auto","background-attachment":"scroll","background-type":"","background-media":"","overlay-type":"","overlay-color":"","overlay-opacity":"","overlay-gradient":""},"mobile":{"background-color":"","background-image":"","background-repeat":"repeat","background-position":"center center","background-size":"auto","background-attachment":"scroll","background-type":"","background-media":"","overlay-type":"","overlay-color":"","overlay-opacity":"","overlay-gradient":""}},"ast-content-background-meta":{"desktop":{"background-color":"var(--ast-global-color-4)","background-image":"","background-repeat":"repeat","background-position":"center center","background-size":"auto","background-attachment":"scroll","background-type":"","background-media":"","overlay-type":"","overlay-color":"","overlay-opacity":"","overlay-gradient":""},"tablet":{"background-color":"var(--ast-global-color-4)","background-image":"","background-repeat":"repeat","background-position":"center center","background-size":"auto","background-attachment":"scroll","background-type":"","background-media":"","overlay-type":"","overlay-color":"","overlay-opacity":"","overlay-gradient":""},"mobile":{"background-color":"var(--ast-global-color-4)","background-image":"","background-repeat":"repeat","background-position":"center center","background-size":"auto","background-attachment":"scroll","background-type":"","background-media":"","overlay-type":"","overlay-color":"","overlay-opacity":"","overlay-gradient":""}}},"product_brand":[],"product_cat":[31],"product_tag":[],"class_list":{"0":"post-835","1":"product","2":"type-product","3":"status-publish","4":"has-post-thumbnail","6":"product_cat-camions-plateaux","7":"desktop-align-left","8":"tablet-align-left","9":"mobile-align-left","11":"first","12":"instock","13":"sale","14":"shipping-taxable","15":"purchasable","16":"product-type-simple"},"aioseo_notices":[],"_links":{"self":[{"href":"https:\/\/sc-materiels.com\/de\/wp-json\/wp\/v2\/product\/835","targetHints":{"allow":["GET"]}}],"collection":[{"href":"https:\/\/sc-materiels.com\/de\/wp-json\/wp\/v2\/product"}],"about":[{"href":"https:\/\/sc-materiels.com\/de\/wp-json\/wp\/v2\/types\/product"}],"wp:featuredmedia":[{"embeddable":true,"href":"https:\/\/sc-materiels.com\/de\/wp-json\/wp\/v2\/media\/836"}],"wp:attachment":[{"href":"https:\/\/sc-materiels.com\/de\/wp-json\/wp\/v2\/media?parent=835"}],"wp:term":[{"taxonomy":"product_brand","embeddable":true,"href":"https:\/\/sc-materiels.com\/de\/wp-json\/wp\/v2\/product_brand?post=835"},{"taxonomy":"product_cat","embeddable":true,"href":"https:\/\/sc-materiels.com\/de\/wp-json\/wp\/v2\/product_cat?post=835"},{"taxonomy":"product_tag","embeddable":true,"href":"https:\/\/sc-materiels.com\/de\/wp-json\/wp\/v2\/product_tag?post=835"}],"curies":[{"name":"wp","href":"https:\/\/api.w.org\/{rel}","templated":true}]}}