{"id":844,"date":"2025-05-25T11:28:33","date_gmt":"2025-05-25T11:28:33","guid":{"rendered":"https:\/\/sc-materiels.com\/?post_type=product&#038;p=844"},"modified":"2025-06-05T12:06:08","modified_gmt":"2025-06-05T12:06:08","slug":"renault-premium-lander-370dxi","status":"publish","type":"product","link":"https:\/\/sc-materiels.com\/de\/produkt\/renault-premium-lander-370dxi\/","title":{"rendered":"Renault PREMIUM LANDER 370DXI"},"content":{"rendered":"<div class=\"undefined key-value-wrapper\">\n<div class=\"key-value-value\"><span style=\"font-size: 16px;\">Ce camion ampli roll de la marque Renault est le mod\u00e8le PREMIUM LANDER 370DXI de 2010.<\/span><\/div>\n<div class=\"key-value-value\"><span style=\"font-size: 16px;\">Longueur : 7 M 81<\/span><\/div>\n<div class=\"key-value-value\"><span style=\"font-size: 16px;\">Largeur : 2 M 55 <\/span><\/div>\n<div class=\"key-value-value\"><span style=\"font-size: 16px;\">Hauteur : 2 M 95 <\/span><\/div>\n<div class=\"key-value-value\"><span style=\"font-size: 16px;\">Poids \u00e0 vide : 11.430 kg<\/span><\/div>\n<div class=\"key-value-value\"><span style=\"font-size: 16px;\">Taille pneus : 385\/65 R22.5 <\/span><\/div>\n<div class=\"key-value-value\"><span style=\"font-size: 16px;\">PTAC : 26.120 kg <\/span><\/div>\n<div class=\"key-value-value\"><span style=\"font-size: 16px;\">PTRA : 40.120 kg. <\/span><\/div>\n<div class=\"key-value-value\"><span style=\"font-size: 16px;\">Boite m\u00e9canique <\/span><\/div>\n<div class=\"key-value-value\"><span style=\"font-size: 16px;\">Crochet d&rsquo;attelage MG <\/span><\/div>\n<div class=\"key-value-value\"><span style=\"font-size: 16px;\">Equipement ampli roll Guima Palfinger <\/span><\/div>\n<div class=\"key-value-value\"><span style=\"font-size: 16px;\">Suspensions \u00e0 lame 530.559 km<\/span><\/div>\n<\/div>","protected":false},"excerpt":{"rendered":"<div class=\"undefined key-value-wrapper\">\n<div class=\"key-value-label\">Cat\u00e9gorie : Chariots \u00e0 c\u00e2ble d\u00e9montable<\/div>\n<\/div>\n<div class=\"undefined key-value-wrapper\">\n<div class=\"key-value-label\">Marque \/ Mod\u00e8le : Renault PREMIUM LANDER 370DXI<\/div>\n<\/div>\n<div class=\"undefined key-value-wrapper\">\n<div class=\"key-value-label\">Ann\u00e9e d&rsquo;immatriculation : 2010<\/div>\n<\/div>\n<div class=\"undefined key-value-wrapper\">\n<div class=\"key-value-label\">Relev\u00e9 Km \/ heures : 530\u202f559 km<\/div>\n<\/div>\n<div><\/div>\n<p><strong>Verf\u00fcgbar<\/strong><br \/>\nNichts vorherzusagen<br \/>\nMaschine betriebsbereit<br \/>\nR\u00e9f\u00e9rence SC Mat\u00e9riels : RPLAN370DXI<\/p>","protected":false},"featured_media":845,"template":"","meta":{"inline_featured_image":false,"site-sidebar-layout":"default","site-content-layout":"","ast-site-content-layout":"default","site-content-style":"default","site-sidebar-style":"default","ast-global-header-display":"","ast-banner-title-visibility":"","ast-main-header-display":"","ast-hfb-above-header-display":"","ast-hfb-below-header-display":"","ast-hfb-mobile-header-display":"","site-post-title":"","ast-breadcrumbs-content":"","ast-featured-img":"","footer-sml-layout":"","ast-disable-related-posts":"","theme-transparent-header-meta":"default","adv-header-id-meta":"","stick-header-meta":"","header-above-stick-meta":"","header-main-stick-meta":"","header-below-stick-meta":"","astra-migrate-meta-layouts":"set","ast-page-background-enabled":"default","ast-page-background-meta":{"desktop":{"background-color":"var(--ast-global-color-5)","background-image":"","background-repeat":"repeat","background-position":"center center","background-size":"auto","background-attachment":"scroll","background-type":"","background-media":"","overlay-type":"","overlay-color":"","overlay-opacity":"","overlay-gradient":""},"tablet":{"background-color":"","background-image":"","background-repeat":"repeat","background-position":"center center","background-size":"auto","background-attachment":"scroll","background-type":"","background-media":"","overlay-type":"","overlay-color":"","overlay-opacity":"","overlay-gradient":""},"mobile":{"background-color":"","background-image":"","background-repeat":"repeat","background-position":"center center","background-size":"auto","background-attachment":"scroll","background-type":"","background-media":"","overlay-type":"","overlay-color":"","overlay-opacity":"","overlay-gradient":""}},"ast-content-background-meta":{"desktop":{"background-color":"var(--ast-global-color-4)","background-image":"","background-repeat":"repeat","background-position":"center center","background-size":"auto","background-attachment":"scroll","background-type":"","background-media":"","overlay-type":"","overlay-color":"","overlay-opacity":"","overlay-gradient":""},"tablet":{"background-color":"var(--ast-global-color-4)","background-image":"","background-repeat":"repeat","background-position":"center center","background-size":"auto","background-attachment":"scroll","background-type":"","background-media":"","overlay-type":"","overlay-color":"","overlay-opacity":"","overlay-gradient":""},"mobile":{"background-color":"var(--ast-global-color-4)","background-image":"","background-repeat":"repeat","background-position":"center center","background-size":"auto","background-attachment":"scroll","background-type":"","background-media":"","overlay-type":"","overlay-color":"","overlay-opacity":"","overlay-gradient":""}}},"product_brand":[],"product_cat":[31],"product_tag":[],"class_list":{"0":"post-844","1":"product","2":"type-product","3":"status-publish","4":"has-post-thumbnail","6":"product_cat-camions-plateaux","7":"desktop-align-left","8":"tablet-align-left","9":"mobile-align-left","11":"first","12":"instock","13":"sale","14":"shipping-taxable","15":"purchasable","16":"product-type-simple"},"aioseo_notices":[],"_links":{"self":[{"href":"https:\/\/sc-materiels.com\/de\/wp-json\/wp\/v2\/product\/844","targetHints":{"allow":["GET"]}}],"collection":[{"href":"https:\/\/sc-materiels.com\/de\/wp-json\/wp\/v2\/product"}],"about":[{"href":"https:\/\/sc-materiels.com\/de\/wp-json\/wp\/v2\/types\/product"}],"wp:featuredmedia":[{"embeddable":true,"href":"https:\/\/sc-materiels.com\/de\/wp-json\/wp\/v2\/media\/845"}],"wp:attachment":[{"href":"https:\/\/sc-materiels.com\/de\/wp-json\/wp\/v2\/media?parent=844"}],"wp:term":[{"taxonomy":"product_brand","embeddable":true,"href":"https:\/\/sc-materiels.com\/de\/wp-json\/wp\/v2\/product_brand?post=844"},{"taxonomy":"product_cat","embeddable":true,"href":"https:\/\/sc-materiels.com\/de\/wp-json\/wp\/v2\/product_cat?post=844"},{"taxonomy":"product_tag","embeddable":true,"href":"https:\/\/sc-materiels.com\/de\/wp-json\/wp\/v2\/product_tag?post=844"}],"curies":[{"name":"wp","href":"https:\/\/api.w.org\/{rel}","templated":true}]}}