{"id":999,"date":"2025-05-26T14:31:35","date_gmt":"2025-05-26T14:31:35","guid":{"rendered":"https:\/\/sc-materiels.com\/?post_type=product&#038;p=999"},"modified":"2025-06-05T12:02:49","modified_gmt":"2025-06-05T12:02:49","slug":"camion-mercedes-benz-antos","status":"publish","type":"product","link":"https:\/\/sc-materiels.com\/de\/produkt\/camion-mercedes-benz-antos\/","title":{"rendered":"Mercedes-Benz Antos LKW"},"content":{"rendered":"<p>Poids<br \/>\n27 000 kg<br \/>\nConfiguration des essieux : 6&#215;2<br \/>\n\u00e9l\u00e9vateur d&rsquo;essieu<br \/>\nMarque du corps : Laxo<br \/>\nFrein suppl\u00e9mentaire : Ralentisseur<br \/>\nContr\u00f4le de l&rsquo;UE<\/p>\n<p>Suspension avant : Parabolique<br \/>\nSuspension arri\u00e8re : pneumatique<br \/>\nBo\u00eete de vitesses : Automatique<br \/>\nLumi\u00e8re auxiliaire<br \/>\nR\u00e9frig\u00e9rateur<br \/>\nCarrosserie Laxo<br \/>\nDouble ascenseur<br \/>\nTransmission automatique<br \/>\n6&#215;2 roues motrices<br \/>\nRelevage sur essieu 3<br \/>\nRalentisseur<br \/>\nParabole + Suspension pneumatique avant\/arri\u00e8re<br \/>\nBon avec une lumi\u00e8re suppl\u00e9mentaire<\/p>\n<p><strong>Dimensions et poids<\/strong><\/p>\n<p>Classe Euro : 6<br \/>\nPoids total autoris\u00e9 : 27 000 kg<br \/>\nEmpattement en cm (1-2) : 430<br \/>\nEmpattement en cm (2-3) : 135<br \/>\nCharge maximale par essieu essieu 1 : 8 000 kg<br \/>\nCharge maximale par essieu essieu 2 : 11 500 kg<br \/>\nCharge maximale par essieu essieu 3 : 7 500 kg<br \/>\nType de carburant : Diesel<br \/>\nPoids brut (kg) : 12675<br \/>\nCharge utile maximale : 14 325 kg<br \/>\nPoids net : 12 600 kg<br \/>\nRelevage sur essieu n\u00b0 : 3<\/p>","protected":false},"excerpt":{"rendered":"<p>Le camion-benne \u00e9l\u00e9vateur Mercedes-Benz Antos est pr\u00eat \u00e0 \u00eatre livr\u00e9<br \/>\nAnn\u00e9e du mod\u00e8le<br \/>\n2017<\/p>\n<p>Kilom\u00e9trage<br \/>\n372 068 km<\/p>\n<p>&nbsp;<\/p>\n<p>Verf\u00fcgbar<br \/>\nNichts vorherzusagen<br \/>\nMaschine betriebsbereit<br \/>\n<strong>R\u00e9f\u00e9rence SC Mat\u00e9riels : CMBANTOS<\/strong><\/p>","protected":false},"featured_media":1000,"template":"","meta":{"inline_featured_image":false,"site-sidebar-layout":"default","site-content-layout":"","ast-site-content-layout":"default","site-content-style":"default","site-sidebar-style":"default","ast-global-header-display":"","ast-banner-title-visibility":"","ast-main-header-display":"","ast-hfb-above-header-display":"","ast-hfb-below-header-display":"","ast-hfb-mobile-header-display":"","site-post-title":"","ast-breadcrumbs-content":"","ast-featured-img":"","footer-sml-layout":"","ast-disable-related-posts":"","theme-transparent-header-meta":"default","adv-header-id-meta":"","stick-header-meta":"","header-above-stick-meta":"","header-main-stick-meta":"","header-below-stick-meta":"","astra-migrate-meta-layouts":"set","ast-page-background-enabled":"default","ast-page-background-meta":{"desktop":{"background-color":"var(--ast-global-color-5)","background-image":"","background-repeat":"repeat","background-position":"center center","background-size":"auto","background-attachment":"scroll","background-type":"","background-media":"","overlay-type":"","overlay-color":"","overlay-opacity":"","overlay-gradient":""},"tablet":{"background-color":"","background-image":"","background-repeat":"repeat","background-position":"center center","background-size":"auto","background-attachment":"scroll","background-type":"","background-media":"","overlay-type":"","overlay-color":"","overlay-opacity":"","overlay-gradient":""},"mobile":{"background-color":"","background-image":"","background-repeat":"repeat","background-position":"center center","background-size":"auto","background-attachment":"scroll","background-type":"","background-media":"","overlay-type":"","overlay-color":"","overlay-opacity":"","overlay-gradient":""}},"ast-content-background-meta":{"desktop":{"background-color":"var(--ast-global-color-4)","background-image":"","background-repeat":"repeat","background-position":"center center","background-size":"auto","background-attachment":"scroll","background-type":"","background-media":"","overlay-type":"","overlay-color":"","overlay-opacity":"","overlay-gradient":""},"tablet":{"background-color":"var(--ast-global-color-4)","background-image":"","background-repeat":"repeat","background-position":"center center","background-size":"auto","background-attachment":"scroll","background-type":"","background-media":"","overlay-type":"","overlay-color":"","overlay-opacity":"","overlay-gradient":""},"mobile":{"background-color":"var(--ast-global-color-4)","background-image":"","background-repeat":"repeat","background-position":"center center","background-size":"auto","background-attachment":"scroll","background-type":"","background-media":"","overlay-type":"","overlay-color":"","overlay-opacity":"","overlay-gradient":""}}},"product_brand":[],"product_cat":[31],"product_tag":[],"class_list":{"0":"post-999","1":"product","2":"type-product","3":"status-publish","4":"has-post-thumbnail","6":"product_cat-camions-plateaux","7":"desktop-align-left","8":"tablet-align-left","9":"mobile-align-left","11":"first","12":"instock","13":"sale","14":"shipping-taxable","15":"purchasable","16":"product-type-simple"},"aioseo_notices":[],"_links":{"self":[{"href":"https:\/\/sc-materiels.com\/de\/wp-json\/wp\/v2\/product\/999","targetHints":{"allow":["GET"]}}],"collection":[{"href":"https:\/\/sc-materiels.com\/de\/wp-json\/wp\/v2\/product"}],"about":[{"href":"https:\/\/sc-materiels.com\/de\/wp-json\/wp\/v2\/types\/product"}],"wp:featuredmedia":[{"embeddable":true,"href":"https:\/\/sc-materiels.com\/de\/wp-json\/wp\/v2\/media\/1000"}],"wp:attachment":[{"href":"https:\/\/sc-materiels.com\/de\/wp-json\/wp\/v2\/media?parent=999"}],"wp:term":[{"taxonomy":"product_brand","embeddable":true,"href":"https:\/\/sc-materiels.com\/de\/wp-json\/wp\/v2\/product_brand?post=999"},{"taxonomy":"product_cat","embeddable":true,"href":"https:\/\/sc-materiels.com\/de\/wp-json\/wp\/v2\/product_cat?post=999"},{"taxonomy":"product_tag","embeddable":true,"href":"https:\/\/sc-materiels.com\/de\/wp-json\/wp\/v2\/product_tag?post=999"}],"curies":[{"name":"wp","href":"https:\/\/api.w.org\/{rel}","templated":true}]}}